{"id":749306,"date":"2025-08-28T03:52:53","date_gmt":"2025-08-28T00:52:53","guid":{"rendered":"https:\/\/roveyayinevi.com.tr\/index.php\/urun\/cizgibilm\/"},"modified":"2026-04-16T03:03:00","modified_gmt":"2026-04-16T00:03:00","slug":"cizgibilm","status":"publish","type":"product","link":"https:\/\/roveyayinevi.com.tr\/index.php\/urun\/cizgibilm\/","title":{"rendered":"\u00c7izgibilm"},"content":{"rendered":"<p>Yanl\u0131\u015f m\u0131 yaz\u0131lm\u0131\u015f? \u201cYazar \u00e7izgi bilim veya \u00e7izgi film demek istedi herhalde\u201d diye d\u00fc\u015f\u00fcn\u00fcyorsan\u0131z hemen s\u00f6yleyeyim hay\u0131r do\u011fru okudunuz. \u00c7\u0130ZG\u0130B\u0130LM Bu kitapta \u201cDikkat mangalar, animeler \u015fiddet ve cinsellik dolu, asla evinize sokmay\u0131n\u201d gibi endi\u015fe verici veya \u201cAman can\u0131m alt\u0131 \u00fcst\u00fc \u00e7izgi karakter bunlar, en fazla ne olabilir ki\u201d gibi ba\u015ftan sav\u0131c\u0131 yarg\u0131lar g\u00f6rmeyeceksiniz. Sadece \u00e7izgilerin d\u00fcnyas\u0131na girip onlar\u0131 yak\u0131ndan tan\u0131yaca\u011f\u0131z. Bir fizyolog olmam\u0131n da etkisiyle altta yatan fizyolojik mekanizmalardan g\u00f6rme, i\u015fitme ve \u00f6\u011frenmenin bilimine g\u00f6z ataca\u011f\u0131z.   Elma Yay\u0131nevi, \u00e7izginin bilime dokundu\u011fu, bilimin \u00e7izgiye d\u00f6k\u00fcld\u00fc\u011f\u00fc \u00c7izgibilm ile bulu\u015fuyor okurlar\u0131yla\u2026 <\/p>\n","protected":false},"excerpt":{"rendered":"<p>Yanl\u0131\u015f m\u0131 yaz\u0131lm\u0131\u015f? \u201cYazar \u00e7izgi bilim veya \u00e7izgi film demek istedi herhalde\u201d diye d\u00fc\u015f\u00fcn\u00fcyorsan\u0131z hemen s\u00f6yleyeyim hay\u0131r do\u011fru okudunuz. \u00c7\u0130ZG\u0130B\u0130LM Bu kitapta \u201cDikkat mangalar, animeler \u015fiddet<span class=\"excerpt-hellip\"> [\u2026]<\/span><\/p>\n","protected":false},"featured_media":0,"template":"","meta":{"_monsterinsights_skip_tracking":false,"_monsterinsights_sitenote_active":false,"_monsterinsights_sitenote_note":"","_monsterinsights_sitenote_category":0},"product_brand":[],"product_cat":[13005,13006],"product_tag":[],"class_list":{"0":"post-749306","1":"product","2":"type-product","3":"status-publish","5":"product_cat-bilim-muhendislik","6":"product_cat-populer-bilim","7":"pa_cilt-ciltsiz","8":"pa_tur-kitap","9":"pa_yayinevi-ortapia","10":"pa_yazar-asli-san-dagli-gul","12":"first","13":"instock","14":"sale","15":"shipping-taxable","16":"purchasable","17":"product-type-simple"},"_links":{"self":[{"href":"https:\/\/roveyayinevi.com.tr\/index.php\/wp-json\/wp\/v2\/product\/749306","targetHints":{"allow":["GET"]}}],"collection":[{"href":"https:\/\/roveyayinevi.com.tr\/index.php\/wp-json\/wp\/v2\/product"}],"about":[{"href":"https:\/\/roveyayinevi.com.tr\/index.php\/wp-json\/wp\/v2\/types\/product"}],"wp:attachment":[{"href":"https:\/\/roveyayinevi.com.tr\/index.php\/wp-json\/wp\/v2\/media?parent=749306"}],"wp:term":[{"taxonomy":"product_brand","embeddable":true,"href":"https:\/\/roveyayinevi.com.tr\/index.php\/wp-json\/wp\/v2\/product_brand?post=749306"},{"taxonomy":"product_cat","embeddable":true,"href":"https:\/\/roveyayinevi.com.tr\/index.php\/wp-json\/wp\/v2\/product_cat?post=749306"},{"taxonomy":"product_tag","embeddable":true,"href":"https:\/\/roveyayinevi.com.tr\/index.php\/wp-json\/wp\/v2\/product_tag?post=749306"}],"curies":[{"name":"wp","href":"https:\/\/api.w.org\/{rel}","templated":true}]}}