{"id":749305,"date":"2025-08-28T03:52:51","date_gmt":"2025-08-28T00:52:51","guid":{"rendered":"https:\/\/roveyayinevi.com.tr\/index.php\/urun\/kuranin-evrenselligi-ve-kuran-sembollerinin-dili-2\/"},"modified":"2026-04-14T03:08:19","modified_gmt":"2026-04-14T00:08:19","slug":"kuranin-evrenselligi-ve-kuran-sembollerinin-dili-2","status":"publish","type":"product","link":"https:\/\/roveyayinevi.com.tr\/index.php\/urun\/kuranin-evrenselligi-ve-kuran-sembollerinin-dili-2\/","title":{"rendered":"Kur&#8217;an&#8217;\u0131n Evrenselli\u011fi ve Kur&#8217;an Sembollerinin Dili 2"},"content":{"rendered":"<p>Hadis\u00e7iler hari\u00e7 ba\u015fta Kelamc\u0131lar ve Usulc\u00fcler olmak \u00fczere b\u00fct\u00fcn \u0130slam alimleri, her \u015feyin Kur\u2019an\u2019da var oldu\u011funu ve ihtiya\u00e7 \u00fczere bilimlerin geli\u015fmesiyle beraber o gizli bilgilerin ortaya \u00e7\u0131kt\u0131\u011f\u0131n\u0131 kabul ediyorlar. Bedi\u00fczzaman\u2019\u0131n tabiri ile zaman geli\u015ftik\u00e7e Kur\u2019an gen\u00e7le\u015fiyor, diyorlar. Diyeceksiniz: Bedi\u00fczzaman, bu zaman\u0131n \u00f6nemli bir alimidir, neden senin analiz etti\u011fin bu manalar\u0131 o g\u00f6remedi? Ben de derim ki: Onun zaman\u0131nda bug\u00fcnk\u00fc halleriyle Astronomi, Fizik, Yaz\u0131l\u0131m hakikati ve ger\u00e7ek bir yaz\u0131l\u0131m olan DNA ile beyin, \u00f6zellikle Allah\u2019\u0131n \u00f6zel y\u00f6netmesi demek olan ve Kur\u2019an\u2019da emir diye ge\u00e7en tektonik tabakalar\u0131n \u00e7arp\u0131\u015fmas\u0131 sonucu ger\u00e7ekle\u015fen depremlerin bilimsel y\u00f6n\u00fc bilinmiyordu. Onun i\u00e7in o g\u00f6remedi. Yoksa Bedi\u00fczzaman, \u0130bn Sina ve Fahreddin-i Razi gibiler benden y\u00fcz kat daha zekidirler. Evet Kur\u2019an\u2019\u0131n \u00f6nemli tefsircileri olan usul ulemas\u0131, ayetlerin ba\u011flam\u0131ndan ziyade kelime se\u00e7imleri \u00fczerinde daha \u00e7ok durmu\u015flar. Kur\u2019an\u2019\u0131n anla\u015f\u0131lmas\u0131n\u0131n en birinci kayna\u011f\u0131 olan ayetler ve c\u00fcmleler aras\u0131 ba\u011flamlar\u0131 hi\u00e7 dikkate almam\u0131\u015flard\u0131r. Ayr\u0131ca Ontolojik konular\u0131 tamamen ihmal edip sadece ahkam noktalar\u0131na bakm\u0131\u015flard\u0131r. Halbuki nazm-\u0131 maani dedi\u011fimiz ayet ve c\u00fcmlelerin ba\u011flam\u0131n\u0131, edebiyat ve bilimi esas alan Zemah\u015feri, Fahreddin-i Razi ve Bedi\u00fczzaman Said Nursi, o bilimler ve ba\u011flamlardan k\u00fclliyatlar \u00e7\u0131kard\u0131lar. Bedi\u00fczzaman az \u00f6nce de\u011findi\u011fimiz bilim tarihi ve evrim ger\u00e7e\u011fi hakk\u0131nda ta 1911\u2019de \u015f\u00f6yle yazm\u0131\u015ft\u0131r: \u201cGe\u00e7mi\u015f zamanda teorik (nazari) olan bir \u015fey gelecek zamanda bedihi (apa\u00e7\u0131k) olabilir. \u015e\u00f6yle: Ger\u00e7ekten biliniyor ki: K\u00e2inatta geli\u015fme meyli var. O meyil ve e\u011filim ile alemde evrim kanunu var. \u0130nsan ise alemin meyvesi ve bir par\u00e7as\u0131 oldu\u011fundan onda dahi o geli\u015fme e\u011filiminden bir kalk\u0131nma meyli vard\u0131r. Bu geli\u015fme meyli ise b\u00fct\u00fcn d\u00fc\u015f\u00fcnceler ve bilimlerden beslenerek geli\u015fir. D\u00fc\u015f\u00fcnce ve bilimler ise, altyap\u0131n\u0131n geli\u015fmesiyle orant\u0131l\u0131 olarak geli\u015firler. Evet bilimler varl\u0131\u011f\u0131n s\u0131rt\u0131nda sakl\u0131 olan teknoloji tohumlar\u0131n\u0131 a\u015f\u0131layabilece\u011fi bir zemine d\u00f6ker. O tohumlar ise tedrici deneylerle b\u00fcy\u00fcr ve geli\u015fir\u2026\u2026 Dolay\u0131s\u0131yla bug\u00fcn\u00fcn bir ilkokul \u00e7ocu\u011fu, \u0130bn Sina\u2019dan daha \u00e7ok bilgiye sahip olabiliyor.\u201d (Muhakemat, 2. Mukaddime) <\/p>\n","protected":false},"excerpt":{"rendered":"<p>Hadis\u00e7iler hari\u00e7 ba\u015fta Kelamc\u0131lar ve Usulc\u00fcler olmak \u00fczere b\u00fct\u00fcn \u0130slam alimleri, her \u015feyin Kur\u2019an\u2019da var oldu\u011funu ve ihtiya\u00e7 \u00fczere bilimlerin geli\u015fmesiyle beraber o gizli bilgilerin ortaya<span class=\"excerpt-hellip\"> [\u2026]<\/span><\/p>\n","protected":false},"featured_media":0,"template":"","meta":{"_monsterinsights_skip_tracking":false,"_monsterinsights_sitenote_active":false,"_monsterinsights_sitenote_note":"","_monsterinsights_sitenote_category":0},"product_brand":[],"product_cat":[12777,12291],"product_tag":[],"class_list":{"0":"post-749305","1":"product","2":"type-product","3":"status-publish","5":"product_cat-deneme","6":"product_cat-edebiyat","7":"pa_cilt-ciltsiz","8":"pa_tur-kitap","9":"pa_yayinevi-gulnar-yayinlari","10":"pa_yazar-bahaeddin-saglam","12":"first","13":"instock","14":"sale","15":"shipping-taxable","16":"purchasable","17":"product-type-simple"},"_links":{"self":[{"href":"https:\/\/roveyayinevi.com.tr\/index.php\/wp-json\/wp\/v2\/product\/749305","targetHints":{"allow":["GET"]}}],"collection":[{"href":"https:\/\/roveyayinevi.com.tr\/index.php\/wp-json\/wp\/v2\/product"}],"about":[{"href":"https:\/\/roveyayinevi.com.tr\/index.php\/wp-json\/wp\/v2\/types\/product"}],"wp:attachment":[{"href":"https:\/\/roveyayinevi.com.tr\/index.php\/wp-json\/wp\/v2\/media?parent=749305"}],"wp:term":[{"taxonomy":"product_brand","embeddable":true,"href":"https:\/\/roveyayinevi.com.tr\/index.php\/wp-json\/wp\/v2\/product_brand?post=749305"},{"taxonomy":"product_cat","embeddable":true,"href":"https:\/\/roveyayinevi.com.tr\/index.php\/wp-json\/wp\/v2\/product_cat?post=749305"},{"taxonomy":"product_tag","embeddable":true,"href":"https:\/\/roveyayinevi.com.tr\/index.php\/wp-json\/wp\/v2\/product_tag?post=749305"}],"curies":[{"name":"wp","href":"https:\/\/api.w.org\/{rel}","templated":true}]}}