{"id":749301,"date":"2025-08-28T03:52:45","date_gmt":"2025-08-28T00:52:45","guid":{"rendered":"https:\/\/roveyayinevi.com.tr\/index.php\/urun\/hayatini-yasa-chloe-brown-ciltli\/"},"modified":"2026-04-16T03:03:00","modified_gmt":"2026-04-16T00:03:00","slug":"hayatini-yasa-chloe-brown-ciltli","status":"publish","type":"product","link":"https:\/\/roveyayinevi.com.tr\/index.php\/urun\/hayatini-yasa-chloe-brown-ciltli\/","title":{"rendered":"Hayat\u0131n\u0131 Ya\u015fa, Chloe Brown (Ciltli)"},"content":{"rendered":"<p>Chloe Brown bir yandan kronik hastal\u0131klar\u0131yla m\u00fccadele ederken bir yandan da kendine se\u00e7ti\u011fi bir hedefi, plan\u0131 ve listesi olan bir bilgisayar kurdu. \u00d6l\u00fcmle y\u00fcz y\u00fcze geldi\u011fi bir olaydan sonra dinginleri eline alarak kendine yedi maddelik bir \u201cHayat\u0131n\u0131 Ya\u015fa\u201d listesi yapt\u0131. \u0130lk maddesini tamamlad\u0131 bile; sonunda g\u00f6steri\u015fli aile malik\u00e2nesinden ta\u015f\u0131nd\u0131. S\u0131rada ne mi var? \u2022 Bir gece d\u0131\u015far\u0131da sarho\u015f olup e\u011flen. \u2022 Bir motosiklete bin. \u2022 Kamp yapmaya git. \u2022 Anlams\u0131z ama keyif veren bir ili\u015fki ya\u015fa. \u2022 Sadece el bagaj\u0131yla d\u00fcnyay\u0131 gez. \u2022 Ve\u2026 k\u00f6t\u00fc bir \u015fey yap. Ama size e\u015flik eden bir rehberiniz olsa bile k\u00f6t\u00fc olmak o kadar da kolay de\u011fil. Chloe\u2019nin bir \u00f6\u011fretmene ihtiyac\u0131 var ve bu i\u015f i\u00e7in do\u011fru adam\u0131 tan\u0131yor. Redford Morgan elinden her i\u015f gelen, d\u00f6vmeleri, motosikleti ve bin Hollywood \u00fcnl\u00fcs\u00fcn\u00fcnkine bedel bir cazibesi olan bir adam. Ayr\u0131ca geceleri resim yap\u0131p yetene\u011fini herkesten saklayan bir ressam. Chloe\u2019ye kulak verin. Bazen tek ihtiyac\u0131n\u0131z olan bir listedir. Ge\u00e7mi\u015fin hayaletlerinden kurtulmak, hayat\u0131n\u0131z\u0131 geri kazanmak ve arad\u0131\u011f\u0131n\u0131z a\u015fk\u0131 bulmak i\u00e7in\u2026 \u201cKesinlikle cezbedici.Mizah\u0131n, heyecan\u0131n, samimiyetin ve zekan\u0131n m\u00fckemmel dengesi. Her sayfas\u0131na bay\u0131ld\u0131m!\u201d -Helen Hoang, The Kiss Quotient\u2019in USA TODAY \u00e7ok satan yazar\u0131 <\/p>\n","protected":false},"excerpt":{"rendered":"<p>Chloe Brown bir yandan kronik hastal\u0131klar\u0131yla m\u00fccadele ederken bir yandan da kendine se\u00e7ti\u011fi bir hedefi, plan\u0131 ve listesi olan bir bilgisayar kurdu. \u00d6l\u00fcmle y\u00fcz y\u00fcze geldi\u011fi<span class=\"excerpt-hellip\"> [\u2026]<\/span><\/p>\n","protected":false},"featured_media":0,"template":"","meta":{"_monsterinsights_skip_tracking":false,"_monsterinsights_sitenote_active":false,"_monsterinsights_sitenote_note":"","_monsterinsights_sitenote_category":0},"product_brand":[],"product_cat":[12291,12711],"product_tag":[],"class_list":{"0":"post-749301","1":"product","2":"type-product","3":"status-publish","5":"product_cat-edebiyat","6":"product_cat-roman-oyku","7":"pa_cilt-ciltli","8":"pa_tur-kitap","9":"pa_yayinevi-artemis-yayinlari","10":"pa_yazar-talia-hibbert","12":"first","13":"instock","14":"sale","15":"shipping-taxable","16":"purchasable","17":"product-type-simple"},"_links":{"self":[{"href":"https:\/\/roveyayinevi.com.tr\/index.php\/wp-json\/wp\/v2\/product\/749301","targetHints":{"allow":["GET"]}}],"collection":[{"href":"https:\/\/roveyayinevi.com.tr\/index.php\/wp-json\/wp\/v2\/product"}],"about":[{"href":"https:\/\/roveyayinevi.com.tr\/index.php\/wp-json\/wp\/v2\/types\/product"}],"wp:attachment":[{"href":"https:\/\/roveyayinevi.com.tr\/index.php\/wp-json\/wp\/v2\/media?parent=749301"}],"wp:term":[{"taxonomy":"product_brand","embeddable":true,"href":"https:\/\/roveyayinevi.com.tr\/index.php\/wp-json\/wp\/v2\/product_brand?post=749301"},{"taxonomy":"product_cat","embeddable":true,"href":"https:\/\/roveyayinevi.com.tr\/index.php\/wp-json\/wp\/v2\/product_cat?post=749301"},{"taxonomy":"product_tag","embeddable":true,"href":"https:\/\/roveyayinevi.com.tr\/index.php\/wp-json\/wp\/v2\/product_tag?post=749301"}],"curies":[{"name":"wp","href":"https:\/\/api.w.org\/{rel}","templated":true}]}}