{"id":749300,"date":"2025-08-28T03:52:44","date_gmt":"2025-08-28T00:52:44","guid":{"rendered":"https:\/\/roveyayinevi.com.tr\/index.php\/urun\/cilli-cirpi-6\/"},"modified":"2026-04-16T03:03:00","modified_gmt":"2026-04-16T00:03:00","slug":"cilli-cirpi-6","status":"publish","type":"product","link":"https:\/\/roveyayinevi.com.tr\/index.php\/urun\/cilli-cirpi-6\/","title":{"rendered":"\u00c7illi \u00c7irpi &#8211; 6"},"content":{"rendered":"<p>\u00c7illi \u00c7irpi\u2019nin do\u011fum g\u00fcn\u00fc, o art\u0131k 12 ya\u015f\u0131nda. Fakat bir aksilik var, anne ve babas\u0131 do\u011fum g\u00fcn\u00fcne kat\u0131lamayacak. \u00d6n bacaklar\u0131 olmadan do\u011fan kuzunun h\u00e2li de onu ger\u00e7ekten \u00e7ok \u00fczd\u00fc. Ekrem dede ile \u00e7\u0131kt\u0131klar\u0131 k\u00fc\u00e7\u00fck gezintinin bir faydas\u0131 olur belki. Hayattaki garip s\u0131rlar\u0131 do\u011fay\u0131 g\u00f6zlemleyip ke\u015ffedebilecek mi? Bedestene gidecekler aras\u0131na kat\u0131lmay\u0131 da ihmal etme.   Sahi unutmadan ya\u011fmurlu bir gecenin ard\u0131ndan Cevdet dedenin ine\u011fi Sar\u0131 \u00c7i\u00e7ek, ortadan aniden kayboldu! T\u00fcm k\u00f6y aramaktan vazge\u00e7mi\u015fken \u00c7illi \u00c7irpi ve arkada\u015flar\u0131 buza\u011f\u0131s\u0131 yaln\u0131z kalan ine\u011fin izini s\u00fcrmekte kararl\u0131. Notlar al\u0131nd\u0131, ipu\u00e7lar\u0131 takip edildi; acaba Sar\u0131 \u00c7i\u00e7ek\u2019i bulabilecekler mi?   \u201cHayvan Pusulas\u0131\u201dn\u0131n sayfalar\u0131 \u015fimdi s\u00fcr\u00fcngenler i\u00e7in a\u00e7\u0131l\u0131yor. Seni \u00e7ok \u015fa\u015f\u0131rtacak \u015feyler var. Mesela bukalemunun dili jetten h\u0131zl\u0131 desem ya da iguanan\u0131n kuyru\u011funu kam\u00e7\u0131 olarak kulland\u0131\u011f\u0131n\u0131 s\u00f6ylesem\u2026 Kaplumba\u011fan\u0131n di\u015fleri olmad\u0131\u011f\u0131n\u0131, timsahlar\u0131n renk k\u00f6r\u00fc oldu\u011funu ve daha nice bilgileri \u00c7illi \u00c7irpi ile birlikte \u00f6\u011frenmeye haz\u0131r ol! \u00c7illi \u00c7irpi dedesinin anlatt\u0131\u011f\u0131 hik\u00e2yedeki k\u0131z gibi parlayabilece\u011fine \u015fahit oldu. Eee, hadi parlamaya ba\u015flayal\u0131m!<\/p>\n","protected":false},"excerpt":{"rendered":"<p>\u00c7illi \u00c7irpi\u2019nin do\u011fum g\u00fcn\u00fc, o art\u0131k 12 ya\u015f\u0131nda. Fakat bir aksilik var, anne ve babas\u0131 do\u011fum g\u00fcn\u00fcne kat\u0131lamayacak. \u00d6n bacaklar\u0131 olmadan do\u011fan kuzunun h\u00e2li de onu<span class=\"excerpt-hellip\"> [\u2026]<\/span><\/p>\n","protected":false},"featured_media":0,"template":"","meta":{"_monsterinsights_skip_tracking":false,"_monsterinsights_sitenote_active":false,"_monsterinsights_sitenote_note":"","_monsterinsights_sitenote_category":0},"product_brand":[],"product_cat":[12274,12284],"product_tag":[],"class_list":{"0":"post-749300","1":"product","2":"type-product","3":"status-publish","5":"product_cat-cocuk-ve-genclik-kitaplari","6":"product_cat-hikayeler","7":"pa_cilt-ciltsiz","8":"pa_tur-kitap","9":"pa_yayinevi-otuken-nesriyat","10":"pa_yazar-kudret-ayse-yilmaz","12":"first","13":"instock","14":"sale","15":"shipping-taxable","16":"purchasable","17":"product-type-simple"},"_links":{"self":[{"href":"https:\/\/roveyayinevi.com.tr\/index.php\/wp-json\/wp\/v2\/product\/749300","targetHints":{"allow":["GET"]}}],"collection":[{"href":"https:\/\/roveyayinevi.com.tr\/index.php\/wp-json\/wp\/v2\/product"}],"about":[{"href":"https:\/\/roveyayinevi.com.tr\/index.php\/wp-json\/wp\/v2\/types\/product"}],"wp:attachment":[{"href":"https:\/\/roveyayinevi.com.tr\/index.php\/wp-json\/wp\/v2\/media?parent=749300"}],"wp:term":[{"taxonomy":"product_brand","embeddable":true,"href":"https:\/\/roveyayinevi.com.tr\/index.php\/wp-json\/wp\/v2\/product_brand?post=749300"},{"taxonomy":"product_cat","embeddable":true,"href":"https:\/\/roveyayinevi.com.tr\/index.php\/wp-json\/wp\/v2\/product_cat?post=749300"},{"taxonomy":"product_tag","embeddable":true,"href":"https:\/\/roveyayinevi.com.tr\/index.php\/wp-json\/wp\/v2\/product_tag?post=749300"}],"curies":[{"name":"wp","href":"https:\/\/api.w.org\/{rel}","templated":true}]}}