{"id":749297,"date":"2025-08-28T03:52:40","date_gmt":"2025-08-28T00:52:40","guid":{"rendered":"https:\/\/roveyayinevi.com.tr\/index.php\/urun\/barbie-mermaid-power-cikartmali-boyama-kitabi\/"},"modified":"2025-09-13T19:28:06","modified_gmt":"2025-09-13T16:28:06","slug":"barbie-mermaid-power-cikartmali-boyama-kitabi","status":"publish","type":"product","link":"https:\/\/roveyayinevi.com.tr\/index.php\/urun\/barbie-mermaid-power-cikartmali-boyama-kitabi\/","title":{"rendered":"Barbie Mermaid Power \u00c7\u0131kartmal\u0131 Boyama Kitab\u0131"},"content":{"rendered":"<p>Bu \u00e7\u0131kartmal\u0131 boyama kitab\u0131yla Barbie ve g\u00fczel deniz k\u0131zlar\u0131yla e\u011flenceye dal\u0131\u015f yapmaya haz\u0131r m\u0131s\u0131n? Haydi, en sevdi\u011fin boya kalemlerini al ve su alt\u0131 d\u00fcnyas\u0131n\u0131 ne\u015feli renklere boya. Ve \u00e7\u0131kartmalar\u0131 do\u011fru yerlerine yap\u0131\u015ft\u0131rmay\u0131 unutma! <\/p>\n","protected":false},"excerpt":{"rendered":"<p>Bu \u00e7\u0131kartmal\u0131 boyama kitab\u0131yla Barbie ve g\u00fczel deniz k\u0131zlar\u0131yla e\u011flenceye dal\u0131\u015f yapmaya haz\u0131r m\u0131s\u0131n? Haydi, en sevdi\u011fin boya kalemlerini al ve su alt\u0131 d\u00fcnyas\u0131n\u0131 ne\u015feli renklere<span class=\"excerpt-hellip\"> [\u2026]<\/span><\/p>\n","protected":false},"featured_media":0,"template":"","meta":{"_monsterinsights_skip_tracking":false,"_monsterinsights_sitenote_active":false,"_monsterinsights_sitenote_note":"","_monsterinsights_sitenote_category":0},"product_brand":[],"product_cat":[12644,12274],"product_tag":[],"class_list":{"0":"post-749297","1":"product","2":"type-product","3":"status-publish","5":"product_cat-boyama-kitaplari","6":"product_cat-cocuk-ve-genclik-kitaplari","7":"pa_cilt-ciltsiz","8":"pa_tur-kitap","9":"pa_yayinevi-dogan-cocuk","10":"pa_yazar-kolektif","12":"first","13":"instock","14":"sale","15":"shipping-taxable","16":"purchasable","17":"product-type-simple"},"_links":{"self":[{"href":"https:\/\/roveyayinevi.com.tr\/index.php\/wp-json\/wp\/v2\/product\/749297","targetHints":{"allow":["GET"]}}],"collection":[{"href":"https:\/\/roveyayinevi.com.tr\/index.php\/wp-json\/wp\/v2\/product"}],"about":[{"href":"https:\/\/roveyayinevi.com.tr\/index.php\/wp-json\/wp\/v2\/types\/product"}],"wp:attachment":[{"href":"https:\/\/roveyayinevi.com.tr\/index.php\/wp-json\/wp\/v2\/media?parent=749297"}],"wp:term":[{"taxonomy":"product_brand","embeddable":true,"href":"https:\/\/roveyayinevi.com.tr\/index.php\/wp-json\/wp\/v2\/product_brand?post=749297"},{"taxonomy":"product_cat","embeddable":true,"href":"https:\/\/roveyayinevi.com.tr\/index.php\/wp-json\/wp\/v2\/product_cat?post=749297"},{"taxonomy":"product_tag","embeddable":true,"href":"https:\/\/roveyayinevi.com.tr\/index.php\/wp-json\/wp\/v2\/product_tag?post=749297"}],"curies":[{"name":"wp","href":"https:\/\/api.w.org\/{rel}","templated":true}]}}