{"id":749294,"date":"2025-08-28T03:52:35","date_gmt":"2025-08-28T00:52:35","guid":{"rendered":"https:\/\/roveyayinevi.com.tr\/index.php\/urun\/bizim-zara\/"},"modified":"2026-04-16T03:01:49","modified_gmt":"2026-04-16T00:01:49","slug":"bizim-zara","status":"publish","type":"product","link":"https:\/\/roveyayinevi.com.tr\/index.php\/urun\/bizim-zara\/","title":{"rendered":"Bizim Zara"},"content":{"rendered":"<p>Zara\u2019da tabii ki biz de bu Varl\u0131k Vergisi kervan\u0131na d\u00e2hil edilmi\u015ftik. Bir kuru\u015flar\u0131n ve on paralar\u0131n i\u015f g\u00f6rd\u00fc\u011f\u00fc 1942 y\u0131l\u0131nda 500 lira vergi yaz\u0131lm\u0131\u015ft\u0131 bize de.   Hi\u00e7 unutmam, koyun ve ke\u00e7ilerin do\u011fum yapmas\u0131na bir ay kala, yani mart ay\u0131n\u0131n ortalar\u0131nda, paralar\u0131 vergiye yetmeyen b\u00fcy\u00fcklerimiz hayvanlar\u0131 sat\u0131\u015fa \u00e7\u0131kard\u0131lar. Kasaplar geldi, en tavl\u0131 ke\u00e7ileri tanesi iki bu\u00e7uk lira kar\u015f\u0131l\u0131\u011f\u0131nda se\u00e7ip ald\u0131lar ve kesip etini satt\u0131lar. Bizim bir ke\u00e7imizin karn\u0131ndan \u00fc\u00e7 tane yavru \u00e7\u0131km\u0131\u015ft\u0131, yani bir ay sonra do\u011fum yapsa \u00fc\u00e7 yavrusu olacakt\u0131. Dedem, babam, amcalar\u0131m \u00e7ok \u00fcz\u00fclm\u00fc\u015flerdi. Zaten kasaplar ke\u00e7ileri g\u00f6t\u00fcr\u00fcrken, evden sanki cenaze \u00e7\u0131k\u0131yormu\u015f gibi, bir ay sonra do\u011fum yapacak ke\u00e7ilerin arkas\u0131ndan bak\u0131p hep birlikte a\u011flam\u0131\u015ft\u0131k.   O zaman K\u00f6ro\u011flu Gazetesi vard\u0131. Gazete, g\u00f6r\u00fclmemi\u015f bir \u015fey oldu\u011fu i\u00e7in, \u201cVatanda\u015f\u0131n biri kasaplara ke\u00e7i satm\u0131\u015f. Kasap ke\u00e7iyi kesti\u011finde karn\u0131ndan \u00fc\u00e7 tane yavru \u00e7\u0131km\u0131\u015f!\u201d diye bu olay\u0131 sayfalar\u0131na ta\u015f\u0131m\u0131\u015ft\u0131. \u0130\u015fte o \u201cvatanda\u015f\u0131n biri\u201d dedikleri bizdik. Gazeteyi okumu\u015ftuk da saklamak hi\u00e7birimizin akl\u0131na gelmemi\u015fti. \u015eimdi sadece h\u00fcz\u00fcn veren an\u0131s\u0131 kald\u0131 belle\u011fimde. <\/p>\n","protected":false},"excerpt":{"rendered":"<p>Zara\u2019da tabii ki biz de bu Varl\u0131k Vergisi kervan\u0131na d\u00e2hil edilmi\u015ftik. Bir kuru\u015flar\u0131n ve on paralar\u0131n i\u015f g\u00f6rd\u00fc\u011f\u00fc 1942 y\u0131l\u0131nda 500 lira vergi yaz\u0131lm\u0131\u015ft\u0131 bize de.<span class=\"excerpt-hellip\"> [\u2026]<\/span><\/p>\n","protected":false},"featured_media":0,"template":"","meta":{"_monsterinsights_skip_tracking":false,"_monsterinsights_sitenote_active":false,"_monsterinsights_sitenote_note":"","_monsterinsights_sitenote_category":0},"product_brand":[],"product_cat":[13701,12291],"product_tag":[],"class_list":{"0":"post-749294","1":"product","2":"type-product","3":"status-publish","5":"product_cat-ani-mektup-gunluk","6":"product_cat-edebiyat","7":"pa_cilt-ciltsiz","8":"pa_tur-kitap","9":"pa_yayinevi-la-kitap-yayinlari","10":"pa_yazar-murat-kazanci","12":"first","13":"instock","14":"sale","15":"shipping-taxable","16":"purchasable","17":"product-type-simple"},"_links":{"self":[{"href":"https:\/\/roveyayinevi.com.tr\/index.php\/wp-json\/wp\/v2\/product\/749294","targetHints":{"allow":["GET"]}}],"collection":[{"href":"https:\/\/roveyayinevi.com.tr\/index.php\/wp-json\/wp\/v2\/product"}],"about":[{"href":"https:\/\/roveyayinevi.com.tr\/index.php\/wp-json\/wp\/v2\/types\/product"}],"wp:attachment":[{"href":"https:\/\/roveyayinevi.com.tr\/index.php\/wp-json\/wp\/v2\/media?parent=749294"}],"wp:term":[{"taxonomy":"product_brand","embeddable":true,"href":"https:\/\/roveyayinevi.com.tr\/index.php\/wp-json\/wp\/v2\/product_brand?post=749294"},{"taxonomy":"product_cat","embeddable":true,"href":"https:\/\/roveyayinevi.com.tr\/index.php\/wp-json\/wp\/v2\/product_cat?post=749294"},{"taxonomy":"product_tag","embeddable":true,"href":"https:\/\/roveyayinevi.com.tr\/index.php\/wp-json\/wp\/v2\/product_tag?post=749294"}],"curies":[{"name":"wp","href":"https:\/\/api.w.org\/{rel}","templated":true}]}}