{"id":749291,"date":"2025-08-28T03:52:30","date_gmt":"2025-08-28T00:52:30","guid":{"rendered":"https:\/\/roveyayinevi.com.tr\/index.php\/urun\/kucuk-tavsancik-cocuklar-icin-eglenceli-egitim-no2\/"},"modified":"2026-04-16T03:01:48","modified_gmt":"2026-04-16T00:01:48","slug":"kucuk-tavsancik-cocuklar-icin-eglenceli-egitim-no2","status":"publish","type":"product","link":"https:\/\/roveyayinevi.com.tr\/index.php\/urun\/kucuk-tavsancik-cocuklar-icin-eglenceli-egitim-no2\/","title":{"rendered":"K\u00fc\u00e7\u00fck Tav\u015fanc\u0131k &#8211; \u00c7ocuklar \u0130\u00e7in E\u011flenceli E\u011fitim No:2"},"content":{"rendered":"<p>K\u00fc\u00e7\u00fck Tavs\u0327anc\u0131k, \u00e7ocug\u0306unuzun en iyi arkadas\u0327\u0131 olmak istiyor. Birlikte oynay\u0131p farkl\u0131 g\u00f6revleri tamamlamak ve mutlu hik\u00e2yeler anlatmak, \u00e7ocug\u0306unuzun iyi zaman ge\u00e7irmesini ve ayn\u0131 zamanda pek \u00e7ok faydal\u0131 s\u0327eyin fark\u0131na var\u0131p \u00e7evresindeki d\u00fcnyay\u0131 \u00f6g\u0306renmesini sag\u0306lar. Ancak yard\u0131m\u0131n\u0131z da gerekecek \u00e7\u00fcnk\u00fc siz olmazsan\u0131z peri masal\u0131n\u0131 kim okuyacak ya da cevaplar\u0131n dog\u0306ru olup olmad\u0131g\u0306\u0131n\u0131 kim kontrol edecek? \u00c7ocuklar\u0131m\u0131z\u0131n b\u00fcy\u00fcmesine yard\u0131m edelim. <\/p>\n","protected":false},"excerpt":{"rendered":"<p>K\u00fc\u00e7\u00fck Tavs\u0327anc\u0131k, \u00e7ocug\u0306unuzun en iyi arkadas\u0327\u0131 olmak istiyor. Birlikte oynay\u0131p farkl\u0131 g\u00f6revleri tamamlamak ve mutlu hik\u00e2yeler anlatmak, \u00e7ocug\u0306unuzun iyi zaman ge\u00e7irmesini ve ayn\u0131 zamanda pek \u00e7ok<span class=\"excerpt-hellip\"> [\u2026]<\/span><\/p>\n","protected":false},"featured_media":0,"template":"","meta":{"_monsterinsights_skip_tracking":false,"_monsterinsights_sitenote_active":false,"_monsterinsights_sitenote_note":"","_monsterinsights_sitenote_category":0},"product_brand":[],"product_cat":[12274,15842],"product_tag":[],"class_list":{"0":"post-749291","1":"product","2":"type-product","3":"status-publish","5":"product_cat-cocuk-ve-genclik-kitaplari","6":"product_cat-egitici-kitaplar","7":"pa_cilt-ciltsiz","8":"pa_tur-kitap","9":"pa_yayinevi-eksik-parca-yayinlari","10":"pa_yazar-kolektif","12":"first","13":"instock","14":"sale","15":"shipping-taxable","16":"purchasable","17":"product-type-simple"},"_links":{"self":[{"href":"https:\/\/roveyayinevi.com.tr\/index.php\/wp-json\/wp\/v2\/product\/749291","targetHints":{"allow":["GET"]}}],"collection":[{"href":"https:\/\/roveyayinevi.com.tr\/index.php\/wp-json\/wp\/v2\/product"}],"about":[{"href":"https:\/\/roveyayinevi.com.tr\/index.php\/wp-json\/wp\/v2\/types\/product"}],"wp:attachment":[{"href":"https:\/\/roveyayinevi.com.tr\/index.php\/wp-json\/wp\/v2\/media?parent=749291"}],"wp:term":[{"taxonomy":"product_brand","embeddable":true,"href":"https:\/\/roveyayinevi.com.tr\/index.php\/wp-json\/wp\/v2\/product_brand?post=749291"},{"taxonomy":"product_cat","embeddable":true,"href":"https:\/\/roveyayinevi.com.tr\/index.php\/wp-json\/wp\/v2\/product_cat?post=749291"},{"taxonomy":"product_tag","embeddable":true,"href":"https:\/\/roveyayinevi.com.tr\/index.php\/wp-json\/wp\/v2\/product_tag?post=749291"}],"curies":[{"name":"wp","href":"https:\/\/api.w.org\/{rel}","templated":true}]}}