{"id":749288,"date":"2025-08-28T03:52:26","date_gmt":"2025-08-28T00:52:26","guid":{"rendered":"https:\/\/roveyayinevi.com.tr\/index.php\/urun\/okuyani-olmasa-da\/"},"modified":"2026-03-12T03:10:37","modified_gmt":"2026-03-12T00:10:37","slug":"okuyani-olmasa-da","status":"publish","type":"product","link":"https:\/\/roveyayinevi.com.tr\/index.php\/urun\/okuyani-olmasa-da\/","title":{"rendered":"Okuyan\u0131 Olmasa da"},"content":{"rendered":"<p>Bug\u00fcn\u00fcn baz\u0131 b\u00fcy\u00fckleri, d\u00fcn \u00e7ok ba\u015fkayd\u0131; \u015fimdi bamba\u015fka!&#8230; O y\u0131llarda, sadece paraya-pula de\u011fer veren; toplum i\u00e7inde ba\u015fka bir kriter aramayan insanlar ay\u0131plan\u0131r, d\u0131\u015flan\u0131rd\u0131\u2026 Zenginin fakire, fakirin de zengine bir h\u00fcrmeti vard\u0131\u2026 \u201cD\u00fc\u015fmez kalkmaz bir Allah\u2019t\u0131r\u201d denirdi. Siyaset, ideolojik \u00f6rg\u00fctlenmeler d\u0131\u015f\u0131nda ayr\u0131\u015ft\u0131r\u0131c\u0131 olmazd\u0131\u2026 \u00c7ay-kahve muhabbetlerinin malzemesi gibiydi\u2026 Herkesin herkese bir sayg\u0131s\u0131 vard\u0131\u2026 Kimse bulunmaz Hint kuma\u015f\u0131 de\u011fildi\u2026 \u0130yilik isteyenden kar\u015f\u0131l\u0131k beklenmezdi\u2026 \u0130mkan sahipleri, mal\u0131n\u0131, m\u00fclk\u00fcn\u00fc, yedi\u011fini, i\u00e7ti\u011fini ba\u015fkas\u0131n\u0131n g\u00f6z\u00fcne sokmazd\u0131\u2026 \u201cS\u00f6z verme\u201d en g\u00fcvenilir \u00f6deme arac\u0131yd\u0131\u2026 Eme\u011fin ve helal kazanc\u0131n hat\u0131r\u0131 y\u00fcksekti\u2026 Cami k\u00fcrs\u00fclerinin dokunulmazl\u0131\u011f\u0131 vard\u0131\u2026 Hocalar siyasetin d\u0131\u015f\u0131nda kalmay\u0131 bilirlerdi\u2026 Her siyasi parti mensubundan ayn\u0131 derecede h\u00fcrmet g\u00f6r\u00fcrlerdi\u2026 K\u0131\u015flaya, okula ve camiye siyaset bula\u015ft\u0131r\u0131lmazd\u0131\u2026 G\u00f6r\u00fc\u015f\u00fc, d\u00fc\u015f\u00fcncesi ne olursa olsun, toplumun \u201cb\u00fcy\u00fcklerinin\u201d hepsi halden anlard\u0131\u2026 <\/p>\n","protected":false},"excerpt":{"rendered":"<p>Bug\u00fcn\u00fcn baz\u0131 b\u00fcy\u00fckleri, d\u00fcn \u00e7ok ba\u015fkayd\u0131; \u015fimdi bamba\u015fka!&#8230; O y\u0131llarda, sadece paraya-pula de\u011fer veren; toplum i\u00e7inde ba\u015fka bir kriter aramayan insanlar ay\u0131plan\u0131r, d\u0131\u015flan\u0131rd\u0131\u2026 Zenginin fakire, fakirin<span class=\"excerpt-hellip\"> [\u2026]<\/span><\/p>\n","protected":false},"featured_media":0,"template":"","meta":{"_monsterinsights_skip_tracking":false,"_monsterinsights_sitenote_active":false,"_monsterinsights_sitenote_note":"","_monsterinsights_sitenote_category":0},"product_brand":[],"product_cat":[12364],"product_tag":[],"class_list":{"0":"post-749288","1":"product","2":"type-product","3":"status-publish","5":"product_cat-genel-konular","6":"pa_cilt-ciltsiz","7":"pa_tur-kitap","8":"pa_yayinevi-kirmizi-cati-yayinlari","9":"pa_yazar-ismail-bayram","11":"first","12":"instock","13":"sale","14":"shipping-taxable","15":"purchasable","16":"product-type-simple"},"_links":{"self":[{"href":"https:\/\/roveyayinevi.com.tr\/index.php\/wp-json\/wp\/v2\/product\/749288","targetHints":{"allow":["GET"]}}],"collection":[{"href":"https:\/\/roveyayinevi.com.tr\/index.php\/wp-json\/wp\/v2\/product"}],"about":[{"href":"https:\/\/roveyayinevi.com.tr\/index.php\/wp-json\/wp\/v2\/types\/product"}],"wp:attachment":[{"href":"https:\/\/roveyayinevi.com.tr\/index.php\/wp-json\/wp\/v2\/media?parent=749288"}],"wp:term":[{"taxonomy":"product_brand","embeddable":true,"href":"https:\/\/roveyayinevi.com.tr\/index.php\/wp-json\/wp\/v2\/product_brand?post=749288"},{"taxonomy":"product_cat","embeddable":true,"href":"https:\/\/roveyayinevi.com.tr\/index.php\/wp-json\/wp\/v2\/product_cat?post=749288"},{"taxonomy":"product_tag","embeddable":true,"href":"https:\/\/roveyayinevi.com.tr\/index.php\/wp-json\/wp\/v2\/product_tag?post=749288"}],"curies":[{"name":"wp","href":"https:\/\/api.w.org\/{rel}","templated":true}]}}