{"id":749284,"date":"2025-08-28T03:52:21","date_gmt":"2025-08-28T00:52:21","guid":{"rendered":"https:\/\/roveyayinevi.com.tr\/index.php\/urun\/gelecek-25-yil\/"},"modified":"2026-04-16T03:01:48","modified_gmt":"2026-04-16T00:01:48","slug":"gelecek-25-yil","status":"publish","type":"product","link":"https:\/\/roveyayinevi.com.tr\/index.php\/urun\/gelecek-25-yil\/","title":{"rendered":"Gelecek 25 Y\u0131l"},"content":{"rendered":"<p>Ele ge\u00e7irilen yer alt\u0131 kaynaklar\u0131, sat\u0131lan milli varl\u0131klar\u2026 \u0130klim de\u011fi\u015fikli\u011fi ve k\u00fcresel g\u00fcvenli\u011fe y\u00f6nelik tehditler\u2026 \u00dc\u00e7\u00fcnc\u00fc D\u00fcnya Sava\u015f\u0131 oyunu projesi\u2026 Biyolojik silahlar ve t\u0131bbi operasyonlar, anti-depresan oyunu\u2026 Gelece\u011fin su sava\u015flar\u0131\u2026 K\u00fcresel finans oligar\u015fisinin pen\u00e7esindeki korku imparatorlu\u011fu ve planlar\u0131\u2026 Ve gelece\u011fin d\u00fcnyas\u0131na dair daha bir\u00e7ok stratejik \u00f6ng\u00f6r\u00fc bu kitapta. <\/p>\n","protected":false},"excerpt":{"rendered":"<p>Ele ge\u00e7irilen yer alt\u0131 kaynaklar\u0131, sat\u0131lan milli varl\u0131klar\u2026 \u0130klim de\u011fi\u015fikli\u011fi ve k\u00fcresel g\u00fcvenli\u011fe y\u00f6nelik tehditler\u2026 \u00dc\u00e7\u00fcnc\u00fc D\u00fcnya Sava\u015f\u0131 oyunu projesi\u2026 Biyolojik silahlar ve t\u0131bbi operasyonlar, anti-depresan<span class=\"excerpt-hellip\"> [\u2026]<\/span><\/p>\n","protected":false},"featured_media":0,"template":"","meta":{"_monsterinsights_skip_tracking":false,"_monsterinsights_sitenote_active":false,"_monsterinsights_sitenote_note":"","_monsterinsights_sitenote_category":0},"product_brand":[],"product_cat":[52477],"product_tag":[],"class_list":{"0":"post-749284","1":"product","2":"type-product","3":"status-publish","5":"product_cat-arastirma","6":"pa_cilt-ciltsiz","7":"pa_tur-kitap","8":"pa_yayinevi-cinaralti-yayinlari","9":"pa_yazar-ismail-corbaci","11":"first","12":"instock","13":"sale","14":"shipping-taxable","15":"purchasable","16":"product-type-simple"},"_links":{"self":[{"href":"https:\/\/roveyayinevi.com.tr\/index.php\/wp-json\/wp\/v2\/product\/749284","targetHints":{"allow":["GET"]}}],"collection":[{"href":"https:\/\/roveyayinevi.com.tr\/index.php\/wp-json\/wp\/v2\/product"}],"about":[{"href":"https:\/\/roveyayinevi.com.tr\/index.php\/wp-json\/wp\/v2\/types\/product"}],"wp:attachment":[{"href":"https:\/\/roveyayinevi.com.tr\/index.php\/wp-json\/wp\/v2\/media?parent=749284"}],"wp:term":[{"taxonomy":"product_brand","embeddable":true,"href":"https:\/\/roveyayinevi.com.tr\/index.php\/wp-json\/wp\/v2\/product_brand?post=749284"},{"taxonomy":"product_cat","embeddable":true,"href":"https:\/\/roveyayinevi.com.tr\/index.php\/wp-json\/wp\/v2\/product_cat?post=749284"},{"taxonomy":"product_tag","embeddable":true,"href":"https:\/\/roveyayinevi.com.tr\/index.php\/wp-json\/wp\/v2\/product_tag?post=749284"}],"curies":[{"name":"wp","href":"https:\/\/api.w.org\/{rel}","templated":true}]}}