{"id":749281,"date":"2025-08-28T03:52:17","date_gmt":"2025-08-28T00:52:17","guid":{"rendered":"https:\/\/roveyayinevi.com.tr\/index.php\/urun\/gokkusagina-iki-bilet-2\/"},"modified":"2026-04-16T03:01:48","modified_gmt":"2026-04-16T00:01:48","slug":"gokkusagina-iki-bilet-2","status":"publish","type":"product","link":"https:\/\/roveyayinevi.com.tr\/index.php\/urun\/gokkusagina-iki-bilet-2\/","title":{"rendered":"G\u00f6kku\u015fa\u011f\u0131na  \u0130ki Bilet"},"content":{"rendered":"<p>G\u00f6kku\u015fa\u011f\u0131na \u0130ki Bilet\u2019te Attil\u00e2 \u015eenkon 70\u2019li y\u0131llar\u0131n darbelerle, siyasi \u00e7\u0131kmazlarla \u00f6r\u00fcl\u00fc tekinsiz ortam\u0131nda \u00e7ocukluktan yeti\u015fkinli\u011fe ge\u00e7i\u015fe; hayat\u0131n pe\u015fine birlikte d\u00fc\u015fen bir baba ile o\u011flun hik\u00e2yesine bak\u0131yor. B\u00f6ylece g\u00fcnd\u00fczd\u00fc\u015fleriyle ger\u00e7eklerin, kalp k\u0131r\u0131kl\u0131klar\u0131yla heyecanlar\u0131n, a\u015fklarla dostluklar\u0131n ve yazmaya dair b\u00fcy\u00fck bir arzunun yal\u0131n, samimi bir dille i\u00e7 i\u00e7e ge\u00e7ti\u011fi bir roman \u00e7\u0131k\u0131yor ortaya.   \u201c\u2026Ama yazd\u0131k\u00e7a kendimi daha iyi tan\u0131d\u0131\u011f\u0131mdan eminim. \u0130\u00e7imde buldu\u011fum her yeni ben kadar, ya\u015famlar\u0131n\u0131 d\u00fc\u015fledi\u011fim ba\u015fka ki\u015filerle de giderek \u00e7o\u011fal\u0131p vars\u0131lla\u015f\u0131yor bazen ya\u015fad\u0131klar\u0131m\u0131 temize \u00e7ekerken, bazen ya\u015fayacaklar\u0131m\u0131n provas\u0131n\u0131 yap\u0131yorum.\u201d <\/p>\n","protected":false},"excerpt":{"rendered":"<p>G\u00f6kku\u015fa\u011f\u0131na \u0130ki Bilet\u2019te Attil\u00e2 \u015eenkon 70\u2019li y\u0131llar\u0131n darbelerle, siyasi \u00e7\u0131kmazlarla \u00f6r\u00fcl\u00fc tekinsiz ortam\u0131nda \u00e7ocukluktan yeti\u015fkinli\u011fe ge\u00e7i\u015fe; hayat\u0131n pe\u015fine birlikte d\u00fc\u015fen bir baba ile o\u011flun hik\u00e2yesine bak\u0131yor.<span class=\"excerpt-hellip\"> [\u2026]<\/span><\/p>\n","protected":false},"featured_media":0,"template":"","meta":{"_monsterinsights_skip_tracking":false,"_monsterinsights_sitenote_active":false,"_monsterinsights_sitenote_note":"","_monsterinsights_sitenote_category":0},"product_brand":[],"product_cat":[12291,12711],"product_tag":[],"class_list":{"0":"post-749281","1":"product","2":"type-product","3":"status-publish","5":"product_cat-edebiyat","6":"product_cat-roman-oyku","7":"pa_cilt-ciltsiz","8":"pa_tur-kitap","9":"pa_yayinevi-everest-yayinlari","10":"pa_yazar-atilla-senkon","12":"first","13":"instock","14":"sale","15":"shipping-taxable","16":"purchasable","17":"product-type-simple"},"_links":{"self":[{"href":"https:\/\/roveyayinevi.com.tr\/index.php\/wp-json\/wp\/v2\/product\/749281","targetHints":{"allow":["GET"]}}],"collection":[{"href":"https:\/\/roveyayinevi.com.tr\/index.php\/wp-json\/wp\/v2\/product"}],"about":[{"href":"https:\/\/roveyayinevi.com.tr\/index.php\/wp-json\/wp\/v2\/types\/product"}],"wp:attachment":[{"href":"https:\/\/roveyayinevi.com.tr\/index.php\/wp-json\/wp\/v2\/media?parent=749281"}],"wp:term":[{"taxonomy":"product_brand","embeddable":true,"href":"https:\/\/roveyayinevi.com.tr\/index.php\/wp-json\/wp\/v2\/product_brand?post=749281"},{"taxonomy":"product_cat","embeddable":true,"href":"https:\/\/roveyayinevi.com.tr\/index.php\/wp-json\/wp\/v2\/product_cat?post=749281"},{"taxonomy":"product_tag","embeddable":true,"href":"https:\/\/roveyayinevi.com.tr\/index.php\/wp-json\/wp\/v2\/product_tag?post=749281"}],"curies":[{"name":"wp","href":"https:\/\/api.w.org\/{rel}","templated":true}]}}