{"id":749280,"date":"2025-08-28T03:52:16","date_gmt":"2025-08-28T00:52:16","guid":{"rendered":"https:\/\/roveyayinevi.com.tr\/index.php\/urun\/bizans-dunyasi-ciltli\/"},"modified":"2026-04-16T03:01:48","modified_gmt":"2026-04-16T00:01:48","slug":"bizans-dunyasi-ciltli","status":"publish","type":"product","link":"https:\/\/roveyayinevi.com.tr\/index.php\/urun\/bizans-dunyasi-ciltli\/","title":{"rendered":"Bizans D\u00fcnyas\u0131 (Ciltli)"},"content":{"rendered":"<p>Kriz Zamanlar\u0131nda Bizans Siyasal S\u00fcreci &#8211; Michael Angold Bizans Aristokrasisinin Y\u00fckseli\u015fi ve \u0130mparatorluk D\u00fczeninin Gerilemesi &#8211; Paul Stephenson Para, Sikkeler ve Ekonomi &#8211; C\u00e9cile Morrisson Ordu ve Askeri Lojistik &#8211; John Haldon Kad\u0131n ve \u00c7ocuk \u00c7al\u0131\u015fmalar\u0131 Metodolojik Zorluklar ve Yeni Do\u011frultular &#8211; Anthony Kaldellis Bizans Tarih Yaz\u0131c\u0131l\u0131\u011f\u0131nda G\u00fc\u00e7l\u00fc Kad\u0131nlar ve Onlar\u0131n E\u015fleri &#8211; Leonora Neville Cherchez L\u2019homme! Bizansl\u0131 Erkekler: Had\u0131mlar\u0131n Perspektifi &#8211; Shaun Tougher K\u00f6lelik ve K\u00f6leler \u00dczerine &#8211; G\u00fcnter Prinzig Monoteistler, D\u00fcalistler ve Paganlar &#8211; Christopher Livanos Latin H\u0131ristiyanlar\u0131n Erdemleri ve Hatalar\u0131 &#8211; Tia Kolbaba Siyasi Literat\u00fcr &#8211; Catherine Holmes Bizans Askeri El K\u0131lavuzlar\u0131 Talimatlar, Uygulama ve Pedagoji &#8211; Denis F. Sullivan De Ceremoniis ve B\u00fcy\u00fck Saray &#8211; J. M. Featherstone Hitabet ve Performans &#8211; Emmanuel C. Bourbouhakis Mektup Yaz\u0131m\u0131 &#8211; Stratis Papaioannou Bizans \u015eiir Gelene\u011finde E\u011filimler ve Geli\u015fmeler &#8211; Christopher Livanos Bizans Tarihyaz\u0131c\u0131l\u0131\u011f\u0131 K\u00fclliyat\u0131 Yorumlay\u0131c\u0131 Bir Makale &#8211; Anthony Kaldellis Bizans \u0130talyas\u0131nda H\u0131ristiyanlar, Yahudiler ve M\u00fcsl\u00fcmanlar Yerel Perspektiften Orta\u00e7a\u011fdaki \u00c7at\u0131\u015fmalar &#8211; Youval Rotman Gregorios Palamas\u2019\u0131n Philotheos Kokkinos Taraf\u0131ndan Aktar\u0131lan Mucizeleri &#8211; Alice-Mary Talbot Kalp \u0130\u00e7in Yazma Bizans\u2019taki Manevi Edebiyat &#8211; Joseph Munitiz Bir Bizans \u0130konas\u0131 Nedir? Konstantinopolis ile Sina &#8211; Bissera V. Pentcheva Lit\u00fcrjik Alan\u0131 Tan\u0131mlama &#8211; Vasileios Marinis Bizans Kilise Sanat\u0131nda Semavi ve D\u00fcnyevi Hiyerar\u015filer &#8211; Warren T. Woodfin Gayriresmi Sanat ve Ortodokslu\u011fa Direnme &#8211; Henry Maguire Konstantinopolis ve Orta\u00e7a\u011f \u015eehir Kimli\u011finin \u0130n\u015fas\u0131 &#8211; Robert Ousterhout Bizans Tahkimatlar\u0131nda Uygulama, Alg\u0131 ve Deneyim &#8211; Nikolas Bakirtzis \u0130mparatorlu\u011fun D\u0131\u015f\u0131ndakiler S\u0131n\u0131r \u00dclkeleri ve \u00d6tesindeki \u0130n\u015fa ve S\u00fcs \u0130\u015fleri &#8211; Jonathan Shepard Havariyyun Kilisesinden Esinlenilen Orta\u00e7a\u011f Kiliseleri Akdeniz Boyunca Mimari Taklidin \u0130zleri &#8211; Tassos Papacostas Konstantinopolis\u2019ten Venedik\u2019e Kutsal Mek\u00e2n &#8211; Thomas E. A. Dale Bizans Tarihyaz\u0131c\u0131l\u0131\u011f\u0131 Metinlerinin Edisyonlar\u0131n\u0131n Tarihi Diether Roderich Reinsch XIX. Y\u00fczy\u0131l Yunan Tarihyaz\u0131c\u0131l\u0131\u011f\u0131nda Bizans &#8211; Despina Christodoulou Pop\u00fcler Bizans Tarihinin \u00d6nc\u00fcleri Freeman, Gregorovius, Schlumberger &#8211; Paul Stephenson Bizans \u00c7al\u0131\u015fmalar\u0131n\u0131n Ortaya \u00c7\u0131k\u0131\u015f\u0131nda Bir Vaka \u00c7al\u0131\u015fmas\u0131 XIX ve XX. Y\u00fczy\u0131llarda S\u0131rbistan &#8211; Sr\u0111an Pirivatri\u0107 Bizans ve Tarihsel Sosyoloji &#8211; Johann P. Arnason Bizans\u2019\u0131n Avrupa\u2019daki Gelece\u011fi &#8211; Paul Stephenson<\/p>\n","protected":false},"excerpt":{"rendered":"<p>Kriz Zamanlar\u0131nda Bizans Siyasal S\u00fcreci &#8211; Michael Angold Bizans Aristokrasisinin Y\u00fckseli\u015fi ve \u0130mparatorluk D\u00fczeninin Gerilemesi &#8211; Paul Stephenson Para, Sikkeler ve Ekonomi &#8211; C\u00e9cile Morrisson Ordu<span class=\"excerpt-hellip\"> [\u2026]<\/span><\/p>\n","protected":false},"featured_media":0,"template":"","meta":{"_monsterinsights_skip_tracking":false,"_monsterinsights_sitenote_active":false,"_monsterinsights_sitenote_note":"","_monsterinsights_sitenote_category":0},"product_brand":[],"product_cat":[12312,12304],"product_tag":[],"class_list":{"0":"post-749280","1":"product","2":"type-product","3":"status-publish","5":"product_cat-diger","6":"product_cat-tarih","7":"pa_cilt-ciltli","8":"pa_tur-kitap","9":"pa_yayinevi-alfa-yayinlari","10":"pa_yazar-kolektif","12":"first","13":"instock","14":"sale","15":"shipping-taxable","16":"purchasable","17":"product-type-simple"},"_links":{"self":[{"href":"https:\/\/roveyayinevi.com.tr\/index.php\/wp-json\/wp\/v2\/product\/749280","targetHints":{"allow":["GET"]}}],"collection":[{"href":"https:\/\/roveyayinevi.com.tr\/index.php\/wp-json\/wp\/v2\/product"}],"about":[{"href":"https:\/\/roveyayinevi.com.tr\/index.php\/wp-json\/wp\/v2\/types\/product"}],"wp:attachment":[{"href":"https:\/\/roveyayinevi.com.tr\/index.php\/wp-json\/wp\/v2\/media?parent=749280"}],"wp:term":[{"taxonomy":"product_brand","embeddable":true,"href":"https:\/\/roveyayinevi.com.tr\/index.php\/wp-json\/wp\/v2\/product_brand?post=749280"},{"taxonomy":"product_cat","embeddable":true,"href":"https:\/\/roveyayinevi.com.tr\/index.php\/wp-json\/wp\/v2\/product_cat?post=749280"},{"taxonomy":"product_tag","embeddable":true,"href":"https:\/\/roveyayinevi.com.tr\/index.php\/wp-json\/wp\/v2\/product_tag?post=749280"}],"curies":[{"name":"wp","href":"https:\/\/api.w.org\/{rel}","templated":true}]}}