{"id":749275,"date":"2025-08-28T03:52:07","date_gmt":"2025-08-28T00:52:07","guid":{"rendered":"https:\/\/roveyayinevi.com.tr\/index.php\/urun\/koy-hayatindan-oykuler-rusca\/"},"modified":"2026-04-16T03:01:48","modified_gmt":"2026-04-16T00:01:48","slug":"koy-hayatindan-oykuler-rusca","status":"publish","type":"product","link":"https:\/\/roveyayinevi.com.tr\/index.php\/urun\/koy-hayatindan-oykuler-rusca\/","title":{"rendered":"K\u00f6y Hayat\u0131ndan \u00d6yk\u00fcler (RUS\u00c7A)"},"content":{"rendered":"<p>\u041a\u043e\u043d\u0435\u0446 1850-\u0445 \u2013 \u043d\u0430\u0447\u0430\u043b\u043e 1860-\u0445 \u2013 \u044d\u0442\u043e \u044d\u043f\u043e\u0445\u0430 \u043e\u0441\u043e\u0431\u043e\u0433\u043e \u0438\u043d\u0442\u0435\u0440\u0435\u0441\u0430 \u0422\u043e\u043b\u0441\u0442\u043e\u0433\u043e \u043a \u043d\u0430\u0440\u043e\u0434\u043d\u043e\u0439 \u0436\u0438\u0437\u043d\u0438 \u0438 \u0431\u044b\u0442\u0443, \u0432\u043d\u0438\u043c\u0430\u0442\u0435\u043b\u044c\u043d\u043e\u0433\u043e \u0438\u0445 \u0438\u0437\u0443\u0447\u0435\u043d\u0438\u044f. 5 \u043e\u0442\u0440\u044b\u0432\u043a\u043e\u0432 \u0440\u0430\u0441\u0441\u043a\u0430\u0437\u043e\u0432, \u0441\u043e\u0434\u0435\u0440\u0436\u0430\u0449\u0438\u0445\u0441\u044f \u0432 7 \u0442\u043e\u043c\u0435, \u0438\u0437 \u043d\u0430\u0440\u043e\u0434\u043d\u043e\u0439 \u0436\u0438\u0437\u043d\u0438 \u043f\u0440\u0435\u0434\u0441\u0442\u0430\u0432\u043b\u044f\u044e\u0442 \u0441\u043e\u0431\u043e\u0439 \u0437\u0430\u0440\u0438\u0441\u043e\u0432\u043a\u0438 \u0441 \u043d\u0430\u0442\u0443\u0440\u044b. \u0422\u043e\u043b\u0441\u0442\u043e\u0439 \u043d\u0430\u0431\u043b\u044e\u0434\u0430\u043b \u0437\u0430 \u042f\u0441\u043d\u043e\u0439 \u041f\u043e\u043b\u044f\u043d\u043e\u0439 \u0438 \u043f\u0440\u0438\u043b\u0435\u0433\u0430\u044e\u0449\u0438\u043c\u0438 \u043a \u043d\u0435\u0439 \u0434\u0435\u0440\u0435\u0432\u043d\u044f\u043c\u0438 \u0438 \u043f\u043e\u043c\u0435\u0441\u0442\u044c\u044f\u043c\u0438, \u043f\u0440\u0438\u0447\u0451\u043c \u0432 \u0440\u0430\u0441\u0441\u043a\u0430\u0437\u0430\u0445 \u043c\u043e\u0436\u043d\u043e \u043d\u0430\u0439\u0442\u0438 \u0440\u0435\u0430\u043b\u044c\u043d\u044b\u0435 \u0438\u043c\u0435\u043d\u0430 \u043b\u044e\u0434\u0435\u0439 \u0438 \u043d\u0430\u0437\u0432\u0430\u043d\u0438\u044f \u043c\u0435\u0441\u0442\u043d\u043e\u0441\u0442\u0435\u0439, \u0432\u0437\u044f\u0442\u044b\u0435 \u0430\u0432\u0442\u043e\u0440\u043e\u043c \u043f\u0440\u044f\u043c\u043e \u0438\u0437 \u043e\u043a\u0440\u0443\u0436\u0430\u044e\u0449\u0435\u0439 \u0434\u0435\u0439\u0441\u0442\u0432\u0438\u0442\u0435\u043b\u044c\u043d\u043e\u0441\u0442\u0438. <\/p>\n","protected":false},"excerpt":{"rendered":"<p>\u041a\u043e\u043d\u0435\u0446 1850-\u0445 \u2013 \u043d\u0430\u0447\u0430\u043b\u043e 1860-\u0445 \u2013 \u044d\u0442\u043e \u044d\u043f\u043e\u0445\u0430 \u043e\u0441\u043e\u0431\u043e\u0433\u043e \u0438\u043d\u0442\u0435\u0440\u0435\u0441\u0430 \u0422\u043e\u043b\u0441\u0442\u043e\u0433\u043e \u043a \u043d\u0430\u0440\u043e\u0434\u043d\u043e\u0439 \u0436\u0438\u0437\u043d\u0438 \u0438 \u0431\u044b\u0442\u0443, \u0432\u043d\u0438\u043c\u0430\u0442\u0435\u043b\u044c\u043d\u043e\u0433\u043e \u0438\u0445 \u0438\u0437\u0443\u0447\u0435\u043d\u0438\u044f. 5 \u043e\u0442\u0440\u044b\u0432\u043a\u043e\u0432 \u0440\u0430\u0441\u0441\u043a\u0430\u0437\u043e\u0432, \u0441\u043e\u0434\u0435\u0440\u0436\u0430\u0449\u0438\u0445\u0441\u044f \u0432 7 \u0442\u043e\u043c\u0435,<span class=\"excerpt-hellip\"> [\u2026]<\/span><\/p>\n","protected":false},"featured_media":0,"template":"","meta":{"_monsterinsights_skip_tracking":false,"_monsterinsights_sitenote_active":false,"_monsterinsights_sitenote_note":"","_monsterinsights_sitenote_category":0},"product_brand":[],"product_cat":[12291,12711],"product_tag":[],"class_list":{"0":"post-749275","1":"product","2":"type-product","3":"status-publish","5":"product_cat-edebiyat","6":"product_cat-roman-oyku","7":"pa_cilt-ciltsiz","8":"pa_tur-kitap","9":"pa_yayinevi-kirmizi-ada-yayinlari","10":"pa_yazar-lev-nikolayevic-tolstoy","12":"first","13":"instock","14":"sale","15":"shipping-taxable","16":"purchasable","17":"product-type-simple"},"_links":{"self":[{"href":"https:\/\/roveyayinevi.com.tr\/index.php\/wp-json\/wp\/v2\/product\/749275","targetHints":{"allow":["GET"]}}],"collection":[{"href":"https:\/\/roveyayinevi.com.tr\/index.php\/wp-json\/wp\/v2\/product"}],"about":[{"href":"https:\/\/roveyayinevi.com.tr\/index.php\/wp-json\/wp\/v2\/types\/product"}],"wp:attachment":[{"href":"https:\/\/roveyayinevi.com.tr\/index.php\/wp-json\/wp\/v2\/media?parent=749275"}],"wp:term":[{"taxonomy":"product_brand","embeddable":true,"href":"https:\/\/roveyayinevi.com.tr\/index.php\/wp-json\/wp\/v2\/product_brand?post=749275"},{"taxonomy":"product_cat","embeddable":true,"href":"https:\/\/roveyayinevi.com.tr\/index.php\/wp-json\/wp\/v2\/product_cat?post=749275"},{"taxonomy":"product_tag","embeddable":true,"href":"https:\/\/roveyayinevi.com.tr\/index.php\/wp-json\/wp\/v2\/product_tag?post=749275"}],"curies":[{"name":"wp","href":"https:\/\/api.w.org\/{rel}","templated":true}]}}