{"id":749269,"date":"2025-08-28T03:51:59","date_gmt":"2025-08-28T00:51:59","guid":{"rendered":"https:\/\/roveyayinevi.com.tr\/index.php\/urun\/herkes-icin-bilim-seti-4-buklet-kitap\/"},"modified":"2026-04-16T03:01:48","modified_gmt":"2026-04-16T00:01:48","slug":"herkes-icin-bilim-seti-4-buklet-kitap","status":"publish","type":"product","link":"https:\/\/roveyayinevi.com.tr\/index.php\/urun\/herkes-icin-bilim-seti-4-buklet-kitap\/","title":{"rendered":"Herkes \u0130\u00e7in Bilim Seti (4 Buklet Kitap)"},"content":{"rendered":"<p>1.        Herkes \u0130\u00e7in Bilim Tarihi \u2013Derya G\u00fcrses Tarbuck Bu kitap alt\u0131 tema \u00fczerinden bilim tarihi disiplinini tan\u0131tmay\u0131 ama\u00e7l\u0131yor. Her tema ba\u015fl\u0131\u011f\u0131 alt\u0131nda birer tarih\u00e7e, metodoloji tan\u0131t\u0131m\u0131 ve disiplin ele\u015ftirisi yer al\u0131yor. B\u00f6ylelikle kitap, okura bu disiplin b\u00fcnyesindeki tart\u0131\u015fmalar hakk\u0131nda temel seviyede bir fikir vermeyi, bu alandaki literat\u00fcr\u00fc tan\u0131tmay\u0131 ve tart\u0131\u015fmay\u0131 hedefliyor.   2.        Herkes \u0130\u00e7in Bilim Felsefesi \u2013Umut Morko\u00e7 Bu kitap\u00e7\u0131k, bilim felsefesinin temel sorunlar\u0131n\u0131 en bilindik bilim felsefesi fig\u00fcrlerine ba\u015fvurarak \u00f6zetliyor. Bunu yaparken m\u00fcmk\u00fcn mertebe teknik detaylardan ve alan d\u0131\u015f\u0131ndan okurun ilgisine hitap etmeyecek referanslardan ka\u00e7\u0131n\u0131yor. Bu metin temel olarak \u201cBilim felsefesi neyle u\u011fra\u015fm\u0131\u015f, bug\u00fcn ne gibi problemlerle me\u015fgul?\u201d sorular\u0131n\u0131 merak eden okura bir fikir vermeyi hedefliyor.   3.        Herkes \u0130\u00e7in Bilim, Teknoloji ve Toplum \u2013Ali O. \u0130lhan, Arsev U. Ayd\u0131no\u011flu Bu kitap\u00e7\u0131k Bilim, Teknoloji ve Toplum (Science, Technology and Society) ya da Bilim ve Teknoloji \u00c7al\u0131\u015fmalar\u0131 (Science and Technology Studies) olarak bilinen disiplinleraras\u0131 alan\u0131 k\u0131sa bir bi\u00e7imde tan\u0131t\u0131yor. \u00d6zellikle son y\u0131llarda olduk\u00e7a \u00e7e\u015fitlenen ve dinamik bir bi\u00e7imde geni\u015fleyen bu alan\u0131n temel fikirlerine dair genel bir de\u011ferlendirme imk\u00e2n\u0131 sunuyor.   4.        Herkes \u0130\u00e7in Cumhuriyette Bilim \u2013Feza G\u00fcnergun Y\u0131l 1921. Kurtulu\u015f Sava\u015f\u0131n\u0131n \u00fc\u00e7\u00fcnc\u00fc senesi. Yunan kuvvetleri, Afyon, Eski\u015fehir, K\u00fctahya\u2019y\u0131 ve ard\u0131ndan Ankara\u2019y\u0131 ele ge\u00e7irmek amac\u0131yla taarruz ba\u015flatm\u0131\u015f, Afyon\u2019u i\u015fgal etmi\u015ftir. Zorlu \u00e7at\u0131\u015fmalar s\u00fcrerken, T\u00fcrkiye Muallime ve Muallimler Kongresi toplan\u0131r. Mustafa Kemal Atat\u00fcrk burada \u015funlar\u0131 s\u00f6yler: \u201cSilah\u0131yla oldu\u011fu gibi dima\u011f\u0131yla da [beyniyle de] m\u00fccadele mecburiyetinde olan milletimizin birincisinde g\u00f6sterdi\u011fi kudreti ikincisinde de g\u00f6sterece\u011fine asla \u015f\u00fcphem yoktur\u2026\u201d T\u00fcrk gen\u00e7lerini e\u011fitecek \u00f6\u011fretmenleri, \u00fclkenin s\u0131nai ve zirai kalk\u0131nmas\u0131n\u0131 sa\u011flayacak kadrolar\u0131 yeti\u015ftirmek, Atat\u00fcrk\u2019\u00fcn hedefleri aras\u0131nda ilk s\u0131ralarda yer al\u0131r. <\/p>\n","protected":false},"excerpt":{"rendered":"<p>1. Herkes \u0130\u00e7in Bilim Tarihi \u2013Derya G\u00fcrses Tarbuck Bu kitap alt\u0131 tema \u00fczerinden bilim tarihi disiplinini tan\u0131tmay\u0131 ama\u00e7l\u0131yor. Her tema ba\u015fl\u0131\u011f\u0131 alt\u0131nda birer tarih\u00e7e, metodoloji tan\u0131t\u0131m\u0131<span class=\"excerpt-hellip\"> [\u2026]<\/span><\/p>\n","protected":false},"featured_media":0,"template":"","meta":{"_monsterinsights_skip_tracking":false,"_monsterinsights_sitenote_active":false,"_monsterinsights_sitenote_note":"","_monsterinsights_sitenote_category":0},"product_brand":[],"product_cat":[12388],"product_tag":[],"class_list":{"0":"post-749269","1":"product","2":"type-product","3":"status-publish","5":"product_cat-felsefe","6":"pa_cilt-ciltsiz","7":"pa_tur-kitap","8":"pa_yayinevi-fol-kitap","9":"pa_yazar-kolektif","11":"first","12":"instock","13":"sale","14":"shipping-taxable","15":"purchasable","16":"product-type-simple"},"_links":{"self":[{"href":"https:\/\/roveyayinevi.com.tr\/index.php\/wp-json\/wp\/v2\/product\/749269","targetHints":{"allow":["GET"]}}],"collection":[{"href":"https:\/\/roveyayinevi.com.tr\/index.php\/wp-json\/wp\/v2\/product"}],"about":[{"href":"https:\/\/roveyayinevi.com.tr\/index.php\/wp-json\/wp\/v2\/types\/product"}],"wp:attachment":[{"href":"https:\/\/roveyayinevi.com.tr\/index.php\/wp-json\/wp\/v2\/media?parent=749269"}],"wp:term":[{"taxonomy":"product_brand","embeddable":true,"href":"https:\/\/roveyayinevi.com.tr\/index.php\/wp-json\/wp\/v2\/product_brand?post=749269"},{"taxonomy":"product_cat","embeddable":true,"href":"https:\/\/roveyayinevi.com.tr\/index.php\/wp-json\/wp\/v2\/product_cat?post=749269"},{"taxonomy":"product_tag","embeddable":true,"href":"https:\/\/roveyayinevi.com.tr\/index.php\/wp-json\/wp\/v2\/product_tag?post=749269"}],"curies":[{"name":"wp","href":"https:\/\/api.w.org\/{rel}","templated":true}]}}