{"id":749268,"date":"2025-08-28T03:51:57","date_gmt":"2025-08-28T00:51:57","guid":{"rendered":"https:\/\/roveyayinevi.com.tr\/index.php\/urun\/mesleklerle-ataturk\/"},"modified":"2026-04-16T03:01:48","modified_gmt":"2026-04-16T00:01:48","slug":"mesleklerle-ataturk","status":"publish","type":"product","link":"https:\/\/roveyayinevi.com.tr\/index.php\/urun\/mesleklerle-ataturk\/","title":{"rendered":"Mesleklerle Atat\u00fcrk"},"content":{"rendered":"<p>Sadece tarihe ge\u00e7en sava\u015flar\u0131n muzaffer bir komutan\u0131 m\u0131yd\u0131? Yoksa milyonlarca \u00f6\u011frenciyi yeti\u015ftirmi\u015f bir ba\u015f\u00f6\u011fretmen miydi? Ya da elinde kalemi, lo\u015f \u0131\u015f\u0131kl\u0131 bir masada kitab\u0131n\u0131 yazan bir yazar m\u0131yd\u0131? Peki spatula ve f\u0131r\u00e7as\u0131yla kaz\u0131 yapan bir arkeolog olabilir miydi? Kim bilir bir matbaada gazete basan bir gazeteciydi belki de de\u011fil mi? Bir devleti kuran ve onu devrimlerle b\u00fcy\u00fcten bir cumhurba\u015fkan\u0131 olma ihtimaline ne dersiniz? Acaba bir \u00fcniversitenin ara\u015ft\u0131rma laboratuvar\u0131nda \u00e7al\u0131\u015fan bilim insan\u0131 olsa ne hissederdik? O, askerlik mesle\u011fine s\u0131\u011fmayacak kadar yetenekli ve vizyoner bir insand\u0131. 57 senelik \u00f6mr\u00fcn\u00fc sadece bir mesle\u011fi yaparak ge\u00e7iremezdi. Peki, sizce Mustafa Kemal Atat\u00fcrk\u2019\u00fcn ka\u00e7 mesle\u011fi olabilirdi? \u201cBu k\u0130tab\u0131n sat\u0131\u015f\u0131ndan elde ed\u0130len gel\u0130r\u0130n b\u0130r k\u0131sm\u0131 TEGV\u2019e ba\u011f\u0131\u015flanacakt\u0131r.\u201d <\/p>\n","protected":false},"excerpt":{"rendered":"<p>Sadece tarihe ge\u00e7en sava\u015flar\u0131n muzaffer bir komutan\u0131 m\u0131yd\u0131? Yoksa milyonlarca \u00f6\u011frenciyi yeti\u015ftirmi\u015f bir ba\u015f\u00f6\u011fretmen miydi? Ya da elinde kalemi, lo\u015f \u0131\u015f\u0131kl\u0131 bir masada kitab\u0131n\u0131 yazan bir<span class=\"excerpt-hellip\"> [\u2026]<\/span><\/p>\n","protected":false},"featured_media":0,"template":"","meta":{"_monsterinsights_skip_tracking":false,"_monsterinsights_sitenote_active":false,"_monsterinsights_sitenote_note":"","_monsterinsights_sitenote_category":0},"product_brand":[],"product_cat":[12274,15842],"product_tag":[],"class_list":{"0":"post-749268","1":"product","2":"type-product","3":"status-publish","5":"product_cat-cocuk-ve-genclik-kitaplari","6":"product_cat-egitici-kitaplar","7":"pa_cilt-ciltsiz","8":"pa_tur-kitap","9":"pa_yayinevi-eksik-parca-yayinlari","10":"pa_yazar-batuhan-nar","12":"first","13":"instock","14":"sale","15":"shipping-taxable","16":"purchasable","17":"product-type-simple"},"_links":{"self":[{"href":"https:\/\/roveyayinevi.com.tr\/index.php\/wp-json\/wp\/v2\/product\/749268","targetHints":{"allow":["GET"]}}],"collection":[{"href":"https:\/\/roveyayinevi.com.tr\/index.php\/wp-json\/wp\/v2\/product"}],"about":[{"href":"https:\/\/roveyayinevi.com.tr\/index.php\/wp-json\/wp\/v2\/types\/product"}],"wp:attachment":[{"href":"https:\/\/roveyayinevi.com.tr\/index.php\/wp-json\/wp\/v2\/media?parent=749268"}],"wp:term":[{"taxonomy":"product_brand","embeddable":true,"href":"https:\/\/roveyayinevi.com.tr\/index.php\/wp-json\/wp\/v2\/product_brand?post=749268"},{"taxonomy":"product_cat","embeddable":true,"href":"https:\/\/roveyayinevi.com.tr\/index.php\/wp-json\/wp\/v2\/product_cat?post=749268"},{"taxonomy":"product_tag","embeddable":true,"href":"https:\/\/roveyayinevi.com.tr\/index.php\/wp-json\/wp\/v2\/product_tag?post=749268"}],"curies":[{"name":"wp","href":"https:\/\/api.w.org\/{rel}","templated":true}]}}