{"id":749267,"date":"2025-08-28T03:51:56","date_gmt":"2025-08-28T00:51:56","guid":{"rendered":"https:\/\/roveyayinevi.com.tr\/index.php\/urun\/bunu-bilmeyecek-ne-var\/"},"modified":"2026-04-16T03:01:48","modified_gmt":"2026-04-16T00:01:48","slug":"bunu-bilmeyecek-ne-var","status":"publish","type":"product","link":"https:\/\/roveyayinevi.com.tr\/index.php\/urun\/bunu-bilmeyecek-ne-var\/","title":{"rendered":"Bunu Bilmeyecek Ne Var"},"content":{"rendered":"<p>Bilin bakal\u0131m hangi daire kiraya verilmez? H\u0131? Bilemediniz de\u011fil mi? Tabii u\u00e7an daire. Peki ya zebralar neden dil \u00e7izgilidir? Zay\u0131f g\u00f6stersin diye. Ve daha neler neler! Karikat\u00fcrleriyle birlikte komik bilmeceler, hepsi bu kitapta! <\/p>\n","protected":false},"excerpt":{"rendered":"<p>Bilin bakal\u0131m hangi daire kiraya verilmez? H\u0131? Bilemediniz de\u011fil mi? Tabii u\u00e7an daire. Peki ya zebralar neden dil \u00e7izgilidir? Zay\u0131f g\u00f6stersin diye. Ve daha neler neler!<span class=\"excerpt-hellip\"> [\u2026]<\/span><\/p>\n","protected":false},"featured_media":0,"template":"","meta":{"_monsterinsights_skip_tracking":false,"_monsterinsights_sitenote_active":false,"_monsterinsights_sitenote_note":"","_monsterinsights_sitenote_category":0},"product_brand":[],"product_cat":[12492,12274],"product_tag":[],"class_list":{"0":"post-749267","1":"product","2":"type-product","3":"status-publish","5":"product_cat-bilmece-bulmaca","6":"product_cat-cocuk-ve-genclik-kitaplari","7":"pa_cilt-ciltsiz","8":"pa_tur-kitap","9":"pa_yayinevi-eksik-parca-yayinlari","10":"pa_yazar-erdogan-ogultekin","12":"first","13":"instock","14":"sale","15":"shipping-taxable","16":"purchasable","17":"product-type-simple"},"_links":{"self":[{"href":"https:\/\/roveyayinevi.com.tr\/index.php\/wp-json\/wp\/v2\/product\/749267","targetHints":{"allow":["GET"]}}],"collection":[{"href":"https:\/\/roveyayinevi.com.tr\/index.php\/wp-json\/wp\/v2\/product"}],"about":[{"href":"https:\/\/roveyayinevi.com.tr\/index.php\/wp-json\/wp\/v2\/types\/product"}],"wp:attachment":[{"href":"https:\/\/roveyayinevi.com.tr\/index.php\/wp-json\/wp\/v2\/media?parent=749267"}],"wp:term":[{"taxonomy":"product_brand","embeddable":true,"href":"https:\/\/roveyayinevi.com.tr\/index.php\/wp-json\/wp\/v2\/product_brand?post=749267"},{"taxonomy":"product_cat","embeddable":true,"href":"https:\/\/roveyayinevi.com.tr\/index.php\/wp-json\/wp\/v2\/product_cat?post=749267"},{"taxonomy":"product_tag","embeddable":true,"href":"https:\/\/roveyayinevi.com.tr\/index.php\/wp-json\/wp\/v2\/product_tag?post=749267"}],"curies":[{"name":"wp","href":"https:\/\/api.w.org\/{rel}","templated":true}]}}