{"id":749264,"date":"2025-08-28T03:51:51","date_gmt":"2025-08-28T00:51:51","guid":{"rendered":"https:\/\/roveyayinevi.com.tr\/index.php\/urun\/stanley-kubrick-estetigin-ve-sembollerin-gizemli-yonetmeni\/"},"modified":"2026-04-16T03:01:48","modified_gmt":"2026-04-16T00:01:48","slug":"stanley-kubrick-estetigin-ve-sembollerin-gizemli-yonetmeni","status":"publish","type":"product","link":"https:\/\/roveyayinevi.com.tr\/index.php\/urun\/stanley-kubrick-estetigin-ve-sembollerin-gizemli-yonetmeni\/","title":{"rendered":"Stanley Kubrick-Esteti\u011fin ve Sembollerin Gizemli Y\u00f6netmeni"},"content":{"rendered":"<p>\u201cFilmler de t\u0131pk\u0131 hayaller gibi, ahlaki yarg\u0131lar\u0131n\u0131z\u0131 bir kenara b\u0131rakman\u0131z\u0131 talep eder.\u201d \u2013 Stanley Kubrick R\u00f6nesans i\u00e7in Leonardo da Vinci ne ise, Stanley Kubrick de modern zaman\u0131n sinemas\u0131 i\u00e7in odur. O hem d\u00e2hi, hem deli, hem de yarat\u0131m\u0131n u\u00e7 s\u0131n\u0131rlar\u0131nda dola\u015fan cesur bir sanat\u00e7\u0131&#8230; Fazlas\u0131yla gizemli ve her daim \u00e7\u00f6z\u00fclmeyi bekleyen bir s\u0131rlar efendisi&#8230; Her filminin i\u00e7ine ya\u015famla ve tarihle ilgili \u00e7ok \u00f6zel anahtarlar yerle\u015ftiren ve bu anahtarlar\u0131 kullanabilecek zeki izleyiciler aram\u0131\u015f olan Stanley Kubrick, bu y\u00f6n\u00fcyle sadece bir y\u00f6netmen de\u011fil, ayn\u0131 zamanda felsefe alan\u0131nda akla zarar sorular soran ve cevaplar b\u0131rakan bir d\u00fc\u015f\u00fcn\u00fcrd\u00fcr. Bu kitapta Kubrick\u2019in hayat\u0131ndan ziyade h\u00e2l\u00e2 cevaplar aramaya devam eden sorular\u0131n\u0131 da bulacaks\u0131n\u0131z. <\/p>\n","protected":false},"excerpt":{"rendered":"<p>\u201cFilmler de t\u0131pk\u0131 hayaller gibi, ahlaki yarg\u0131lar\u0131n\u0131z\u0131 bir kenara b\u0131rakman\u0131z\u0131 talep eder.\u201d \u2013 Stanley Kubrick R\u00f6nesans i\u00e7in Leonardo da Vinci ne ise, Stanley Kubrick de modern<span class=\"excerpt-hellip\"> [\u2026]<\/span><\/p>\n","protected":false},"featured_media":0,"template":"","meta":{"_monsterinsights_skip_tracking":false,"_monsterinsights_sitenote_active":false,"_monsterinsights_sitenote_note":"","_monsterinsights_sitenote_category":0},"product_brand":[],"product_cat":[14009,12291],"product_tag":[],"class_list":{"0":"post-749264","1":"product","2":"type-product","3":"status-publish","5":"product_cat-biyografi-otobiyografi-edebiyat","6":"product_cat-edebiyat","7":"pa_cilt-ciltsiz","8":"pa_tur-kitap","9":"pa_yayinevi-destek-yayinlari","10":"pa_yazar-melisa-mey","12":"first","13":"instock","14":"sale","15":"shipping-taxable","16":"purchasable","17":"product-type-simple"},"_links":{"self":[{"href":"https:\/\/roveyayinevi.com.tr\/index.php\/wp-json\/wp\/v2\/product\/749264","targetHints":{"allow":["GET"]}}],"collection":[{"href":"https:\/\/roveyayinevi.com.tr\/index.php\/wp-json\/wp\/v2\/product"}],"about":[{"href":"https:\/\/roveyayinevi.com.tr\/index.php\/wp-json\/wp\/v2\/types\/product"}],"wp:attachment":[{"href":"https:\/\/roveyayinevi.com.tr\/index.php\/wp-json\/wp\/v2\/media?parent=749264"}],"wp:term":[{"taxonomy":"product_brand","embeddable":true,"href":"https:\/\/roveyayinevi.com.tr\/index.php\/wp-json\/wp\/v2\/product_brand?post=749264"},{"taxonomy":"product_cat","embeddable":true,"href":"https:\/\/roveyayinevi.com.tr\/index.php\/wp-json\/wp\/v2\/product_cat?post=749264"},{"taxonomy":"product_tag","embeddable":true,"href":"https:\/\/roveyayinevi.com.tr\/index.php\/wp-json\/wp\/v2\/product_tag?post=749264"}],"curies":[{"name":"wp","href":"https:\/\/api.w.org\/{rel}","templated":true}]}}