{"id":749263,"date":"2025-08-28T03:51:49","date_gmt":"2025-08-28T00:51:49","guid":{"rendered":"https:\/\/roveyayinevi.com.tr\/index.php\/urun\/bana-bir-resmini-yolla\/"},"modified":"2026-04-16T03:01:48","modified_gmt":"2026-04-16T00:01:48","slug":"bana-bir-resmini-yolla","status":"publish","type":"product","link":"https:\/\/roveyayinevi.com.tr\/index.php\/urun\/bana-bir-resmini-yolla\/","title":{"rendered":"Bana Bir Resmini Yolla"},"content":{"rendered":"<p>\u201cS\u00f6z\u00fcm telden gelir, akl\u0131m g\u00fclden gelir, elin o\u011flu elden gelir, e\u011flen g\u00f6nl\u00fcm e\u011flen, ya\u015fam dedi\u011fin \u2018sevi\u2019mden gelir, yar\u0131n bekledi\u011fin \u00f6l\u00fcm, \u015fa\u015f\u0131rt\u0131r seni bug\u00fcnden gelir\u2026\u201d Bana Bir Resmini Yolla, k\u0131\u015flada ba\u015flayan dostlu\u011fun k\u00fc\u00e7\u00fck mektuplarla \u00e7o\u011falt\u0131ld\u0131\u011f\u0131, t\u00fcrk\u00fclerle d\u00fc\u015fleri s\u00fcsleyen, T\u00fcrkiye\u2019nin 30\u2019lu y\u0131llar\u0131na mercek tutan, Cumhuriyet ayd\u0131nl\u0131\u011f\u0131n\u0131, devrimlerin etkilerini, hastal\u0131klarla m\u00fccadeleyi sat\u0131rlardan yans\u0131tan bir vefa \u00f6yk\u00fcs\u00fc. Edebiyat\u0131m\u0131z\u0131n usta kalemi Hidayet Karaku\u015f, ak\u0131c\u0131 ve yal\u0131n kalemiyle bizim masal\u0131m\u0131z\u0131 anlat\u0131yor. <\/p>\n","protected":false},"excerpt":{"rendered":"<p>\u201cS\u00f6z\u00fcm telden gelir, akl\u0131m g\u00fclden gelir, elin o\u011flu elden gelir, e\u011flen g\u00f6nl\u00fcm e\u011flen, ya\u015fam dedi\u011fin \u2018sevi\u2019mden gelir, yar\u0131n bekledi\u011fin \u00f6l\u00fcm, \u015fa\u015f\u0131rt\u0131r seni bug\u00fcnden gelir\u2026\u201d Bana Bir<span class=\"excerpt-hellip\"> [\u2026]<\/span><\/p>\n","protected":false},"featured_media":0,"template":"","meta":{"_monsterinsights_skip_tracking":false,"_monsterinsights_sitenote_active":false,"_monsterinsights_sitenote_note":"","_monsterinsights_sitenote_category":0},"product_brand":[],"product_cat":[12291,12711],"product_tag":[],"class_list":{"0":"post-749263","1":"product","2":"type-product","3":"status-publish","5":"product_cat-edebiyat","6":"product_cat-roman-oyku","7":"pa_cilt-ciltsiz","8":"pa_tur-kitap","9":"pa_yayinevi-bilgi-yayinevi","10":"pa_yazar-hidayet-karakus","12":"first","13":"instock","14":"sale","15":"shipping-taxable","16":"purchasable","17":"product-type-simple"},"_links":{"self":[{"href":"https:\/\/roveyayinevi.com.tr\/index.php\/wp-json\/wp\/v2\/product\/749263","targetHints":{"allow":["GET"]}}],"collection":[{"href":"https:\/\/roveyayinevi.com.tr\/index.php\/wp-json\/wp\/v2\/product"}],"about":[{"href":"https:\/\/roveyayinevi.com.tr\/index.php\/wp-json\/wp\/v2\/types\/product"}],"wp:attachment":[{"href":"https:\/\/roveyayinevi.com.tr\/index.php\/wp-json\/wp\/v2\/media?parent=749263"}],"wp:term":[{"taxonomy":"product_brand","embeddable":true,"href":"https:\/\/roveyayinevi.com.tr\/index.php\/wp-json\/wp\/v2\/product_brand?post=749263"},{"taxonomy":"product_cat","embeddable":true,"href":"https:\/\/roveyayinevi.com.tr\/index.php\/wp-json\/wp\/v2\/product_cat?post=749263"},{"taxonomy":"product_tag","embeddable":true,"href":"https:\/\/roveyayinevi.com.tr\/index.php\/wp-json\/wp\/v2\/product_tag?post=749263"}],"curies":[{"name":"wp","href":"https:\/\/api.w.org\/{rel}","templated":true}]}}