{"id":749262,"date":"2025-08-28T03:51:47","date_gmt":"2025-08-28T00:51:47","guid":{"rendered":"https:\/\/roveyayinevi.com.tr\/index.php\/urun\/jack-sparksin-son-gunleri\/"},"modified":"2026-04-16T03:01:48","modified_gmt":"2026-04-16T00:01:48","slug":"jack-sparksin-son-gunleri","status":"publish","type":"product","link":"https:\/\/roveyayinevi.com.tr\/index.php\/urun\/jack-sparksin-son-gunleri\/","title":{"rendered":"Jack Sparks\u2019\u0131n Son G\u00fcnleri"},"content":{"rendered":"<p>Jack Sparks bu kitab\u0131 yazarken \u00f6ld\u00fc. Gazeteci Jack Sparks\u2019\u0131n, yeni kitab\u0131 i\u00e7in do\u011fa\u00fcst\u00fc g\u00fc\u00e7leri ve uygulamalar\u0131 ara\u015ft\u0131rd\u0131\u011f\u0131 bir s\u0131r de\u011fildi. Her t\u00fcrl\u00fc m\u00fcnaka\u015fan\u0131n gediklisi oldu\u011fundan tan\u0131kl\u0131k etti\u011fi bir \u015feytan \u00e7\u0131karma ayiniyle dalga ge\u00e7erek \u015fiddetli bir Twitter kas\u0131rgas\u0131n\u0131n fitilini \u00e7oktan ate\u015flemi\u015fti. Yap\u0131m s\u00fcrecinde parma\u011f\u0131 olmad\u0131\u011f\u0131na yeminler etti\u011fi fakat yine de onun YouTube hesab\u0131ndan payla\u015f\u0131lan, insan\u0131n kan\u0131n\u0131 donduran, k\u0131rk saniyelik bir kay\u0131t\u0131n pe\u015finden ko\u015farken Jack\u2019in Zippo\u2019suyla ayd\u0131nlatmaya \u00e7al\u0131\u015ft\u0131\u011f\u0131 bu s\u0131r kocaman bir yang\u0131na d\u00f6n\u00fc\u015ft\u00fc. Sonraki g\u00fcnlerde Jack\u2019in ba\u015f\u0131na ne geldi\u011fini kimse bilmiyordu\u2026 \u015e\u0130MD\u0130YE KADAR. D\u00fcnya \u00e7ap\u0131nda ilgi g\u00f6ren TV dizisi Doktor Who\u2019nun senaristlerinden Jason Arnopp, bu ilk roman\u0131nda, okuru mizah ile korkuyu ustaca birle\u015ftiren s\u00fcr\u00fckleyici bir hik\u00e2yenin i\u00e7ine \u00e7ekiyor. <\/p>\n","protected":false},"excerpt":{"rendered":"<p>Jack Sparks bu kitab\u0131 yazarken \u00f6ld\u00fc. Gazeteci Jack Sparks\u2019\u0131n, yeni kitab\u0131 i\u00e7in do\u011fa\u00fcst\u00fc g\u00fc\u00e7leri ve uygulamalar\u0131 ara\u015ft\u0131rd\u0131\u011f\u0131 bir s\u0131r de\u011fildi. Her t\u00fcrl\u00fc m\u00fcnaka\u015fan\u0131n gediklisi oldu\u011fundan tan\u0131kl\u0131k<span class=\"excerpt-hellip\"> [\u2026]<\/span><\/p>\n","protected":false},"featured_media":0,"template":"","meta":{"_monsterinsights_skip_tracking":false,"_monsterinsights_sitenote_active":false,"_monsterinsights_sitenote_note":"","_monsterinsights_sitenote_category":0},"product_brand":[],"product_cat":[12291,12711],"product_tag":[],"class_list":{"0":"post-749262","1":"product","2":"type-product","3":"status-publish","5":"product_cat-edebiyat","6":"product_cat-roman-oyku","7":"pa_cilt-ciltsiz","8":"pa_tur-kitap","9":"pa_yayinevi-bilgi-yayinevi","10":"pa_yazar-jason-arnopp","12":"first","13":"instock","14":"sale","15":"shipping-taxable","16":"purchasable","17":"product-type-simple"},"_links":{"self":[{"href":"https:\/\/roveyayinevi.com.tr\/index.php\/wp-json\/wp\/v2\/product\/749262","targetHints":{"allow":["GET"]}}],"collection":[{"href":"https:\/\/roveyayinevi.com.tr\/index.php\/wp-json\/wp\/v2\/product"}],"about":[{"href":"https:\/\/roveyayinevi.com.tr\/index.php\/wp-json\/wp\/v2\/types\/product"}],"wp:attachment":[{"href":"https:\/\/roveyayinevi.com.tr\/index.php\/wp-json\/wp\/v2\/media?parent=749262"}],"wp:term":[{"taxonomy":"product_brand","embeddable":true,"href":"https:\/\/roveyayinevi.com.tr\/index.php\/wp-json\/wp\/v2\/product_brand?post=749262"},{"taxonomy":"product_cat","embeddable":true,"href":"https:\/\/roveyayinevi.com.tr\/index.php\/wp-json\/wp\/v2\/product_cat?post=749262"},{"taxonomy":"product_tag","embeddable":true,"href":"https:\/\/roveyayinevi.com.tr\/index.php\/wp-json\/wp\/v2\/product_tag?post=749262"}],"curies":[{"name":"wp","href":"https:\/\/api.w.org\/{rel}","templated":true}]}}