{"id":749261,"date":"2025-08-28T03:51:46","date_gmt":"2025-08-28T00:51:46","guid":{"rendered":"https:\/\/roveyayinevi.com.tr\/index.php\/urun\/ebola-76\/"},"modified":"2026-04-13T03:07:55","modified_gmt":"2026-04-13T00:07:55","slug":"ebola-76","status":"publish","type":"product","link":"https:\/\/roveyayinevi.com.tr\/index.php\/urun\/ebola-76\/","title":{"rendered":"Ebola 76"},"content":{"rendered":"<p>Larva Avc\u0131s\u0131 kitab\u0131yla Uluslararas\u0131 Arap Roman \u00d6d\u00fcl\u00fc k\u0131sa listesine kalan Amir Tag Elsir, insanlar\u0131n, Ebola\u2019n\u0131n g\u00fcndelik ya\u015famlar\u0131na giri\u015fiyle ya\u015fad\u0131\u011f\u0131 \u00e7eli\u015fkileri ve bunun sosyal-siyasal d\u00fczlemde yans\u0131malar\u0131n\u0131 g\u00fc\u00e7l\u00fc bir ironiyle harmanlayarak bu kez okuru Ebola y\u0131llar\u0131ndaki Sudan\u2019a g\u00f6t\u00fcr\u00fcyor. Ebola 76\u2019da mavi yakal\u0131 bir i\u015f\u00e7i olan Lewis fark etmeden \u00fclkesine \u00f6l\u00fcmc\u00fcl bir hastal\u0131k ta\u015f\u0131r. Bunun ailesi, arkada\u015flar\u0131 ve meslekta\u015flar\u0131 i\u00e7in \u00f6l\u00fcmc\u00fcl sonu\u00e7lar\u0131 olur. Bir dizi tuhaf ve komik rastlant\u0131n\u0131n sonucu hastal\u0131k Nzara \u015fehrini tamamen ele ge\u00e7irir. K\u00f6r gitaristler, i\u015f\u00e7iler, ac\u0131mas\u0131z fabrikat\u00f6rler k\u0131sa s\u00fcre sonra \u201cEbola G\u00fcnleri\u201dnde \u00e7aresizce hayatta kalma m\u00fccadelesi verirler. Roman\u0131n en s\u0131ra d\u0131\u015f\u0131 karakterlerinden biri de Ebola\u2019n\u0131n kendisidir, tekinsiz varl\u0131\u011f\u0131yla bu ak\u0131c\u0131, trajikomik hicvin sayfalar\u0131nda gezinir. Sinsice g\u00fclerek bedenden bedene ge\u00e7en Ebola, t\u00fcm zamanlar\u0131n en \u015feytani ve \u00f6ng\u00f6r\u00fclemez k\u00f6t\u00fc karakterlerinden birini temsil eder.<\/p>\n","protected":false},"excerpt":{"rendered":"<p>Larva Avc\u0131s\u0131 kitab\u0131yla Uluslararas\u0131 Arap Roman \u00d6d\u00fcl\u00fc k\u0131sa listesine kalan Amir Tag Elsir, insanlar\u0131n, Ebola\u2019n\u0131n g\u00fcndelik ya\u015famlar\u0131na giri\u015fiyle ya\u015fad\u0131\u011f\u0131 \u00e7eli\u015fkileri ve bunun sosyal-siyasal d\u00fczlemde yans\u0131malar\u0131n\u0131 g\u00fc\u00e7l\u00fc<span class=\"excerpt-hellip\"> [\u2026]<\/span><\/p>\n","protected":false},"featured_media":0,"template":"","meta":{"_monsterinsights_skip_tracking":false,"_monsterinsights_sitenote_active":false,"_monsterinsights_sitenote_note":"","_monsterinsights_sitenote_category":0},"product_brand":[],"product_cat":[12291,12711],"product_tag":[],"class_list":{"0":"post-749261","1":"product","2":"type-product","3":"status-publish","5":"product_cat-edebiyat","6":"product_cat-roman-oyku","7":"pa_cilt-ciltsiz","8":"pa_tur-kitap","9":"pa_yayinevi-bilgi-yayinevi","10":"pa_yazar-amir-tag-elsir","12":"first","13":"instock","14":"sale","15":"shipping-taxable","16":"purchasable","17":"product-type-simple"},"_links":{"self":[{"href":"https:\/\/roveyayinevi.com.tr\/index.php\/wp-json\/wp\/v2\/product\/749261","targetHints":{"allow":["GET"]}}],"collection":[{"href":"https:\/\/roveyayinevi.com.tr\/index.php\/wp-json\/wp\/v2\/product"}],"about":[{"href":"https:\/\/roveyayinevi.com.tr\/index.php\/wp-json\/wp\/v2\/types\/product"}],"wp:attachment":[{"href":"https:\/\/roveyayinevi.com.tr\/index.php\/wp-json\/wp\/v2\/media?parent=749261"}],"wp:term":[{"taxonomy":"product_brand","embeddable":true,"href":"https:\/\/roveyayinevi.com.tr\/index.php\/wp-json\/wp\/v2\/product_brand?post=749261"},{"taxonomy":"product_cat","embeddable":true,"href":"https:\/\/roveyayinevi.com.tr\/index.php\/wp-json\/wp\/v2\/product_cat?post=749261"},{"taxonomy":"product_tag","embeddable":true,"href":"https:\/\/roveyayinevi.com.tr\/index.php\/wp-json\/wp\/v2\/product_tag?post=749261"}],"curies":[{"name":"wp","href":"https:\/\/api.w.org\/{rel}","templated":true}]}}