{"id":749260,"date":"2025-08-28T03:51:44","date_gmt":"2025-08-28T00:51:44","guid":{"rendered":"https:\/\/roveyayinevi.com.tr\/index.php\/urun\/cezeri-ve-mezopotamyadaki-sir\/"},"modified":"2026-04-16T03:01:48","modified_gmt":"2026-04-16T00:01:48","slug":"cezeri-ve-mezopotamyadaki-sir","status":"publish","type":"product","link":"https:\/\/roveyayinevi.com.tr\/index.php\/urun\/cezeri-ve-mezopotamyadaki-sir\/","title":{"rendered":"Cezeri ve Mezopotamya\u2019daki S\u0131r"},"content":{"rendered":"<p>\u0130\u00e7indeki sesi dinle, hayal et, iste, \u00e7al\u0131\u015f ve ba\u015far. Yery\u00fcz\u00fcndeki ilk robotu yapan, ilgin\u00e7 icatlar\u0131yla tarihe damgas\u0131n\u0131 vuran, Anadolu topraklar\u0131n\u0131n yeti\u015ftirdi\u011fi mucitle tan\u0131\u015fmaya haz\u0131r m\u0131s\u0131n\u0131z? Cezeri, orta\u00e7a\u011f\u0131n en b\u00fcy\u00fck m\u00fchendislerinden. Onun gizemli hayat\u0131n\u0131 ve Mezopotamya&#8217;n\u0131n s\u0131r\u0131n\u0131, edebiyat\u0131m\u0131z\u0131n g\u00fc\u00e7l\u00fc kalemi Mavisel Yener&#8217;in i\u00e7tenlikli dilinden okurken \u015fa\u015f\u0131racak, s\u0131rad\u0131\u015f\u0131 bir maceraya yelken a\u00e7acaks\u0131n\u0131z. <\/p>\n","protected":false},"excerpt":{"rendered":"<p>\u0130\u00e7indeki sesi dinle, hayal et, iste, \u00e7al\u0131\u015f ve ba\u015far. Yery\u00fcz\u00fcndeki ilk robotu yapan, ilgin\u00e7 icatlar\u0131yla tarihe damgas\u0131n\u0131 vuran, Anadolu topraklar\u0131n\u0131n yeti\u015ftirdi\u011fi mucitle tan\u0131\u015fmaya haz\u0131r m\u0131s\u0131n\u0131z? Cezeri,<span class=\"excerpt-hellip\"> [\u2026]<\/span><\/p>\n","protected":false},"featured_media":0,"template":"","meta":{"_monsterinsights_skip_tracking":false,"_monsterinsights_sitenote_active":false,"_monsterinsights_sitenote_note":"","_monsterinsights_sitenote_category":0},"product_brand":[],"product_cat":[12689,12274],"product_tag":[],"class_list":{"0":"post-749260","1":"product","2":"type-product","3":"status-publish","5":"product_cat-cizgi-roman-cocuk-ve-genclik-kitaplari","6":"product_cat-cocuk-ve-genclik-kitaplari","7":"pa_cilt-ciltsiz","8":"pa_tur-kitap","9":"pa_yayinevi-bilgi-yayinevi","10":"pa_yazar-mavisel-yener","12":"first","13":"instock","14":"sale","15":"shipping-taxable","16":"purchasable","17":"product-type-simple"},"_links":{"self":[{"href":"https:\/\/roveyayinevi.com.tr\/index.php\/wp-json\/wp\/v2\/product\/749260","targetHints":{"allow":["GET"]}}],"collection":[{"href":"https:\/\/roveyayinevi.com.tr\/index.php\/wp-json\/wp\/v2\/product"}],"about":[{"href":"https:\/\/roveyayinevi.com.tr\/index.php\/wp-json\/wp\/v2\/types\/product"}],"wp:attachment":[{"href":"https:\/\/roveyayinevi.com.tr\/index.php\/wp-json\/wp\/v2\/media?parent=749260"}],"wp:term":[{"taxonomy":"product_brand","embeddable":true,"href":"https:\/\/roveyayinevi.com.tr\/index.php\/wp-json\/wp\/v2\/product_brand?post=749260"},{"taxonomy":"product_cat","embeddable":true,"href":"https:\/\/roveyayinevi.com.tr\/index.php\/wp-json\/wp\/v2\/product_cat?post=749260"},{"taxonomy":"product_tag","embeddable":true,"href":"https:\/\/roveyayinevi.com.tr\/index.php\/wp-json\/wp\/v2\/product_tag?post=749260"}],"curies":[{"name":"wp","href":"https:\/\/api.w.org\/{rel}","templated":true}]}}