{"id":749258,"date":"2025-08-28T03:51:42","date_gmt":"2025-08-28T00:51:42","guid":{"rendered":"https:\/\/roveyayinevi.com.tr\/index.php\/urun\/cocuklar-icin-populer-klasikler-10-kitapsoru-kitapcigi\/"},"modified":"2026-04-16T03:01:48","modified_gmt":"2026-04-16T00:01:48","slug":"cocuklar-icin-populer-klasikler-10-kitapsoru-kitapcigi","status":"publish","type":"product","link":"https:\/\/roveyayinevi.com.tr\/index.php\/urun\/cocuklar-icin-populer-klasikler-10-kitapsoru-kitapcigi\/","title":{"rendered":"\u00c7ocuklar \u0130\u00e7in Pop\u00fcler Klasikler (10 Kitap+Soru Kitap\u00e7\u0131\u011f\u0131)"},"content":{"rendered":"<p>Birbirinden g\u00fczel 10 tane klasikle\u015fmi\u015f,olmazsa olmaz, ba\u015fucu kitaplar\u0131&#8230;Her biri d\u00f6neminin en kuvvetli kalemince yaz\u0131lm\u0131\u015f ve her biri insanl\u0131k tarihinin en net aynas\u0131&#8230;&#8221; \u00c7OCUKLAR \u0130\u00c7\u0130N POP\u00dcLER KLAS\u0130KLER &#8220;DE YER ALAN K\u0130TAPLAR G\u00dcM\u00dc\u015e PATENLER MOBBY D\u0130CK MONTE KRISTO KONTU GULLIVER&#8217;\u0130N SEYAHATLER\u0130 HANSEL \u0130LE GRATEL HUCKLEBERRY FINN KAPTAN GRANT&#8217;IN \u00c7OCUKLARI P\u0130NOKYO GRIMM MASALLARI K\u00dc\u00c7\u00dcK ASKER <\/p>\n","protected":false},"excerpt":{"rendered":"<p>Birbirinden g\u00fczel 10 tane klasikle\u015fmi\u015f,olmazsa olmaz, ba\u015fucu kitaplar\u0131&#8230;Her biri d\u00f6neminin en kuvvetli kalemince yaz\u0131lm\u0131\u015f ve her biri insanl\u0131k tarihinin en net aynas\u0131&#8230;&#8221; \u00c7OCUKLAR \u0130\u00c7\u0130N POP\u00dcLER KLAS\u0130KLER<span class=\"excerpt-hellip\"> [\u2026]<\/span><\/p>\n","protected":false},"featured_media":0,"template":"","meta":{"_monsterinsights_skip_tracking":false,"_monsterinsights_sitenote_active":false,"_monsterinsights_sitenote_note":"","_monsterinsights_sitenote_category":0},"product_brand":[],"product_cat":[12274,12467],"product_tag":[],"class_list":{"0":"post-749258","1":"product","2":"type-product","3":"status-publish","5":"product_cat-cocuk-ve-genclik-kitaplari","6":"product_cat-dunya-klasikleri","7":"pa_cilt-ciltsiz","8":"pa_tur-kitap","9":"pa_yayinevi-bicirik-yayinlari","10":"pa_yazar-kolektif","12":"first","13":"instock","14":"sale","15":"shipping-taxable","16":"purchasable","17":"product-type-simple"},"_links":{"self":[{"href":"https:\/\/roveyayinevi.com.tr\/index.php\/wp-json\/wp\/v2\/product\/749258","targetHints":{"allow":["GET"]}}],"collection":[{"href":"https:\/\/roveyayinevi.com.tr\/index.php\/wp-json\/wp\/v2\/product"}],"about":[{"href":"https:\/\/roveyayinevi.com.tr\/index.php\/wp-json\/wp\/v2\/types\/product"}],"wp:attachment":[{"href":"https:\/\/roveyayinevi.com.tr\/index.php\/wp-json\/wp\/v2\/media?parent=749258"}],"wp:term":[{"taxonomy":"product_brand","embeddable":true,"href":"https:\/\/roveyayinevi.com.tr\/index.php\/wp-json\/wp\/v2\/product_brand?post=749258"},{"taxonomy":"product_cat","embeddable":true,"href":"https:\/\/roveyayinevi.com.tr\/index.php\/wp-json\/wp\/v2\/product_cat?post=749258"},{"taxonomy":"product_tag","embeddable":true,"href":"https:\/\/roveyayinevi.com.tr\/index.php\/wp-json\/wp\/v2\/product_tag?post=749258"}],"curies":[{"name":"wp","href":"https:\/\/api.w.org\/{rel}","templated":true}]}}