{"id":749254,"date":"2025-08-28T03:51:36","date_gmt":"2025-08-28T00:51:36","guid":{"rendered":"https:\/\/roveyayinevi.com.tr\/index.php\/urun\/bozkirda-bir-egitim-pinari-pomukpinar-koy-enstitusu-1941-1954-2-cilt-takim\/"},"modified":"2026-04-16T03:01:48","modified_gmt":"2026-04-16T00:01:48","slug":"bozkirda-bir-egitim-pinari-pomukpinar-koy-enstitusu-1941-1954-2-cilt-takim","status":"publish","type":"product","link":"https:\/\/roveyayinevi.com.tr\/index.php\/urun\/bozkirda-bir-egitim-pinari-pomukpinar-koy-enstitusu-1941-1954-2-cilt-takim\/","title":{"rendered":"Bozk\u0131rda Bir E\u011fitim P\u0131nar\u0131 Pomukp\u0131nar K\u00f6y Enstit\u00fcs\u00fc 1941-1954 \u2013 2 C\u0130LT TAKIM"},"content":{"rendered":"<p>&#8221;Bozk\u0131rda Bir E\u011fitim P\u0131nar\u0131 Pamukp\u0131nar K\u00f6y Enstit\u00fcs\u00fc, i\u00e7erdi\u011fi s\u00f6zl\u00fc ve yaz\u0131l\u0131 belgelerle, \u00f6zenli metodolojik yakla\u015f\u0131m\u0131yla, sadece an\u0131lar\u0131n art arda s\u0131ralanmad\u0131\u011f\u0131 aksine tarihsel ba\u011flam\u0131 i\u00e7inde analiz edildi\u011fi bir eser&#8230; Sercan \u00dcnsal bu titiz \u00e7al\u0131\u015fmas\u0131yla hem \u00e7ok az bilinen enstit\u00fc olan Pamukp\u0131nar&#8217;\u0131n sesini g\u00fcn\u00fcm\u00fcze ta\u015f\u0131d\u0131, hem de ilgili alan yaz\u0131m\u0131na b\u00fcy\u00fck bir katk\u0131da bulundu. T\u0131pk\u0131 di\u011fer entit\u00fclerde oldu\u011fu gibi, Pamukp\u0131nar&#8217;dan da y\u00fckselen bu ses T\u00fcrkiye&#8217;nin e\u011fitimini demokratik ve \u00fcretici de\u011ferlerle yeniden in\u015fa edecek umutlar ta\u015f\u0131yor&#8230;&#8221;Prof. Dr. Firdevs G\u00dcM\u00dc\u015eO\u011eLUSunumuyla&#8230;<\/p>\n","protected":false},"excerpt":{"rendered":"<p>&#8221;Bozk\u0131rda Bir E\u011fitim P\u0131nar\u0131 Pamukp\u0131nar K\u00f6y Enstit\u00fcs\u00fc, i\u00e7erdi\u011fi s\u00f6zl\u00fc ve yaz\u0131l\u0131 belgelerle, \u00f6zenli metodolojik yakla\u015f\u0131m\u0131yla, sadece an\u0131lar\u0131n art arda s\u0131ralanmad\u0131\u011f\u0131 aksine tarihsel ba\u011flam\u0131 i\u00e7inde analiz edildi\u011fi<span class=\"excerpt-hellip\"> [\u2026]<\/span><\/p>\n","protected":false},"featured_media":0,"template":"","meta":{"_monsterinsights_skip_tracking":false,"_monsterinsights_sitenote_active":false,"_monsterinsights_sitenote_note":"","_monsterinsights_sitenote_category":0},"product_brand":[],"product_cat":[12567,12566],"product_tag":[],"class_list":{"0":"post-749254","1":"product","2":"type-product","3":"status-publish","5":"product_cat-diger-egitim","6":"product_cat-egitim","7":"pa_cilt-ciltsiz","8":"pa_tur-kitap","9":"pa_yayinevi-baris-kitap","10":"pa_yazar-sercan-unsal","12":"first","13":"instock","14":"sale","15":"shipping-taxable","16":"purchasable","17":"product-type-simple"},"_links":{"self":[{"href":"https:\/\/roveyayinevi.com.tr\/index.php\/wp-json\/wp\/v2\/product\/749254","targetHints":{"allow":["GET"]}}],"collection":[{"href":"https:\/\/roveyayinevi.com.tr\/index.php\/wp-json\/wp\/v2\/product"}],"about":[{"href":"https:\/\/roveyayinevi.com.tr\/index.php\/wp-json\/wp\/v2\/types\/product"}],"wp:attachment":[{"href":"https:\/\/roveyayinevi.com.tr\/index.php\/wp-json\/wp\/v2\/media?parent=749254"}],"wp:term":[{"taxonomy":"product_brand","embeddable":true,"href":"https:\/\/roveyayinevi.com.tr\/index.php\/wp-json\/wp\/v2\/product_brand?post=749254"},{"taxonomy":"product_cat","embeddable":true,"href":"https:\/\/roveyayinevi.com.tr\/index.php\/wp-json\/wp\/v2\/product_cat?post=749254"},{"taxonomy":"product_tag","embeddable":true,"href":"https:\/\/roveyayinevi.com.tr\/index.php\/wp-json\/wp\/v2\/product_tag?post=749254"}],"curies":[{"name":"wp","href":"https:\/\/api.w.org\/{rel}","templated":true}]}}