{"id":749253,"date":"2025-08-28T03:51:34","date_gmt":"2025-08-28T00:51:34","guid":{"rendered":"https:\/\/roveyayinevi.com.tr\/index.php\/urun\/ruya-takimi-boyama\/"},"modified":"2026-04-16T03:01:48","modified_gmt":"2026-04-16T00:01:48","slug":"ruya-takimi-boyama","status":"publish","type":"product","link":"https:\/\/roveyayinevi.com.tr\/index.php\/urun\/ruya-takimi-boyama\/","title":{"rendered":"R\u00fcya Tak\u0131m\u0131 Boyama"},"content":{"rendered":"<p>EN SEVD\u0130\u011e\u0130N FUTBOLCULARI EN SEVD\u0130\u011e\u0130N TAKIMIN RENKLER\u0130 \u0130LE BOYA T\u0130R\u0130B\u00dcN VE TARAFTARLARI G\u00d6N\u00dcL VERD\u0130\u011e\u0130N TAKIMININ EN \u00c7O\u015eKULU TARAFTARI HAL\u0130NE GET\u0130R. BU BOYAMA K\u0130TABINDA SINIR YOK TARAFTARLARIN Y\u00dcZ \u0130FADELER\u0130N\u0130 D\u0130LED\u0130\u011e\u0130N G\u0130B\u0130 YAPAB\u0130L\u0130RS\u0130N BAYRAKLARI SEVD\u0130\u011e\u0130N TAKIMA D\u00d6N\u00dc\u015eT\u00dcRE B\u0130L\u0130RS\u0130N. D\u00dcNYADA K\u0130 EN POP\u0130LER OYUNCULARI SEN\u0130N \u0130\u00c7\u0130N SE\u00c7T\u0130K OYUNCULAR \u0130LE SEVD\u0130\u011e\u0130N TAKIMI OLU\u015eTURAB\u0130L\u0130RS\u0130N. BOYAMA K\u0130TABINI SEN\u0130N \u0130\u00c7\u0130N KOPARMALI YAPTIK ODANIN DUVARINDA KEND\u0130 R\u00dcYA TAKIMINI OLU\u015eTURAB\u0130L\u0130RS\u0130N.<\/p>\n","protected":false},"excerpt":{"rendered":"<p>EN SEVD\u0130\u011e\u0130N FUTBOLCULARI EN SEVD\u0130\u011e\u0130N TAKIMIN RENKLER\u0130 \u0130LE BOYA T\u0130R\u0130B\u00dcN VE TARAFTARLARI G\u00d6N\u00dcL VERD\u0130\u011e\u0130N TAKIMININ EN \u00c7O\u015eKULU TARAFTARI HAL\u0130NE GET\u0130R. BU BOYAMA K\u0130TABINDA SINIR YOK TARAFTARLARIN<span class=\"excerpt-hellip\"> [\u2026]<\/span><\/p>\n","protected":false},"featured_media":0,"template":"","meta":{"_monsterinsights_skip_tracking":false,"_monsterinsights_sitenote_active":false,"_monsterinsights_sitenote_note":"","_monsterinsights_sitenote_category":0},"product_brand":[],"product_cat":[12644,12274],"product_tag":[],"class_list":{"0":"post-749253","1":"product","2":"type-product","3":"status-publish","5":"product_cat-boyama-kitaplari","6":"product_cat-cocuk-ve-genclik-kitaplari","7":"pa_cilt-ciltsiz","8":"pa_tur-kitap","9":"pa_yayinevi-cocuk-gelisimi-yayinlari","10":"pa_yazar-gurcan-demirel-eren-ali-demirel","12":"first","13":"instock","14":"sale","15":"shipping-taxable","16":"purchasable","17":"product-type-simple"},"_links":{"self":[{"href":"https:\/\/roveyayinevi.com.tr\/index.php\/wp-json\/wp\/v2\/product\/749253","targetHints":{"allow":["GET"]}}],"collection":[{"href":"https:\/\/roveyayinevi.com.tr\/index.php\/wp-json\/wp\/v2\/product"}],"about":[{"href":"https:\/\/roveyayinevi.com.tr\/index.php\/wp-json\/wp\/v2\/types\/product"}],"wp:attachment":[{"href":"https:\/\/roveyayinevi.com.tr\/index.php\/wp-json\/wp\/v2\/media?parent=749253"}],"wp:term":[{"taxonomy":"product_brand","embeddable":true,"href":"https:\/\/roveyayinevi.com.tr\/index.php\/wp-json\/wp\/v2\/product_brand?post=749253"},{"taxonomy":"product_cat","embeddable":true,"href":"https:\/\/roveyayinevi.com.tr\/index.php\/wp-json\/wp\/v2\/product_cat?post=749253"},{"taxonomy":"product_tag","embeddable":true,"href":"https:\/\/roveyayinevi.com.tr\/index.php\/wp-json\/wp\/v2\/product_tag?post=749253"}],"curies":[{"name":"wp","href":"https:\/\/api.w.org\/{rel}","templated":true}]}}