{"id":749252,"date":"2025-08-28T03:51:33","date_gmt":"2025-08-28T00:51:33","guid":{"rendered":"https:\/\/roveyayinevi.com.tr\/index.php\/urun\/david-copperfield-10\/"},"modified":"2026-04-16T03:01:48","modified_gmt":"2026-04-16T00:01:48","slug":"david-copperfield-10","status":"publish","type":"product","link":"https:\/\/roveyayinevi.com.tr\/index.php\/urun\/david-copperfield-10\/","title":{"rendered":"David Copperfield"},"content":{"rendered":"<p>David Copperfield, \u00fcvey babas\u0131n\u0131n ac\u0131mas\u0131zl\u0131\u011f\u0131ndan ka\u00e7arak ona mutlulu\u011fu, dostlu\u011fu, ac\u0131y\u0131, kalp k\u0131r\u0131kl\u0131\u011f\u0131n\u0131 \u00f6\u011fretecek bir yolculu\u011fa \u00e7\u0131kar. David, yeti\u015fkinli\u011fe giden maceras\u0131 boyunca bir dizi ilgin\u00e7 karakterle tan\u0131\u015f\u0131r ve sonunda ger\u00e7ek mutlulu\u011fu yakalamadan \u00f6nce d\u00fcnya hakk\u0131nda bir\u00e7ok \u015fey \u00f6\u011frenir. \u201cAnnem, Peggotty ve ben \u00e7ok mutluyduk. Bu mutlulu\u011fumuz, annemin Bay Murdstone ile tan\u0131\u015fmas\u0131na kadar s\u00fcrd\u00fc.\u201d<\/p>\n","protected":false},"excerpt":{"rendered":"<p>David Copperfield, \u00fcvey babas\u0131n\u0131n ac\u0131mas\u0131zl\u0131\u011f\u0131ndan ka\u00e7arak ona mutlulu\u011fu, dostlu\u011fu, ac\u0131y\u0131, kalp k\u0131r\u0131kl\u0131\u011f\u0131n\u0131 \u00f6\u011fretecek bir yolculu\u011fa \u00e7\u0131kar. David, yeti\u015fkinli\u011fe giden maceras\u0131 boyunca bir dizi ilgin\u00e7 karakterle tan\u0131\u015f\u0131r<span class=\"excerpt-hellip\"> [\u2026]<\/span><\/p>\n","protected":false},"featured_media":0,"template":"","meta":{"_monsterinsights_skip_tracking":false,"_monsterinsights_sitenote_active":false,"_monsterinsights_sitenote_note":"","_monsterinsights_sitenote_category":0},"product_brand":[],"product_cat":[12274,12284],"product_tag":[],"class_list":{"0":"post-749252","1":"product","2":"type-product","3":"status-publish","5":"product_cat-cocuk-ve-genclik-kitaplari","6":"product_cat-hikayeler","7":"pa_cilt-ciltsiz","8":"pa_tur-kitap","9":"pa_yayinevi-peta-kitap","10":"pa_yazar-charles-dickens","12":"first","13":"instock","14":"sale","15":"shipping-taxable","16":"purchasable","17":"product-type-simple"},"_links":{"self":[{"href":"https:\/\/roveyayinevi.com.tr\/index.php\/wp-json\/wp\/v2\/product\/749252","targetHints":{"allow":["GET"]}}],"collection":[{"href":"https:\/\/roveyayinevi.com.tr\/index.php\/wp-json\/wp\/v2\/product"}],"about":[{"href":"https:\/\/roveyayinevi.com.tr\/index.php\/wp-json\/wp\/v2\/types\/product"}],"wp:attachment":[{"href":"https:\/\/roveyayinevi.com.tr\/index.php\/wp-json\/wp\/v2\/media?parent=749252"}],"wp:term":[{"taxonomy":"product_brand","embeddable":true,"href":"https:\/\/roveyayinevi.com.tr\/index.php\/wp-json\/wp\/v2\/product_brand?post=749252"},{"taxonomy":"product_cat","embeddable":true,"href":"https:\/\/roveyayinevi.com.tr\/index.php\/wp-json\/wp\/v2\/product_cat?post=749252"},{"taxonomy":"product_tag","embeddable":true,"href":"https:\/\/roveyayinevi.com.tr\/index.php\/wp-json\/wp\/v2\/product_tag?post=749252"}],"curies":[{"name":"wp","href":"https:\/\/api.w.org\/{rel}","templated":true}]}}