{"id":749251,"date":"2025-08-28T03:51:31","date_gmt":"2025-08-28T00:51:31","guid":{"rendered":"https:\/\/roveyayinevi.com.tr\/index.php\/urun\/don-kisot-14\/"},"modified":"2026-04-16T03:01:48","modified_gmt":"2026-04-16T00:01:48","slug":"don-kisot-14","status":"publish","type":"product","link":"https:\/\/roveyayinevi.com.tr\/index.php\/urun\/don-kisot-14\/","title":{"rendered":"Don Ki\u015fot"},"content":{"rendered":"<p>Cesur \u015f\u00f6valyelerin \u00f6yk\u00fclerini okumay\u0131 \u00e7ok seven Man\u00e7al\u0131 Don Ki\u015fot, bir g\u00fcn bu \u00f6yk\u00fclerden etkilenerek kendi maceras\u0131n\u0131 yaratmaya karar verir. Eski p\u00fcsk\u00fc bir z\u0131rh ku\u015fanan ve ya\u015fl\u0131 bir ata binen Don Ki\u015fot, sad\u0131k yaveri San\u00e7o Panzo\u2019nun da yard\u0131m\u0131yla d\u00fcnyay\u0131 k\u00f6t\u00fcl\u00fcklerden kurtarmaya ve adalet getirmeye karar verir. Ser\u00fcvenleri boyunca bu ikilinin ba\u015flar\u0131na kimi zaman komik kimi zaman trajik olaylar gelir. \u201cMademki bu denli korkuyorsun, o h\u00e2lde \u00e7ekil bir kenara! Ben tek ba\u015f\u0131ma k\u00f6t\u00fclerin hakk\u0131ndan gelir, iyilerin yard\u0131m\u0131na ko\u015far\u0131m.\u201d<\/p>\n","protected":false},"excerpt":{"rendered":"<p>Cesur \u015f\u00f6valyelerin \u00f6yk\u00fclerini okumay\u0131 \u00e7ok seven Man\u00e7al\u0131 Don Ki\u015fot, bir g\u00fcn bu \u00f6yk\u00fclerden etkilenerek kendi maceras\u0131n\u0131 yaratmaya karar verir. Eski p\u00fcsk\u00fc bir z\u0131rh ku\u015fanan ve ya\u015fl\u0131<span class=\"excerpt-hellip\"> [\u2026]<\/span><\/p>\n","protected":false},"featured_media":0,"template":"","meta":{"_monsterinsights_skip_tracking":false,"_monsterinsights_sitenote_active":false,"_monsterinsights_sitenote_note":"","_monsterinsights_sitenote_category":0},"product_brand":[],"product_cat":[12274,12284],"product_tag":[],"class_list":{"0":"post-749251","1":"product","2":"type-product","3":"status-publish","5":"product_cat-cocuk-ve-genclik-kitaplari","6":"product_cat-hikayeler","7":"pa_cilt-ciltsiz","8":"pa_tur-kitap","9":"pa_yayinevi-peta-kitap","10":"pa_yazar-miguel-de-cervantes","12":"first","13":"instock","14":"sale","15":"shipping-taxable","16":"purchasable","17":"product-type-simple"},"_links":{"self":[{"href":"https:\/\/roveyayinevi.com.tr\/index.php\/wp-json\/wp\/v2\/product\/749251","targetHints":{"allow":["GET"]}}],"collection":[{"href":"https:\/\/roveyayinevi.com.tr\/index.php\/wp-json\/wp\/v2\/product"}],"about":[{"href":"https:\/\/roveyayinevi.com.tr\/index.php\/wp-json\/wp\/v2\/types\/product"}],"wp:attachment":[{"href":"https:\/\/roveyayinevi.com.tr\/index.php\/wp-json\/wp\/v2\/media?parent=749251"}],"wp:term":[{"taxonomy":"product_brand","embeddable":true,"href":"https:\/\/roveyayinevi.com.tr\/index.php\/wp-json\/wp\/v2\/product_brand?post=749251"},{"taxonomy":"product_cat","embeddable":true,"href":"https:\/\/roveyayinevi.com.tr\/index.php\/wp-json\/wp\/v2\/product_cat?post=749251"},{"taxonomy":"product_tag","embeddable":true,"href":"https:\/\/roveyayinevi.com.tr\/index.php\/wp-json\/wp\/v2\/product_tag?post=749251"}],"curies":[{"name":"wp","href":"https:\/\/api.w.org\/{rel}","templated":true}]}}