{"id":749250,"date":"2025-08-28T03:51:30","date_gmt":"2025-08-28T00:51:30","guid":{"rendered":"https:\/\/roveyayinevi.com.tr\/index.php\/urun\/ari-maya-2\/"},"modified":"2026-04-16T03:01:48","modified_gmt":"2026-04-16T00:01:48","slug":"ari-maya-2","status":"publish","type":"product","link":"https:\/\/roveyayinevi.com.tr\/index.php\/urun\/ari-maya-2\/","title":{"rendered":"Ar\u0131 Maya"},"content":{"rendered":"<p>K\u00fc\u00e7\u00fck bir bal ar\u0131s\u0131 olan Maya, bal toplayarak ge\u00e7ecek bir hayata boyun e\u011fmez ve bu y\u00fczden bir daha geri d\u00f6nmeme karar\u0131yla kovan\u0131ndan ka\u00e7ar. Ser\u00fcveni boyunca \u00e7ok say\u0131da b\u00f6cekle tan\u0131\u015f\u0131r; kimileriyle dost, kimileriyle d\u00fc\u015fman olur. E\u015fsiz ve harika oldu\u011funu d\u00fc\u015f\u00fcnd\u00fc\u011f\u00fc do\u011fan\u0131n keyfini \u00e7\u0131kar\u0131r. Kar\u015f\u0131la\u015ft\u0131\u011f\u0131 her zorluktan cesareti sayesinde kurtulur. Ancak bir g\u00fcn bir grup yaban ar\u0131s\u0131n\u0131n kovan\u0131na sald\u0131rmak \u00fczere yola \u00e7\u0131kt\u0131\u011f\u0131n\u0131 \u00f6\u011frenince halk\u0131n\u0131 kurtarmak \u00fczere geri d\u00f6ner\u2026 \u201cU\u00e7mak nas\u0131lm\u0131\u015f \u00f6\u011frenece\u011fim. Di\u011fer ar\u0131lar\u0131n anlatt\u0131klar\u0131 o yemye\u015fil \u00e7ay\u0131rlar, renk renk \u00e7i\u00e7ekler, masmavi g\u00f6ky\u00fcz\u00fc bakal\u0131m do\u011fru muymu\u015f?\u201d<\/p>\n","protected":false},"excerpt":{"rendered":"<p>K\u00fc\u00e7\u00fck bir bal ar\u0131s\u0131 olan Maya, bal toplayarak ge\u00e7ecek bir hayata boyun e\u011fmez ve bu y\u00fczden bir daha geri d\u00f6nmeme karar\u0131yla kovan\u0131ndan ka\u00e7ar. Ser\u00fcveni boyunca \u00e7ok<span class=\"excerpt-hellip\"> [\u2026]<\/span><\/p>\n","protected":false},"featured_media":0,"template":"","meta":{"_monsterinsights_skip_tracking":false,"_monsterinsights_sitenote_active":false,"_monsterinsights_sitenote_note":"","_monsterinsights_sitenote_category":0},"product_brand":[],"product_cat":[12274,12284],"product_tag":[],"class_list":{"0":"post-749250","1":"product","2":"type-product","3":"status-publish","5":"product_cat-cocuk-ve-genclik-kitaplari","6":"product_cat-hikayeler","7":"pa_cilt-ciltsiz","8":"pa_tur-kitap","9":"pa_yayinevi-peta-kitap","10":"pa_yazar-waldemar-bonsels","12":"first","13":"instock","14":"sale","15":"shipping-taxable","16":"purchasable","17":"product-type-simple"},"_links":{"self":[{"href":"https:\/\/roveyayinevi.com.tr\/index.php\/wp-json\/wp\/v2\/product\/749250","targetHints":{"allow":["GET"]}}],"collection":[{"href":"https:\/\/roveyayinevi.com.tr\/index.php\/wp-json\/wp\/v2\/product"}],"about":[{"href":"https:\/\/roveyayinevi.com.tr\/index.php\/wp-json\/wp\/v2\/types\/product"}],"wp:attachment":[{"href":"https:\/\/roveyayinevi.com.tr\/index.php\/wp-json\/wp\/v2\/media?parent=749250"}],"wp:term":[{"taxonomy":"product_brand","embeddable":true,"href":"https:\/\/roveyayinevi.com.tr\/index.php\/wp-json\/wp\/v2\/product_brand?post=749250"},{"taxonomy":"product_cat","embeddable":true,"href":"https:\/\/roveyayinevi.com.tr\/index.php\/wp-json\/wp\/v2\/product_cat?post=749250"},{"taxonomy":"product_tag","embeddable":true,"href":"https:\/\/roveyayinevi.com.tr\/index.php\/wp-json\/wp\/v2\/product_tag?post=749250"}],"curies":[{"name":"wp","href":"https:\/\/api.w.org\/{rel}","templated":true}]}}