{"id":749243,"date":"2025-08-28T03:51:19","date_gmt":"2025-08-28T00:51:19","guid":{"rendered":"https:\/\/roveyayinevi.com.tr\/index.php\/urun\/elmer-ve-ruzgar\/"},"modified":"2026-04-16T03:01:47","modified_gmt":"2026-04-16T00:01:47","slug":"elmer-ve-ruzgar","status":"publish","type":"product","link":"https:\/\/roveyayinevi.com.tr\/index.php\/urun\/elmer-ve-ruzgar\/","title":{"rendered":"Elmer ve R\u00fczgar"},"content":{"rendered":"<p>\u00c7ok ama \u00e7ok r\u00fczg\u00e2rl\u0131 bir g\u00fcnde Elmer ve kuzeni Wilbur yine muziplik pe\u015finde; arkada\u015flar\u0131n\u0131 Elmer\u2019in r\u00fczg\u00e2rla birlikte u\u00e7up gitti\u011fine inand\u0131rmaya \u00e7al\u0131\u015f\u0131yorlar. Ama bu s\u0131rada r\u00fczg\u00e2r\u0131n ne kadar \u015fiddetli oldu\u011funu fark etmiyorlar. Bu maceran\u0131n sonunda Elmer\u2019i b\u00fcy\u00fck bir s\u00fcrpriz bekliyor.<\/p>\n","protected":false},"excerpt":{"rendered":"<p>\u00c7ok ama \u00e7ok r\u00fczg\u00e2rl\u0131 bir g\u00fcnde Elmer ve kuzeni Wilbur yine muziplik pe\u015finde; arkada\u015flar\u0131n\u0131 Elmer\u2019in r\u00fczg\u00e2rla birlikte u\u00e7up gitti\u011fine inand\u0131rmaya \u00e7al\u0131\u015f\u0131yorlar. Ama bu s\u0131rada r\u00fczg\u00e2r\u0131n ne<span class=\"excerpt-hellip\"> [\u2026]<\/span><\/p>\n","protected":false},"featured_media":0,"template":"","meta":{"_monsterinsights_skip_tracking":false,"_monsterinsights_sitenote_active":false,"_monsterinsights_sitenote_note":"","_monsterinsights_sitenote_category":0},"product_brand":[],"product_cat":[12274,12284],"product_tag":[],"class_list":{"0":"post-749243","1":"product","2":"type-product","3":"status-publish","5":"product_cat-cocuk-ve-genclik-kitaplari","6":"product_cat-hikayeler","7":"pa_cilt-ciltsiz","8":"pa_tur-kitap","9":"pa_yayinevi-mundi","10":"pa_yazar-david-mckee","12":"first","13":"instock","14":"sale","15":"shipping-taxable","16":"purchasable","17":"product-type-simple"},"_links":{"self":[{"href":"https:\/\/roveyayinevi.com.tr\/index.php\/wp-json\/wp\/v2\/product\/749243","targetHints":{"allow":["GET"]}}],"collection":[{"href":"https:\/\/roveyayinevi.com.tr\/index.php\/wp-json\/wp\/v2\/product"}],"about":[{"href":"https:\/\/roveyayinevi.com.tr\/index.php\/wp-json\/wp\/v2\/types\/product"}],"wp:attachment":[{"href":"https:\/\/roveyayinevi.com.tr\/index.php\/wp-json\/wp\/v2\/media?parent=749243"}],"wp:term":[{"taxonomy":"product_brand","embeddable":true,"href":"https:\/\/roveyayinevi.com.tr\/index.php\/wp-json\/wp\/v2\/product_brand?post=749243"},{"taxonomy":"product_cat","embeddable":true,"href":"https:\/\/roveyayinevi.com.tr\/index.php\/wp-json\/wp\/v2\/product_cat?post=749243"},{"taxonomy":"product_tag","embeddable":true,"href":"https:\/\/roveyayinevi.com.tr\/index.php\/wp-json\/wp\/v2\/product_tag?post=749243"}],"curies":[{"name":"wp","href":"https:\/\/api.w.org\/{rel}","templated":true}]}}