{"id":749242,"date":"2025-08-28T03:51:17","date_gmt":"2025-08-28T00:51:17","guid":{"rendered":"https:\/\/roveyayinevi.com.tr\/index.php\/urun\/elmer-ve-yaris\/"},"modified":"2026-04-16T03:01:47","modified_gmt":"2026-04-16T00:01:47","slug":"elmer-ve-yaris","status":"publish","type":"product","link":"https:\/\/roveyayinevi.com.tr\/index.php\/urun\/elmer-ve-yaris\/","title":{"rendered":"Elmer ve Yar\u0131\u015f"},"content":{"rendered":"<p>Gen\u00e7 filler ne kadar h\u0131zl\u0131 olduklar\u0131n\u0131 kan\u0131tlamak isteyince, Elmer ve Wilbur bir yar\u0131\u015f parkuru haz\u0131rl\u0131yorlar. Ama bu yar\u0131\u015fta birinci olmak \u00f6nemli de\u011fil; \u00f6nemli olan yar\u0131\u015f\u0131 iyi y\u00f6netebilmek.<\/p>\n","protected":false},"excerpt":{"rendered":"<p>Gen\u00e7 filler ne kadar h\u0131zl\u0131 olduklar\u0131n\u0131 kan\u0131tlamak isteyince, Elmer ve Wilbur bir yar\u0131\u015f parkuru haz\u0131rl\u0131yorlar. Ama bu yar\u0131\u015fta birinci olmak \u00f6nemli de\u011fil; \u00f6nemli olan yar\u0131\u015f\u0131 iyi<span class=\"excerpt-hellip\"> [\u2026]<\/span><\/p>\n","protected":false},"featured_media":0,"template":"","meta":{"_monsterinsights_skip_tracking":false,"_monsterinsights_sitenote_active":false,"_monsterinsights_sitenote_note":"","_monsterinsights_sitenote_category":0},"product_brand":[],"product_cat":[12274,12284],"product_tag":[],"class_list":{"0":"post-749242","1":"product","2":"type-product","3":"status-publish","5":"product_cat-cocuk-ve-genclik-kitaplari","6":"product_cat-hikayeler","7":"pa_cilt-ciltsiz","8":"pa_tur-kitap","9":"pa_yayinevi-mundi","10":"pa_yazar-david-mckee","12":"first","13":"instock","14":"sale","15":"shipping-taxable","16":"purchasable","17":"product-type-simple"},"_links":{"self":[{"href":"https:\/\/roveyayinevi.com.tr\/index.php\/wp-json\/wp\/v2\/product\/749242","targetHints":{"allow":["GET"]}}],"collection":[{"href":"https:\/\/roveyayinevi.com.tr\/index.php\/wp-json\/wp\/v2\/product"}],"about":[{"href":"https:\/\/roveyayinevi.com.tr\/index.php\/wp-json\/wp\/v2\/types\/product"}],"wp:attachment":[{"href":"https:\/\/roveyayinevi.com.tr\/index.php\/wp-json\/wp\/v2\/media?parent=749242"}],"wp:term":[{"taxonomy":"product_brand","embeddable":true,"href":"https:\/\/roveyayinevi.com.tr\/index.php\/wp-json\/wp\/v2\/product_brand?post=749242"},{"taxonomy":"product_cat","embeddable":true,"href":"https:\/\/roveyayinevi.com.tr\/index.php\/wp-json\/wp\/v2\/product_cat?post=749242"},{"taxonomy":"product_tag","embeddable":true,"href":"https:\/\/roveyayinevi.com.tr\/index.php\/wp-json\/wp\/v2\/product_tag?post=749242"}],"curies":[{"name":"wp","href":"https:\/\/api.w.org\/{rel}","templated":true}]}}