{"id":749241,"date":"2025-08-28T03:51:16","date_gmt":"2025-08-28T00:51:16","guid":{"rendered":"https:\/\/roveyayinevi.com.tr\/index.php\/urun\/elmer-ve-kar\/"},"modified":"2026-04-16T03:01:47","modified_gmt":"2026-04-16T00:01:47","slug":"elmer-ve-kar","status":"publish","type":"product","link":"https:\/\/roveyayinevi.com.tr\/index.php\/urun\/elmer-ve-kar\/","title":{"rendered":"Elmer ve Kar"},"content":{"rendered":"<p>Elmer fillerin so\u011fuktan \u015fik\u00e2yet ettiklerini \u00f6\u011frenince onlar\u0131 \u00e7ok daha so\u011fuk bir yere g\u00f6t\u00fcr\u00fcyor. Bu macerada Elmer k\u0131\u015f\u0131n ne kadar e\u011flenceli olabilece\u011fini herkese g\u00f6steriyor.<\/p>\n","protected":false},"excerpt":{"rendered":"<p>Elmer fillerin so\u011fuktan \u015fik\u00e2yet ettiklerini \u00f6\u011frenince onlar\u0131 \u00e7ok daha so\u011fuk bir yere g\u00f6t\u00fcr\u00fcyor. Bu macerada Elmer k\u0131\u015f\u0131n ne kadar e\u011flenceli olabilece\u011fini herkese g\u00f6steriyor.<\/p>\n","protected":false},"featured_media":0,"template":"","meta":{"_monsterinsights_skip_tracking":false,"_monsterinsights_sitenote_active":false,"_monsterinsights_sitenote_note":"","_monsterinsights_sitenote_category":0},"product_brand":[],"product_cat":[12274,12284],"product_tag":[],"class_list":{"0":"post-749241","1":"product","2":"type-product","3":"status-publish","5":"product_cat-cocuk-ve-genclik-kitaplari","6":"product_cat-hikayeler","7":"pa_cilt-ciltsiz","8":"pa_tur-kitap","9":"pa_yayinevi-mundi","10":"pa_yazar-david-mckee","12":"first","13":"instock","14":"sale","15":"shipping-taxable","16":"purchasable","17":"product-type-simple"},"_links":{"self":[{"href":"https:\/\/roveyayinevi.com.tr\/index.php\/wp-json\/wp\/v2\/product\/749241","targetHints":{"allow":["GET"]}}],"collection":[{"href":"https:\/\/roveyayinevi.com.tr\/index.php\/wp-json\/wp\/v2\/product"}],"about":[{"href":"https:\/\/roveyayinevi.com.tr\/index.php\/wp-json\/wp\/v2\/types\/product"}],"wp:attachment":[{"href":"https:\/\/roveyayinevi.com.tr\/index.php\/wp-json\/wp\/v2\/media?parent=749241"}],"wp:term":[{"taxonomy":"product_brand","embeddable":true,"href":"https:\/\/roveyayinevi.com.tr\/index.php\/wp-json\/wp\/v2\/product_brand?post=749241"},{"taxonomy":"product_cat","embeddable":true,"href":"https:\/\/roveyayinevi.com.tr\/index.php\/wp-json\/wp\/v2\/product_cat?post=749241"},{"taxonomy":"product_tag","embeddable":true,"href":"https:\/\/roveyayinevi.com.tr\/index.php\/wp-json\/wp\/v2\/product_tag?post=749241"}],"curies":[{"name":"wp","href":"https:\/\/api.w.org\/{rel}","templated":true}]}}