{"id":749232,"date":"2025-08-28T03:51:01","date_gmt":"2025-08-28T00:51:01","guid":{"rendered":"https:\/\/roveyayinevi.com.tr\/index.php\/urun\/cakma-messi\/"},"modified":"2026-04-12T03:05:44","modified_gmt":"2026-04-12T00:05:44","slug":"cakma-messi","status":"publish","type":"product","link":"https:\/\/roveyayinevi.com.tr\/index.php\/urun\/cakma-messi\/","title":{"rendered":"\u00c7akma Messi"},"content":{"rendered":"<p>Bir Futbol Dahisi mi? Yoksa Her \u015eey Sakarl\u0131klar Zinciri mi?   \u00c7AKMA MESS\u0130 Mahallede macera, Okulda Aksiyon\u2026 Heyecan Dolu Ma\u00e7lar, \u0130nan\u0131lmaz Goller, G\u0131rg\u0131r \u015eamata ve Bol Kahkaha\u2026   Uyu\u015fuk, S\u0131r\u0131k, Ta\u015fkafa, Takoz, Kemik, Kazma, F\u0131nd\u0131k, Kirpi, Laz ve Mucit\u2026   Bu on kafadar mahalle arkada\u015f\u0131, okulun futbol tak\u0131m\u0131nda yenilgiden yenilgiye ko\u015farken, \u00e7aresizce \u00e7abalayan bu tak\u0131m\u0131 kurtarmak hi\u00e7 ummad\u0131klar\u0131 bir ki\u015fiye kal\u0131r. Okulda yeni olan bu \u00e7ocuk ne \u00e7al\u0131mlar\u0131yla ne pas yetene\u011fiyle ne de top s\u00fcrmesiyle dikkat \u00e7ekmezken, her defas\u0131nda, tam da \u2018yenildik\u2019 derken, ilgin\u00e7 golleriyle tak\u0131m arkada\u015flar\u0131n\u0131 \u015fa\u015fk\u0131na u\u011frat\u0131r. Sonra m\u0131?   Bizim kafadarlar; bir g\u00fcn aniden, kep\u00e7e kulaklar\u0131 ve kirpi gibi sa\u00e7lar\u0131yla hayatlar\u0131na giren bu gizemli tak\u0131m arkada\u015flar\u0131yla komik bir futbol maceras\u0131n\u0131n i\u00e7inde bulurlar kendilerini. Tak\u0131m\u0131n gol makinas\u0131 bu \u00e7ocuk, acayip bir Messi hayran\u0131 Mehmet Emin S\u0131tk\u0131 Sipsio\u011flu\u2019ndan ba\u015fkas\u0131 de\u011fildir.   Komik tipler, ger\u00e7ek dostluklar, bir solukta okuyaca\u011f\u0131n\u0131z maceralar\u2026 <\/p>\n","protected":false},"excerpt":{"rendered":"<p>Bir Futbol Dahisi mi? Yoksa Her \u015eey Sakarl\u0131klar Zinciri mi? \u00c7AKMA MESS\u0130 Mahallede macera, Okulda Aksiyon\u2026 Heyecan Dolu Ma\u00e7lar, \u0130nan\u0131lmaz Goller, G\u0131rg\u0131r \u015eamata ve Bol Kahkaha\u2026<span class=\"excerpt-hellip\"> [\u2026]<\/span><\/p>\n","protected":false},"featured_media":0,"template":"","meta":{"_monsterinsights_skip_tracking":false,"_monsterinsights_sitenote_active":false,"_monsterinsights_sitenote_note":"","_monsterinsights_sitenote_category":0},"product_brand":[],"product_cat":[12274,12284],"product_tag":[],"class_list":{"0":"post-749232","1":"product","2":"type-product","3":"status-publish","5":"product_cat-cocuk-ve-genclik-kitaplari","6":"product_cat-hikayeler","7":"pa_cilt-ciltsiz","8":"pa_tur-kitap","9":"pa_yayinevi-hayykitap","10":"pa_yazar-serdar-ergun","12":"first","13":"instock","14":"sale","15":"shipping-taxable","16":"purchasable","17":"product-type-simple"},"_links":{"self":[{"href":"https:\/\/roveyayinevi.com.tr\/index.php\/wp-json\/wp\/v2\/product\/749232","targetHints":{"allow":["GET"]}}],"collection":[{"href":"https:\/\/roveyayinevi.com.tr\/index.php\/wp-json\/wp\/v2\/product"}],"about":[{"href":"https:\/\/roveyayinevi.com.tr\/index.php\/wp-json\/wp\/v2\/types\/product"}],"wp:attachment":[{"href":"https:\/\/roveyayinevi.com.tr\/index.php\/wp-json\/wp\/v2\/media?parent=749232"}],"wp:term":[{"taxonomy":"product_brand","embeddable":true,"href":"https:\/\/roveyayinevi.com.tr\/index.php\/wp-json\/wp\/v2\/product_brand?post=749232"},{"taxonomy":"product_cat","embeddable":true,"href":"https:\/\/roveyayinevi.com.tr\/index.php\/wp-json\/wp\/v2\/product_cat?post=749232"},{"taxonomy":"product_tag","embeddable":true,"href":"https:\/\/roveyayinevi.com.tr\/index.php\/wp-json\/wp\/v2\/product_tag?post=749232"}],"curies":[{"name":"wp","href":"https:\/\/api.w.org\/{rel}","templated":true}]}}