{"id":749229,"date":"2025-08-28T03:50:26","date_gmt":"2025-08-28T00:50:26","guid":{"rendered":"https:\/\/roveyayinevi.com.tr\/index.php\/urun\/minik-coban-ile-kelebek-kiz\/"},"modified":"2026-04-16T03:01:47","modified_gmt":"2026-04-16T00:01:47","slug":"minik-coban-ile-kelebek-kiz","status":"publish","type":"product","link":"https:\/\/roveyayinevi.com.tr\/index.php\/urun\/minik-coban-ile-kelebek-kiz\/","title":{"rendered":"Minik \u00c7oban ile Kelebek K\u0131z"},"content":{"rendered":"<p>Kelebekler \u00dclkesi\u2019nde herkes \u00e7ok \u00fczg\u00fcn. Ana Kelebek, kendini iyi hissetmiyor. Onu iyile\u015ftirecek tek \u015feyin daha \u00f6nce duymad\u0131\u011f\u0131 bir ezgiyi dinlemek oldu\u011funu s\u00f6yl\u00fcyor. Bu ezgiyi \u00e7alabilen tek ki\u015fi ise Minik \u00c7oban. Kelebek K\u0131z ile Minik \u00c7oban\u2019\u0131 sevgi dolu bir macera bekliyor. Minikler, masal tad\u0131ndaki bu hik\u00e2yeyi okurken iyilik ve dostlu\u011fun g\u00fcc\u00fcn\u00fc hissedecek <\/p>\n","protected":false},"excerpt":{"rendered":"<p>Kelebekler \u00dclkesi\u2019nde herkes \u00e7ok \u00fczg\u00fcn. Ana Kelebek, kendini iyi hissetmiyor. Onu iyile\u015ftirecek tek \u015feyin daha \u00f6nce duymad\u0131\u011f\u0131 bir ezgiyi dinlemek oldu\u011funu s\u00f6yl\u00fcyor. Bu ezgiyi \u00e7alabilen tek<span class=\"excerpt-hellip\"> [\u2026]<\/span><\/p>\n","protected":false},"featured_media":0,"template":"","meta":{"_monsterinsights_skip_tracking":false,"_monsterinsights_sitenote_active":false,"_monsterinsights_sitenote_note":"","_monsterinsights_sitenote_category":0},"product_brand":[],"product_cat":[12274,12518],"product_tag":[],"class_list":{"0":"post-749229","1":"product","2":"type-product","3":"status-publish","5":"product_cat-cocuk-ve-genclik-kitaplari","6":"product_cat-okul-oncesi-kitaplar","7":"pa_cilt-ciltsiz","8":"pa_tur-kitap","9":"pa_yayinevi-is-bankasi-kultur-yayinlari","10":"pa_yazar-gorkem-yeltan","12":"first","13":"instock","14":"sale","15":"shipping-taxable","16":"purchasable","17":"product-type-simple"},"_links":{"self":[{"href":"https:\/\/roveyayinevi.com.tr\/index.php\/wp-json\/wp\/v2\/product\/749229","targetHints":{"allow":["GET"]}}],"collection":[{"href":"https:\/\/roveyayinevi.com.tr\/index.php\/wp-json\/wp\/v2\/product"}],"about":[{"href":"https:\/\/roveyayinevi.com.tr\/index.php\/wp-json\/wp\/v2\/types\/product"}],"wp:attachment":[{"href":"https:\/\/roveyayinevi.com.tr\/index.php\/wp-json\/wp\/v2\/media?parent=749229"}],"wp:term":[{"taxonomy":"product_brand","embeddable":true,"href":"https:\/\/roveyayinevi.com.tr\/index.php\/wp-json\/wp\/v2\/product_brand?post=749229"},{"taxonomy":"product_cat","embeddable":true,"href":"https:\/\/roveyayinevi.com.tr\/index.php\/wp-json\/wp\/v2\/product_cat?post=749229"},{"taxonomy":"product_tag","embeddable":true,"href":"https:\/\/roveyayinevi.com.tr\/index.php\/wp-json\/wp\/v2\/product_tag?post=749229"}],"curies":[{"name":"wp","href":"https:\/\/api.w.org\/{rel}","templated":true}]}}