{"id":749228,"date":"2025-08-28T03:50:25","date_gmt":"2025-08-28T00:50:25","guid":{"rendered":"https:\/\/roveyayinevi.com.tr\/index.php\/urun\/buyumek-isteyen-fil\/"},"modified":"2026-04-16T03:01:47","modified_gmt":"2026-04-16T00:01:47","slug":"buyumek-isteyen-fil","status":"publish","type":"product","link":"https:\/\/roveyayinevi.com.tr\/index.php\/urun\/buyumek-isteyen-fil\/","title":{"rendered":"B\u00fcy\u00fcmek \u0130steyen Fil"},"content":{"rendered":"<p>S\u00fcr\u00fcn\u00fcn en k\u00fc\u00e7\u00fck fili Tonti, hemen b\u00fcy\u00fcmek istiyordu. Ailenin en k\u00fc\u00e7\u00fc\u011f\u00fc olmak Tonti i\u00e7in biraz s\u0131k\u0131c\u0131yd\u0131 do\u011frusu. Di\u011fer hayvanlar\u0131n ya\u015fant\u0131lar\u0131n\u0131 merak eden Tonti, bir ke\u015fif gezisine \u00e7\u0131kt\u0131. Aslanlar\u0131n, yarasalar\u0131n, timsahlar\u0131n ve di\u011fer hayvanlar\u0131n ya\u015famlar\u0131n\u0131 izledi. Ya\u015fad\u0131\u011f\u0131 maceralar k\u00fc\u00e7\u00fck filin fikrini de\u011fi\u015ftirecek mi acaba? \u00c7ocuklar bu sevgi dolu hik\u00e2yede k\u00fc\u00e7\u00fck olmak, b\u00fcy\u00fcmek ve bir aileye sahip olman\u0131n \u00f6nemine tan\u0131k olurken, bilgi sayfalar\u0131ndan fillere dair ilgin\u00e7 bilgiler de edinebilirler. <\/p>\n","protected":false},"excerpt":{"rendered":"<p>S\u00fcr\u00fcn\u00fcn en k\u00fc\u00e7\u00fck fili Tonti, hemen b\u00fcy\u00fcmek istiyordu. Ailenin en k\u00fc\u00e7\u00fc\u011f\u00fc olmak Tonti i\u00e7in biraz s\u0131k\u0131c\u0131yd\u0131 do\u011frusu. Di\u011fer hayvanlar\u0131n ya\u015fant\u0131lar\u0131n\u0131 merak eden Tonti, bir ke\u015fif gezisine<span class=\"excerpt-hellip\"> [\u2026]<\/span><\/p>\n","protected":false},"featured_media":0,"template":"","meta":{"_monsterinsights_skip_tracking":false,"_monsterinsights_sitenote_active":false,"_monsterinsights_sitenote_note":"","_monsterinsights_sitenote_category":0},"product_brand":[],"product_cat":[12274,12518],"product_tag":[],"class_list":{"0":"post-749228","1":"product","2":"type-product","3":"status-publish","5":"product_cat-cocuk-ve-genclik-kitaplari","6":"product_cat-okul-oncesi-kitaplar","7":"pa_cilt-ciltsiz","8":"pa_tur-kitap","9":"pa_yayinevi-is-bankasi-kultur-yayinlari","10":"pa_yazar-andrea-reitmeyer","12":"first","13":"instock","14":"sale","15":"shipping-taxable","16":"purchasable","17":"product-type-simple"},"_links":{"self":[{"href":"https:\/\/roveyayinevi.com.tr\/index.php\/wp-json\/wp\/v2\/product\/749228","targetHints":{"allow":["GET"]}}],"collection":[{"href":"https:\/\/roveyayinevi.com.tr\/index.php\/wp-json\/wp\/v2\/product"}],"about":[{"href":"https:\/\/roveyayinevi.com.tr\/index.php\/wp-json\/wp\/v2\/types\/product"}],"wp:attachment":[{"href":"https:\/\/roveyayinevi.com.tr\/index.php\/wp-json\/wp\/v2\/media?parent=749228"}],"wp:term":[{"taxonomy":"product_brand","embeddable":true,"href":"https:\/\/roveyayinevi.com.tr\/index.php\/wp-json\/wp\/v2\/product_brand?post=749228"},{"taxonomy":"product_cat","embeddable":true,"href":"https:\/\/roveyayinevi.com.tr\/index.php\/wp-json\/wp\/v2\/product_cat?post=749228"},{"taxonomy":"product_tag","embeddable":true,"href":"https:\/\/roveyayinevi.com.tr\/index.php\/wp-json\/wp\/v2\/product_tag?post=749228"}],"curies":[{"name":"wp","href":"https:\/\/api.w.org\/{rel}","templated":true}]}}