{"id":749227,"date":"2025-08-28T03:50:24","date_gmt":"2025-08-28T00:50:24","guid":{"rendered":"https:\/\/roveyayinevi.com.tr\/index.php\/urun\/annem-yani-basimda\/"},"modified":"2026-04-16T03:01:47","modified_gmt":"2026-04-16T00:01:47","slug":"annem-yani-basimda","status":"publish","type":"product","link":"https:\/\/roveyayinevi.com.tr\/index.php\/urun\/annem-yani-basimda\/","title":{"rendered":"Annem Yan\u0131 Ba\u015f\u0131mda"},"content":{"rendered":"<p>Minik Sincap minik yuvas\u0131n\u0131n d\u0131\u015f\u0131ndaki kocaman d\u00fcnyay\u0131 ke\u015ffetmek i\u00e7in sab\u0131rs\u0131zlan\u0131yor. Annesinin yan\u0131 ba\u015f\u0131nda oldu\u011funu bilmek, Minik Sincap\u2019a yeni hayvanlarla tan\u0131\u015f\u0131p yeni yerler ke\u015ffetme cesareti verecek mi dersiniz ? <\/p>\n","protected":false},"excerpt":{"rendered":"<p>Minik Sincap minik yuvas\u0131n\u0131n d\u0131\u015f\u0131ndaki kocaman d\u00fcnyay\u0131 ke\u015ffetmek i\u00e7in sab\u0131rs\u0131zlan\u0131yor. Annesinin yan\u0131 ba\u015f\u0131nda oldu\u011funu bilmek, Minik Sincap\u2019a yeni hayvanlarla tan\u0131\u015f\u0131p yeni yerler ke\u015ffetme cesareti verecek mi<span class=\"excerpt-hellip\"> [\u2026]<\/span><\/p>\n","protected":false},"featured_media":0,"template":"","meta":{"_monsterinsights_skip_tracking":false,"_monsterinsights_sitenote_active":false,"_monsterinsights_sitenote_note":"","_monsterinsights_sitenote_category":0},"product_brand":[],"product_cat":[12274,12518],"product_tag":[],"class_list":{"0":"post-749227","1":"product","2":"type-product","3":"status-publish","5":"product_cat-cocuk-ve-genclik-kitaplari","6":"product_cat-okul-oncesi-kitaplar","7":"pa_cilt-ciltsiz","8":"pa_tur-kitap","9":"pa_yayinevi-is-bankasi-kultur-yayinlari","10":"pa_yazar-eilidh-rose","12":"first","13":"instock","14":"sale","15":"shipping-taxable","16":"purchasable","17":"product-type-simple"},"_links":{"self":[{"href":"https:\/\/roveyayinevi.com.tr\/index.php\/wp-json\/wp\/v2\/product\/749227","targetHints":{"allow":["GET"]}}],"collection":[{"href":"https:\/\/roveyayinevi.com.tr\/index.php\/wp-json\/wp\/v2\/product"}],"about":[{"href":"https:\/\/roveyayinevi.com.tr\/index.php\/wp-json\/wp\/v2\/types\/product"}],"wp:attachment":[{"href":"https:\/\/roveyayinevi.com.tr\/index.php\/wp-json\/wp\/v2\/media?parent=749227"}],"wp:term":[{"taxonomy":"product_brand","embeddable":true,"href":"https:\/\/roveyayinevi.com.tr\/index.php\/wp-json\/wp\/v2\/product_brand?post=749227"},{"taxonomy":"product_cat","embeddable":true,"href":"https:\/\/roveyayinevi.com.tr\/index.php\/wp-json\/wp\/v2\/product_cat?post=749227"},{"taxonomy":"product_tag","embeddable":true,"href":"https:\/\/roveyayinevi.com.tr\/index.php\/wp-json\/wp\/v2\/product_tag?post=749227"}],"curies":[{"name":"wp","href":"https:\/\/api.w.org\/{rel}","templated":true}]}}