{"id":749226,"date":"2025-08-28T03:50:23","date_gmt":"2025-08-28T00:50:23","guid":{"rendered":"https:\/\/roveyayinevi.com.tr\/index.php\/urun\/hayvanat-bahcesinde-yeni-yavrular\/"},"modified":"2026-04-16T03:01:47","modified_gmt":"2026-04-16T00:01:47","slug":"hayvanat-bahcesinde-yeni-yavrular","status":"publish","type":"product","link":"https:\/\/roveyayinevi.com.tr\/index.php\/urun\/hayvanat-bahcesinde-yeni-yavrular\/","title":{"rendered":"Hayvanat Bah\u00e7esinde Yeni Yavrular"},"content":{"rendered":"<p>Hayvanat bah\u00e7esinde b\u00fcy\u00fck heyecan var! Baharla birlikte hayvanat bah\u00e7esine yeni yavrular kat\u0131ld\u0131! Yavru bukalemunun kayboldu\u011funu \u00f6\u011frenen Kirpi Nane, hemen onu aramaya ba\u015flad\u0131. S\u00fcrekli renk de\u011fi\u015ftiren yavru bir bukalemunu bulmak pek kolay de\u011fildi. \u00dcstelik di\u011fer yavrular\u0131n da Nane\u2019nin yard\u0131m\u0131na ihtiyac\u0131 vard\u0131: Y\u00fczmek istemeyen bir fok yavrusu, s\u00fcrekli d\u00fc\u015fen yavru flamingo, k\u00fckremeyi \u00f6\u011frenmeye \u00e7al\u0131\u015fan yavru aslan\u2026 Kirpi Nane her zaman bir \u00e7\u00f6z\u00fcmle gelir! B\u00fcy\u00fck bir g\u00f6revi olan k\u00fc\u00e7\u00fck bir kirpinin e\u011flenceli \u00f6yk\u00fcs\u00fc: Kirpinin, yavru bukalemunu bulmas\u0131na yard\u0131m eder misin? <\/p>\n","protected":false},"excerpt":{"rendered":"<p>Hayvanat bah\u00e7esinde b\u00fcy\u00fck heyecan var! Baharla birlikte hayvanat bah\u00e7esine yeni yavrular kat\u0131ld\u0131! Yavru bukalemunun kayboldu\u011funu \u00f6\u011frenen Kirpi Nane, hemen onu aramaya ba\u015flad\u0131. S\u00fcrekli renk de\u011fi\u015ftiren yavru<span class=\"excerpt-hellip\"> [\u2026]<\/span><\/p>\n","protected":false},"featured_media":0,"template":"","meta":{"_monsterinsights_skip_tracking":false,"_monsterinsights_sitenote_active":false,"_monsterinsights_sitenote_note":"","_monsterinsights_sitenote_category":0},"product_brand":[],"product_cat":[12274,12518],"product_tag":[],"class_list":{"0":"post-749226","1":"product","2":"type-product","3":"status-publish","5":"product_cat-cocuk-ve-genclik-kitaplari","6":"product_cat-okul-oncesi-kitaplar","7":"pa_cilt-ciltsiz","8":"pa_tur-kitap","9":"pa_yayinevi-is-bankasi-kultur-yayinlari","10":"pa_yazar-sophie-schoenwald","12":"first","13":"instock","14":"sale","15":"shipping-taxable","16":"purchasable","17":"product-type-simple"},"_links":{"self":[{"href":"https:\/\/roveyayinevi.com.tr\/index.php\/wp-json\/wp\/v2\/product\/749226","targetHints":{"allow":["GET"]}}],"collection":[{"href":"https:\/\/roveyayinevi.com.tr\/index.php\/wp-json\/wp\/v2\/product"}],"about":[{"href":"https:\/\/roveyayinevi.com.tr\/index.php\/wp-json\/wp\/v2\/types\/product"}],"wp:attachment":[{"href":"https:\/\/roveyayinevi.com.tr\/index.php\/wp-json\/wp\/v2\/media?parent=749226"}],"wp:term":[{"taxonomy":"product_brand","embeddable":true,"href":"https:\/\/roveyayinevi.com.tr\/index.php\/wp-json\/wp\/v2\/product_brand?post=749226"},{"taxonomy":"product_cat","embeddable":true,"href":"https:\/\/roveyayinevi.com.tr\/index.php\/wp-json\/wp\/v2\/product_cat?post=749226"},{"taxonomy":"product_tag","embeddable":true,"href":"https:\/\/roveyayinevi.com.tr\/index.php\/wp-json\/wp\/v2\/product_tag?post=749226"}],"curies":[{"name":"wp","href":"https:\/\/api.w.org\/{rel}","templated":true}]}}