{"id":749224,"date":"2025-08-28T03:50:20","date_gmt":"2025-08-28T00:50:20","guid":{"rendered":"https:\/\/roveyayinevi.com.tr\/index.php\/urun\/mutlu-bir-gun-2\/"},"modified":"2026-04-16T03:01:47","modified_gmt":"2026-04-16T00:01:47","slug":"mutlu-bir-gun-2","status":"publish","type":"product","link":"https:\/\/roveyayinevi.com.tr\/index.php\/urun\/mutlu-bir-gun-2\/","title":{"rendered":"Mutlu Bir G\u00fcn!"},"content":{"rendered":"<p>G\u00fcne\u015f do\u011fdu\u011funda, yeni bir g\u00fcn ba\u015flad\u0131. \u015eimdi sahile gitme, kumsalda oyunlar oynama ve \u00e7ay\u0131n yan\u0131nda kek yeme zaman\u0131yd\u0131. Sevgi ve mutlulukla dopdolu, m\u00fckemmel bir g\u00fcn olacakt\u0131! \u201c\u00c7a\u011f\u0131n\u0131n en b\u00fcy\u00fck \u00e7izeri ve hik\u00e2ye anlat\u0131c\u0131s\u0131.\u201d                                                                  MICHAEL MORPURGO <\/p>\n","protected":false},"excerpt":{"rendered":"<p>G\u00fcne\u015f do\u011fdu\u011funda, yeni bir g\u00fcn ba\u015flad\u0131. \u015eimdi sahile gitme, kumsalda oyunlar oynama ve \u00e7ay\u0131n yan\u0131nda kek yeme zaman\u0131yd\u0131. Sevgi ve mutlulukla dopdolu, m\u00fckemmel bir g\u00fcn olacakt\u0131!<span class=\"excerpt-hellip\"> [\u2026]<\/span><\/p>\n","protected":false},"featured_media":0,"template":"","meta":{"_monsterinsights_skip_tracking":false,"_monsterinsights_sitenote_active":false,"_monsterinsights_sitenote_note":"","_monsterinsights_sitenote_category":0},"product_brand":[],"product_cat":[12274,12518],"product_tag":[],"class_list":{"0":"post-749224","1":"product","2":"type-product","3":"status-publish","5":"product_cat-cocuk-ve-genclik-kitaplari","6":"product_cat-okul-oncesi-kitaplar","7":"pa_cilt-ciltsiz","8":"pa_tur-kitap","9":"pa_yayinevi-is-bankasi-kultur-yayinlari","10":"pa_yazar-michael-foreman","12":"first","13":"instock","14":"sale","15":"shipping-taxable","16":"purchasable","17":"product-type-simple"},"_links":{"self":[{"href":"https:\/\/roveyayinevi.com.tr\/index.php\/wp-json\/wp\/v2\/product\/749224","targetHints":{"allow":["GET"]}}],"collection":[{"href":"https:\/\/roveyayinevi.com.tr\/index.php\/wp-json\/wp\/v2\/product"}],"about":[{"href":"https:\/\/roveyayinevi.com.tr\/index.php\/wp-json\/wp\/v2\/types\/product"}],"wp:attachment":[{"href":"https:\/\/roveyayinevi.com.tr\/index.php\/wp-json\/wp\/v2\/media?parent=749224"}],"wp:term":[{"taxonomy":"product_brand","embeddable":true,"href":"https:\/\/roveyayinevi.com.tr\/index.php\/wp-json\/wp\/v2\/product_brand?post=749224"},{"taxonomy":"product_cat","embeddable":true,"href":"https:\/\/roveyayinevi.com.tr\/index.php\/wp-json\/wp\/v2\/product_cat?post=749224"},{"taxonomy":"product_tag","embeddable":true,"href":"https:\/\/roveyayinevi.com.tr\/index.php\/wp-json\/wp\/v2\/product_tag?post=749224"}],"curies":[{"name":"wp","href":"https:\/\/api.w.org\/{rel}","templated":true}]}}