{"id":749220,"date":"2025-08-28T03:50:14","date_gmt":"2025-08-28T00:50:14","guid":{"rendered":"https:\/\/roveyayinevi.com.tr\/index.php\/urun\/genombilim-kisa-bir-giris\/"},"modified":"2026-04-16T03:01:47","modified_gmt":"2026-04-16T00:01:47","slug":"genombilim-kisa-bir-giris","status":"publish","type":"product","link":"https:\/\/roveyayinevi.com.tr\/index.php\/urun\/genombilim-kisa-bir-giris\/","title":{"rendered":"Genombilim &#8211; K\u0131sa Bir Giri\u015f"},"content":{"rendered":"<p>\u201c\u0130nsan genomu ve ona ili\u015fkin bilgiler ya\u015fam\u0131m\u0131z\u0131 de\u011fi\u015ftirecek\u2026 Genombilim sadece teknolojik s\u0131n\u0131rlar\u0131 de\u011fil, sosyal, hukuki ve etik s\u0131n\u0131rlar\u0131 da zorlayan ve h\u0131zla geli\u015fen bir alan. Nitekim DNA dizileme teknikleri \u00f6ylesine h\u0131zl\u0131 evrim ge\u00e7iriyor ki, son on y\u0131lda geli\u015ftirilen y\u00f6ntemler \u015fimdiden eskimi\u015f durumda.\u201d Genombilim kamuoyunda ilk kez \u0130nsan Genom Projesi\u2019yle g\u00fcndemle\u015fti. D\u00fcnyan\u0131n d\u00f6rt bir yan\u0131ndan binlerce bilimcinin tam 13 y\u0131l emek verdi\u011fi proje yakla\u015f\u0131k \u00fc\u00e7 milyar dolara mal oldu ve 2003 y\u0131l\u0131nda ba\u015far\u0131yla sona erdi. Ortaya \u00e7\u0131kan \u201charita\u201d \u00e7ok \u00f6nemli olmas\u0131na kar\u015f\u0131n, ancak ba\u015flang\u0131\u00e7 niteli\u011finde bir ad\u0131md\u0131. O g\u00fcnden bug\u00fcne binlerce insan\u0131n genom dizilimi \u00e7\u0131kar\u0131ld\u0131. Bug\u00fcn bir ki\u015finin genom dizilimini \u00e7\u0131karmak sadece birka\u00e7 g\u00fcn al\u0131yor ve olduk\u00e7a ucuzlad\u0131. Gittik\u00e7e yayg\u0131nla\u015fan ki\u015fisel genom dizilemeyle birlikte, ki\u015fiselle\u015ftirilmi\u015f t\u0131p \u00e7a\u011f\u0131 gelip kap\u0131m\u0131za dayanm\u0131\u015f durumda. Genombilim, di\u011fer ad\u0131yla genomik, d\u00fcnyam\u0131z\u0131 hayal edemeyece\u011fimiz bi\u00e7imlerde de\u011fi\u015ftirece\u011fe benziyor. Teknoloji odakl\u0131 olmas\u0131 nedeniyle son y\u0131llarda biyolojinin belki de en h\u0131zl\u0131 geli\u015fen dal\u0131 olan genomik, asl\u0131nda epey geni\u015f kapsaml\u0131 bir alan. Oxford \u00dcniversitesi\u2019nin cep kitaplar\u0131 serisinden yay\u0131nlanan bu kitapta Kanadal\u0131 molek\u00fcler biyolog ve yazar John M. Archibald okura doyurucu bir \u00f6zet sunmay\u0131 ba\u015far\u0131yor. <\/p>\n","protected":false},"excerpt":{"rendered":"<p>\u201c\u0130nsan genomu ve ona ili\u015fkin bilgiler ya\u015fam\u0131m\u0131z\u0131 de\u011fi\u015ftirecek\u2026 Genombilim sadece teknolojik s\u0131n\u0131rlar\u0131 de\u011fil, sosyal, hukuki ve etik s\u0131n\u0131rlar\u0131 da zorlayan ve h\u0131zla geli\u015fen bir alan. Nitekim<span class=\"excerpt-hellip\"> [\u2026]<\/span><\/p>\n","protected":false},"featured_media":0,"template":"","meta":{"_monsterinsights_skip_tracking":false,"_monsterinsights_sitenote_active":false,"_monsterinsights_sitenote_note":"","_monsterinsights_sitenote_category":0},"product_brand":[],"product_cat":[13005,37328],"product_tag":[],"class_list":{"0":"post-749220","1":"product","2":"type-product","3":"status-publish","5":"product_cat-bilim-muhendislik","6":"product_cat-diger-bilim-muhendislik","7":"pa_cilt-ciltsiz","8":"pa_tur-kitap","9":"pa_yayinevi-is-bankasi-kultur-yayinlari","10":"pa_yazar-john-archibald","12":"first","13":"instock","14":"sale","15":"shipping-taxable","16":"purchasable","17":"product-type-simple"},"_links":{"self":[{"href":"https:\/\/roveyayinevi.com.tr\/index.php\/wp-json\/wp\/v2\/product\/749220","targetHints":{"allow":["GET"]}}],"collection":[{"href":"https:\/\/roveyayinevi.com.tr\/index.php\/wp-json\/wp\/v2\/product"}],"about":[{"href":"https:\/\/roveyayinevi.com.tr\/index.php\/wp-json\/wp\/v2\/types\/product"}],"wp:attachment":[{"href":"https:\/\/roveyayinevi.com.tr\/index.php\/wp-json\/wp\/v2\/media?parent=749220"}],"wp:term":[{"taxonomy":"product_brand","embeddable":true,"href":"https:\/\/roveyayinevi.com.tr\/index.php\/wp-json\/wp\/v2\/product_brand?post=749220"},{"taxonomy":"product_cat","embeddable":true,"href":"https:\/\/roveyayinevi.com.tr\/index.php\/wp-json\/wp\/v2\/product_cat?post=749220"},{"taxonomy":"product_tag","embeddable":true,"href":"https:\/\/roveyayinevi.com.tr\/index.php\/wp-json\/wp\/v2\/product_tag?post=749220"}],"curies":[{"name":"wp","href":"https:\/\/api.w.org\/{rel}","templated":true}]}}