{"id":749219,"date":"2025-08-28T03:50:13","date_gmt":"2025-08-28T00:50:13","guid":{"rendered":"https:\/\/roveyayinevi.com.tr\/index.php\/urun\/mucizeler\/"},"modified":"2026-04-16T03:01:47","modified_gmt":"2026-04-16T00:01:47","slug":"mucizeler","status":"publish","type":"product","link":"https:\/\/roveyayinevi.com.tr\/index.php\/urun\/mucizeler\/","title":{"rendered":"Mucizeler"},"content":{"rendered":"<p>Mar\u00eda, Carmen ve Alicia\u2019n\u0131n hik\u00e2yesi, 1969\u2019da, yeni do\u011fan k\u0131z\u0131 Carmen\u2019i geride b\u0131rakarak \u00e7al\u0131\u015f\u0131p eve para yollama umuduyla Madrid\u2019e ta\u015f\u0131nan Mar\u00eda ile ba\u015flar. Fakat umutlar\u0131 bo\u015fa \u00e7\u0131kacak, araya giren y\u0131llarda anne k\u0131z\u0131n hayatlar\u0131 birbirlerinden uzakla\u015facakt\u0131r. 2018\u2019de Mar\u00eda\u2019n\u0131n torunu Alicia da babas\u0131n\u0131n intihar\u0131yla sona eren varl\u0131kl\u0131 g\u00fcnlerin ard\u0131ndan Madrid\u2019e ta\u015f\u0131nm\u0131\u015f, Atocha tren istasyonundaki bir d\u00fckk\u00e2nda \u00e7al\u0131\u015fmaya ba\u015flam\u0131\u015ft\u0131r. \u0130stasyon \u00e7ok ge\u00e7meden protesto y\u00fcr\u00fcy\u00fc\u015f\u00fcne kat\u0131lmak i\u00e7in \u015fehrin d\u00f6rt bir yan\u0131ndan gelen kad\u0131nlarla dolar. Y\u00fcr\u00fcy\u00fc\u015f\u00e7\u00fcler aras\u0131nda anneannesi de vard\u0131r. \u0130spanyol edebiyat\u0131n\u0131n son d\u00f6nemde ad\u0131ndan s\u0131k\u00e7a s\u00f6z ettiren yazarlar\u0131 aras\u0131na giren Elena Medel, bu etkileyici ilk roman\u0131n fonuna \u0130spanya\u2019n\u0131n \u2013Franco diktat\u00f6rl\u00fc\u011f\u00fcn\u00fcn son y\u0131llar\u0131ndan, geni\u015f \u00e7apta bir kad\u0131n hareketine sahne olan g\u00fcn\u00fcm\u00fcz Madrid\u2019ine kadar\u2013 elli y\u0131ll\u0131k tarihini al\u0131yor. \u015eimdiden on be\u015f dile \u00e7evrilen Mucizeler, ki\u015fisel olanla toplumsal olan\u0131 harmanlayarak \u00fc\u00e7 ku\u015faktan kad\u0131n\u0131n hayat\u0131nda zamanla nelerin de\u011fi\u015fti\u011fini ve nelerin inatla ayn\u0131 kald\u0131\u011f\u0131n\u0131 g\u00f6zler \u00f6n\u00fcne seriyor. \u201cMucizeler bir \u015fairin roman\u0131; hassas ama g\u00fc\u00e7l\u00fc, imgeleri haf\u0131zada derin izler b\u0131rak\u0131yor.\u201d -Hilary Mantel \u201cVirginia Woolf\u2019un korkusuzlu\u011funu hat\u0131rlat\u0131yor. \u0130spanya\u2019n\u0131n en iyi \u015fairlerinden biri, \u0130spanya\u2019n\u0131n en iyi romanc\u0131lar\u0131ndan biri haline geldi.\u201d -El Pa\u00eds \u201cMucizeler i\u015f\u00e7i s\u0131n\u0131f\u0131ndan \u00fc\u00e7 kad\u0131na hayat veriyor; s\u0131n\u0131f, feminizm ve aile ba\u011flar\u0131n\u0131n karma\u015f\u0131kl\u0131\u011f\u0131 gibi konular\u0131 \u00f6n plana alan dingin ama isyank\u00e2r bir roman.\u201d -Mariana Enr\u00edquez <\/p>\n","protected":false},"excerpt":{"rendered":"<p>Mar\u00eda, Carmen ve Alicia\u2019n\u0131n hik\u00e2yesi, 1969\u2019da, yeni do\u011fan k\u0131z\u0131 Carmen\u2019i geride b\u0131rakarak \u00e7al\u0131\u015f\u0131p eve para yollama umuduyla Madrid\u2019e ta\u015f\u0131nan Mar\u00eda ile ba\u015flar. Fakat umutlar\u0131 bo\u015fa \u00e7\u0131kacak,<span class=\"excerpt-hellip\"> [\u2026]<\/span><\/p>\n","protected":false},"featured_media":0,"template":"","meta":{"_monsterinsights_skip_tracking":false,"_monsterinsights_sitenote_active":false,"_monsterinsights_sitenote_note":"","_monsterinsights_sitenote_category":0},"product_brand":[],"product_cat":[12291,12711],"product_tag":[],"class_list":{"0":"post-749219","1":"product","2":"type-product","3":"status-publish","5":"product_cat-edebiyat","6":"product_cat-roman-oyku","7":"pa_cilt-ciltsiz","8":"pa_tur-kitap","9":"pa_yayinevi-is-bankasi-kultur-yayinlari","10":"pa_yazar-elena-medel","12":"first","13":"instock","14":"sale","15":"shipping-taxable","16":"purchasable","17":"product-type-simple"},"_links":{"self":[{"href":"https:\/\/roveyayinevi.com.tr\/index.php\/wp-json\/wp\/v2\/product\/749219","targetHints":{"allow":["GET"]}}],"collection":[{"href":"https:\/\/roveyayinevi.com.tr\/index.php\/wp-json\/wp\/v2\/product"}],"about":[{"href":"https:\/\/roveyayinevi.com.tr\/index.php\/wp-json\/wp\/v2\/types\/product"}],"wp:attachment":[{"href":"https:\/\/roveyayinevi.com.tr\/index.php\/wp-json\/wp\/v2\/media?parent=749219"}],"wp:term":[{"taxonomy":"product_brand","embeddable":true,"href":"https:\/\/roveyayinevi.com.tr\/index.php\/wp-json\/wp\/v2\/product_brand?post=749219"},{"taxonomy":"product_cat","embeddable":true,"href":"https:\/\/roveyayinevi.com.tr\/index.php\/wp-json\/wp\/v2\/product_cat?post=749219"},{"taxonomy":"product_tag","embeddable":true,"href":"https:\/\/roveyayinevi.com.tr\/index.php\/wp-json\/wp\/v2\/product_tag?post=749219"}],"curies":[{"name":"wp","href":"https:\/\/api.w.org\/{rel}","templated":true}]}}