{"id":749216,"date":"2025-08-28T03:50:08","date_gmt":"2025-08-28T00:50:08","guid":{"rendered":"https:\/\/roveyayinevi.com.tr\/index.php\/urun\/13-yasina-gelmeden-tatilde-yasanacak-50-macera-icin-kilavuz-ciltli\/"},"modified":"2026-04-16T03:01:47","modified_gmt":"2026-04-16T00:01:47","slug":"13-yasina-gelmeden-tatilde-yasanacak-50-macera-icin-kilavuz-ciltli","status":"publish","type":"product","link":"https:\/\/roveyayinevi.com.tr\/index.php\/urun\/13-yasina-gelmeden-tatilde-yasanacak-50-macera-icin-kilavuz-ciltli\/","title":{"rendered":"13 Ya\u015f\u0131na Gelmeden Tatilde Ya\u015fanacak 50 Macera \u0130\u00e7in K\u0131lavuz (Ciltli)"},"content":{"rendered":"<p>Ke\u015ffet, atla, ko\u015f, ka\u00e7, in\u015fa et ve icat et! Ge\u00e7 kal, sabah erken kalk, konu\u015f, de\u011fi\u015ftir, risk al! Yeni arkada\u015flar edinmekten fantastik yarat\u0131k av\u0131na, fener alay\u0131ndan do\u011fal renklendiricilerle boyama yapmaya kadar birbirinden e\u011flenceli 50 farkl\u0131 tatil maceras\u0131na haz\u0131r m\u0131s\u0131n? Yeni deneyimler elde et, bu maceralar\u0131 daha \u00f6nce deneyimleyen insanlar\u0131n hayat hik\u00e2yelerinden ilham al, \u00f6nerilen kitaplar\u0131 oku, m\u00fczikleri dinle\u2026 Hayat\u0131na renk katacak bu kitab\u0131 mutlaka okumal\u0131s\u0131n. 13 ya\u015f\u0131na gelmeden bu maceralar\u0131n hepsine at\u0131lmal\u0131 ve ya\u015fad\u0131\u011f\u0131n en g\u00fczel tatilin an\u0131s\u0131n\u0131 ileride zihninde ya\u015fatmal\u0131s\u0131n! Sen de bizimle hemfikirsen, bu yaz tatilinde efsanevi ve muhte\u015fem an\u0131lar biriktirece\u011fin 50 maceraya at\u0131lmaya ne dersin? <\/p>\n","protected":false},"excerpt":{"rendered":"<p>Ke\u015ffet, atla, ko\u015f, ka\u00e7, in\u015fa et ve icat et! Ge\u00e7 kal, sabah erken kalk, konu\u015f, de\u011fi\u015ftir, risk al! Yeni arkada\u015flar edinmekten fantastik yarat\u0131k av\u0131na, fener alay\u0131ndan<span class=\"excerpt-hellip\"> [\u2026]<\/span><\/p>\n","protected":false},"featured_media":0,"template":"","meta":{"_monsterinsights_skip_tracking":false,"_monsterinsights_sitenote_active":false,"_monsterinsights_sitenote_note":"","_monsterinsights_sitenote_category":0},"product_brand":[],"product_cat":[12274,15842],"product_tag":[],"class_list":{"0":"post-749216","1":"product","2":"type-product","3":"status-publish","5":"product_cat-cocuk-ve-genclik-kitaplari","6":"product_cat-egitici-kitaplar","7":"pa_cilt-ciltli","8":"pa_tur-kitap","9":"pa_yayinevi-odtu-gelistirme-vakfi-yayincilik","10":"pa_yazar-pierdomenico-baccalario-lucia-stipari","12":"first","13":"instock","14":"sale","15":"shipping-taxable","16":"purchasable","17":"product-type-simple"},"_links":{"self":[{"href":"https:\/\/roveyayinevi.com.tr\/index.php\/wp-json\/wp\/v2\/product\/749216","targetHints":{"allow":["GET"]}}],"collection":[{"href":"https:\/\/roveyayinevi.com.tr\/index.php\/wp-json\/wp\/v2\/product"}],"about":[{"href":"https:\/\/roveyayinevi.com.tr\/index.php\/wp-json\/wp\/v2\/types\/product"}],"wp:attachment":[{"href":"https:\/\/roveyayinevi.com.tr\/index.php\/wp-json\/wp\/v2\/media?parent=749216"}],"wp:term":[{"taxonomy":"product_brand","embeddable":true,"href":"https:\/\/roveyayinevi.com.tr\/index.php\/wp-json\/wp\/v2\/product_brand?post=749216"},{"taxonomy":"product_cat","embeddable":true,"href":"https:\/\/roveyayinevi.com.tr\/index.php\/wp-json\/wp\/v2\/product_cat?post=749216"},{"taxonomy":"product_tag","embeddable":true,"href":"https:\/\/roveyayinevi.com.tr\/index.php\/wp-json\/wp\/v2\/product_tag?post=749216"}],"curies":[{"name":"wp","href":"https:\/\/api.w.org\/{rel}","templated":true}]}}