{"id":749213,"date":"2025-08-28T03:50:03","date_gmt":"2025-08-28T00:50:03","guid":{"rendered":"https:\/\/roveyayinevi.com.tr\/index.php\/urun\/kadin-psikolojisi-3\/"},"modified":"2025-09-13T19:27:30","modified_gmt":"2025-09-13T16:27:30","slug":"kadin-psikolojisi-3","status":"publish","type":"product","link":"https:\/\/roveyayinevi.com.tr\/index.php\/urun\/kadin-psikolojisi-3\/","title":{"rendered":"Kad\u0131n Psikolojisi"},"content":{"rendered":"<p>Horney temelde ana hatlar\u0131yla Freud\u2019un kuram\u0131na ba\u011fl\u0131 kalmakla birlikte, kad\u0131n psikolojisi konusunda Freud\u2019dan farkl\u0131 d\u00fc\u015f\u00fcnm\u00fc\u015ft\u00fcr. Kad\u0131nda bir\u00e7ok psikiyatrik rahats\u0131zl\u0131\u011f\u0131n kayna\u011f\u0131n\u0131n Freudyen kuram\u0131 \u00fcretmi\u015f olan erkek egemen k\u00fclt\u00fcrde oldu\u011funu ileri s\u00fcrm\u00fc\u015ft\u00fcr. Bu ba\u011flamda, psikanalizde toplumsal boyutu d\u0131\u015flamayan bir bak\u0131\u015fa sahiptir. Kad\u0131n psikolojisini incelerken vard\u0131\u011f\u0131 sonu\u00e7lara g\u00f6re, hamileli\u011fe, emzirmeye ve anneli\u011fe, hayat\u0131 yaratmada ve devam ettirmede kad\u0131n\u0131n birincil rol\u00fcne imrenmesinin erke\u011fin \u00fcst\u00fcnl\u00fc\u011f\u00fc ba\u015fka alanlarda iddia etmesine yol a\u00e7t\u0131\u011f\u0131n\u0131 \u00f6ne s\u00fcrd\u00fc. Horney\u2019in eserleri \u00e7a\u011fda\u015f psikanalizin kad\u0131n ruhuna bak\u0131\u015f\u0131n\u0131 anlamak i\u00e7in \u00e7ok \u00f6nemli \u00e7al\u0131\u015fmalard\u0131r. <\/p>\n","protected":false},"excerpt":{"rendered":"<p>Horney temelde ana hatlar\u0131yla Freud\u2019un kuram\u0131na ba\u011fl\u0131 kalmakla birlikte, kad\u0131n psikolojisi konusunda Freud\u2019dan farkl\u0131 d\u00fc\u015f\u00fcnm\u00fc\u015ft\u00fcr. Kad\u0131nda bir\u00e7ok psikiyatrik rahats\u0131zl\u0131\u011f\u0131n kayna\u011f\u0131n\u0131n Freudyen kuram\u0131 \u00fcretmi\u015f olan erkek egemen<span class=\"excerpt-hellip\"> [\u2026]<\/span><\/p>\n","protected":false},"featured_media":0,"template":"","meta":{"_monsterinsights_skip_tracking":false,"_monsterinsights_sitenote_active":false,"_monsterinsights_sitenote_note":"","_monsterinsights_sitenote_category":0},"product_brand":[],"product_cat":[12358,12357],"product_tag":[],"class_list":{"0":"post-749213","1":"product","2":"type-product","3":"status-publish","5":"product_cat-genel-psikoloji","6":"product_cat-psikoloji","7":"pa_cilt-ciltsiz","8":"pa_tur-kitap","9":"pa_yayinevi-cem-yayinevi","10":"pa_yazar-karen-horney","12":"first","13":"instock","14":"sale","15":"shipping-taxable","16":"purchasable","17":"product-type-simple"},"_links":{"self":[{"href":"https:\/\/roveyayinevi.com.tr\/index.php\/wp-json\/wp\/v2\/product\/749213","targetHints":{"allow":["GET"]}}],"collection":[{"href":"https:\/\/roveyayinevi.com.tr\/index.php\/wp-json\/wp\/v2\/product"}],"about":[{"href":"https:\/\/roveyayinevi.com.tr\/index.php\/wp-json\/wp\/v2\/types\/product"}],"wp:attachment":[{"href":"https:\/\/roveyayinevi.com.tr\/index.php\/wp-json\/wp\/v2\/media?parent=749213"}],"wp:term":[{"taxonomy":"product_brand","embeddable":true,"href":"https:\/\/roveyayinevi.com.tr\/index.php\/wp-json\/wp\/v2\/product_brand?post=749213"},{"taxonomy":"product_cat","embeddable":true,"href":"https:\/\/roveyayinevi.com.tr\/index.php\/wp-json\/wp\/v2\/product_cat?post=749213"},{"taxonomy":"product_tag","embeddable":true,"href":"https:\/\/roveyayinevi.com.tr\/index.php\/wp-json\/wp\/v2\/product_tag?post=749213"}],"curies":[{"name":"wp","href":"https:\/\/api.w.org\/{rel}","templated":true}]}}