{"id":749212,"date":"2025-08-28T03:50:02","date_gmt":"2025-08-28T00:50:02","guid":{"rendered":"https:\/\/roveyayinevi.com.tr\/index.php\/urun\/kader-sarmali-ciltli\/"},"modified":"2026-04-16T03:01:47","modified_gmt":"2026-04-16T00:01:47","slug":"kader-sarmali-ciltli","status":"publish","type":"product","link":"https:\/\/roveyayinevi.com.tr\/index.php\/urun\/kader-sarmali-ciltli\/","title":{"rendered":"Kader Sarmal\u0131 (Ciltli)"},"content":{"rendered":"<p>Kader Sarmal\u0131\u2019n\u0131n buzdan duvarlar\u0131n\u0131n gizledi\u011fi bir anla\u015fma\u2026 \u0130ntikamdan g\u00f6z\u00fc d\u00f6nen bir Tanr\u0131\u00e7a\u2026 Ve t\u00fcm evreni kaosa s\u00fcr\u00fckleyecek o hamle\u2026   M\u0131s\u0131r Tanr\u0131lar\u0131 ve Tanr\u0131\u00e7alar\u0131 aras\u0131ndaki yerini alan Ayliz, etti\u011fi intikam yeminlerini bir bir ger\u00e7ekle\u015ftirirken Krali\u00e7e\u2019nin t\u00fcm oklar\u0131n\u0131 \u00fczerine \u00e7ekecektir. Hem Aytun Karavera hem de taht i\u00e7in m\u00fccadele ederken m\u00fcttefiklerinin deste\u011fini de alacakt\u0131r. Ancak Krali\u00e7e Neftis\u2019i as\u0131rlard\u0131r h\u00fckmetti\u011fi tahttan etmenin \u00f6l\u00fcmc\u00fcl sonu\u00e7lar\u0131 di\u011fer tanr\u0131lara da s\u0131\u00e7rad\u0131\u011f\u0131nda kim dost kim d\u00fc\u015fman bilemeyecektir. Maskeleri d\u00fc\u015fen tanr\u0131lar teker teker saf\u0131n\u0131 belli ederken b\u00fcy\u00fck sava\u015f, belirtilerini g\u00f6stermeye \u00e7oktan ba\u015flam\u0131\u015ft\u0131r.   G\u00f6ky\u00fcz\u00fc Evi art\u0131k eskisi kadar g\u00fcvenli de\u011fildir.   Peki, Tanr\u0131 ve Tanr\u0131\u00e7alar kendileri i\u00e7in yakla\u015fan b\u00fcy\u00fck tehlikeyi hissedebilecek midir? <\/p>\n","protected":false},"excerpt":{"rendered":"<p>Kader Sarmal\u0131\u2019n\u0131n buzdan duvarlar\u0131n\u0131n gizledi\u011fi bir anla\u015fma\u2026 \u0130ntikamdan g\u00f6z\u00fc d\u00f6nen bir Tanr\u0131\u00e7a\u2026 Ve t\u00fcm evreni kaosa s\u00fcr\u00fckleyecek o hamle\u2026 M\u0131s\u0131r Tanr\u0131lar\u0131 ve Tanr\u0131\u00e7alar\u0131 aras\u0131ndaki yerini alan<span class=\"excerpt-hellip\"> [\u2026]<\/span><\/p>\n","protected":false},"featured_media":0,"template":"","meta":{"_monsterinsights_skip_tracking":false,"_monsterinsights_sitenote_active":false,"_monsterinsights_sitenote_note":"","_monsterinsights_sitenote_category":0},"product_brand":[],"product_cat":[12291,12711],"product_tag":[],"class_list":{"0":"post-749212","1":"product","2":"type-product","3":"status-publish","5":"product_cat-edebiyat","6":"product_cat-roman-oyku","7":"pa_cilt-ciltli","8":"pa_tur-kitap","9":"pa_yayinevi-ephesus-yayinlari","10":"pa_yazar-gamze-celik","12":"first","13":"instock","14":"sale","15":"shipping-taxable","16":"purchasable","17":"product-type-simple"},"_links":{"self":[{"href":"https:\/\/roveyayinevi.com.tr\/index.php\/wp-json\/wp\/v2\/product\/749212","targetHints":{"allow":["GET"]}}],"collection":[{"href":"https:\/\/roveyayinevi.com.tr\/index.php\/wp-json\/wp\/v2\/product"}],"about":[{"href":"https:\/\/roveyayinevi.com.tr\/index.php\/wp-json\/wp\/v2\/types\/product"}],"wp:attachment":[{"href":"https:\/\/roveyayinevi.com.tr\/index.php\/wp-json\/wp\/v2\/media?parent=749212"}],"wp:term":[{"taxonomy":"product_brand","embeddable":true,"href":"https:\/\/roveyayinevi.com.tr\/index.php\/wp-json\/wp\/v2\/product_brand?post=749212"},{"taxonomy":"product_cat","embeddable":true,"href":"https:\/\/roveyayinevi.com.tr\/index.php\/wp-json\/wp\/v2\/product_cat?post=749212"},{"taxonomy":"product_tag","embeddable":true,"href":"https:\/\/roveyayinevi.com.tr\/index.php\/wp-json\/wp\/v2\/product_tag?post=749212"}],"curies":[{"name":"wp","href":"https:\/\/api.w.org\/{rel}","templated":true}]}}