{"id":749208,"date":"2025-08-28T03:49:55","date_gmt":"2025-08-28T00:49:55","guid":{"rendered":"https:\/\/roveyayinevi.com.tr\/index.php\/urun\/gece-bekcisi\/"},"modified":"2026-04-16T03:01:46","modified_gmt":"2026-04-16T00:01:46","slug":"gece-bekcisi","status":"publish","type":"product","link":"https:\/\/roveyayinevi.com.tr\/index.php\/urun\/gece-bekcisi\/","title":{"rendered":"Gece Bek\u00e7isi"},"content":{"rendered":"<p>2021 PULITZER KURGU \u00d6D\u00dcL\u00dc \u201c1 A\u011fustos 1953\u2019te Birle\u015fik Devletler Kongresi 108 say\u0131l\u0131 M\u00fc\u015fterekMeclis \u00d6nergesi\u2019ni a\u00e7\u0131klad\u0131; bu, Amerikan Yerlileri\u2019yle yap\u0131lan, iki ulus aras\u0131nda \u2018otlar yeti\u015fti\u011fi, \u0131rmaklar akt\u0131\u011f\u0131\u2019 s\u00fcrece ge\u00e7erli olan b\u00fct\u00fcn antla\u015fmalar\u0131n feshine y\u00f6nelik bir yasa teklifiydi. Bildiri, ilk etapta Kaplumba\u011fa Da\u011f\u0131 Chippewa Grubu\u2019nun da aralar\u0131nda bulundu\u011fu be\u015f kabilenin, sonunda da \u00fclkedeki b\u00fct\u00fcn kabilelerin derhal sonunun getirilmesi anlam\u0131na geliyordu.\u201d Kuzey Dakota\u2019da bulunan Kaplumba\u011fa Da\u011f\u0131\u2019ndaki k\u00fc\u00e7\u00fck bir K\u0131z\u0131lderili toplulu\u011funun hayat\u0131, a\u00e7l\u0131\u011f\u0131 ve sefaleti, gururlu k\u00fclt\u00fcrel kimli\u011fi, a\u015fklar\u0131 ve sosyal m\u00fccadeleleri bir yasa tasar\u0131s\u0131yla tehdit edilir. Bu tasar\u0131n\u0131n y\u00fcr\u00fcrl\u00fc\u011fe girmesini \u00f6nlemek i\u00e7in eyleme ge\u00e7ilmesi \u015fartt\u0131r. Kaplumba\u011fa Da\u011f\u0131 M\u00fccevher Yata\u011f\u0131 Fabrikas\u0131\u2019nda gece bek\u00e7ili\u011fi yapan Thomas Wazhushk, yasan\u0131n onaylanmas\u0131n\u0131 engellemek i\u00e7in m\u00fccadeleye ba\u015flar ve Amerikan Yerlileri\u2019nin m\u00fclks\u00fczle\u015ftirilmesini protesto eden bu isyan\u0131n sesi Washington\u2019a kadar uzan\u0131r&#8230; 2021 Pulitzer Kurgu \u00d6d\u00fcl\u00fc&#8217;ne lay\u0131k g\u00f6r\u00fclen Gece Bek\u00e7isi\u2019nde LouiseErdrich, b\u00fcy\u00fckbabas\u0131n\u0131n ola\u011fan\u00fcst\u00fc ya\u015fam\u0131na dayanan benzersiz bir hik\u00e2ye anlat\u0131yor. \u0130dealler u\u011fruna verilen m\u00fccadelelerin fark yaratabilece\u011fini g\u00f6zler \u00f6n\u00fcne seren, titizlikle ara\u015ft\u0131r\u0131l\u0131p kaleme al\u0131nm\u0131\u015f, karanl\u0131k bir mizahla bezenip okuruna ilham a\u015f\u0131layan bir roman&#8230;<\/p>\n","protected":false},"excerpt":{"rendered":"<p>2021 PULITZER KURGU \u00d6D\u00dcL\u00dc \u201c1 A\u011fustos 1953\u2019te Birle\u015fik Devletler Kongresi 108 say\u0131l\u0131 M\u00fc\u015fterekMeclis \u00d6nergesi\u2019ni a\u00e7\u0131klad\u0131; bu, Amerikan Yerlileri\u2019yle yap\u0131lan, iki ulus aras\u0131nda \u2018otlar yeti\u015fti\u011fi, \u0131rmaklar akt\u0131\u011f\u0131\u2019<span class=\"excerpt-hellip\"> [\u2026]<\/span><\/p>\n","protected":false},"featured_media":0,"template":"","meta":{"_monsterinsights_skip_tracking":false,"_monsterinsights_sitenote_active":false,"_monsterinsights_sitenote_note":"","_monsterinsights_sitenote_category":0},"product_brand":[],"product_cat":[12291,12711],"product_tag":[],"class_list":{"0":"post-749208","1":"product","2":"type-product","3":"status-publish","5":"product_cat-edebiyat","6":"product_cat-roman-oyku","7":"pa_cilt-ciltsiz","8":"pa_tur-kitap","9":"pa_yayinevi-kafka-yayinevi","10":"pa_yazar-louise-erdrich","12":"first","13":"instock","14":"sale","15":"shipping-taxable","16":"purchasable","17":"product-type-simple"},"_links":{"self":[{"href":"https:\/\/roveyayinevi.com.tr\/index.php\/wp-json\/wp\/v2\/product\/749208","targetHints":{"allow":["GET"]}}],"collection":[{"href":"https:\/\/roveyayinevi.com.tr\/index.php\/wp-json\/wp\/v2\/product"}],"about":[{"href":"https:\/\/roveyayinevi.com.tr\/index.php\/wp-json\/wp\/v2\/types\/product"}],"wp:attachment":[{"href":"https:\/\/roveyayinevi.com.tr\/index.php\/wp-json\/wp\/v2\/media?parent=749208"}],"wp:term":[{"taxonomy":"product_brand","embeddable":true,"href":"https:\/\/roveyayinevi.com.tr\/index.php\/wp-json\/wp\/v2\/product_brand?post=749208"},{"taxonomy":"product_cat","embeddable":true,"href":"https:\/\/roveyayinevi.com.tr\/index.php\/wp-json\/wp\/v2\/product_cat?post=749208"},{"taxonomy":"product_tag","embeddable":true,"href":"https:\/\/roveyayinevi.com.tr\/index.php\/wp-json\/wp\/v2\/product_tag?post=749208"}],"curies":[{"name":"wp","href":"https:\/\/api.w.org\/{rel}","templated":true}]}}