{"id":749204,"date":"2025-08-28T03:49:49","date_gmt":"2025-08-28T00:49:49","guid":{"rendered":"https:\/\/roveyayinevi.com.tr\/index.php\/urun\/kucuk-aliskanliklar-buyuk-sonuclar\/"},"modified":"2026-04-12T03:05:43","modified_gmt":"2026-04-12T00:05:43","slug":"kucuk-aliskanliklar-buyuk-sonuclar","status":"publish","type":"product","link":"https:\/\/roveyayinevi.com.tr\/index.php\/urun\/kucuk-aliskanliklar-buyuk-sonuclar\/","title":{"rendered":"K\u00fc\u00e7\u00fck Al\u0131\u015fkanl\u0131klar B\u00fcy\u00fck Sonu\u00e7lar"},"content":{"rendered":"<p>\u201cHer b\u00fcy\u00fck ba\u015far\u0131, kendisinden \u00f6nce gelenlerin temeline da-yan\u0131r; geriye do\u011fru bakt\u0131\u011f\u0131n\u0131zda, her \u015feyi ba\u015flatan k\u00fc\u00e7\u00fck birad\u0131m g\u00f6receksiniz.\u201d Bug\u00fcne kadar ba\u015faramad\u0131\u011f\u0131n\u0131zda hep kendinizi su\u00e7lad\u0131n\u0131z, bukitap problemin sizde de\u011fil, uygulad\u0131\u011f\u0131n\u0131z stratejilerde oldu\u011fu-nu g\u00f6steriyor. K\u00fc\u00e7\u00fck bir al\u0131\u015fkanl\u0131\u011f\u0131n \u201cba\u015far\u0131s\u0131z olamayacak kadar k\u00fc\u00e7\u00fck\u201d do\u011fas\u0131 onu a\u011f\u0131rl\u0131ks\u0131z, aldat\u0131c\u0131 bir \u015fekilde g\u00fc\u00e7l\u00fc ve \u00fcst\u00fcn bir al\u0131\u015fkanl\u0131k olu\u015fturma stratejisi yap\u0131yor. De\u011fi\u015fiklikleri kal\u0131c\u0131 k\u0131lmak i\u00e7in beyninize kar\u015f\u0131 sava\u015fmay\u0131 b\u0131rak-man\u0131z gerekir. K\u00fc\u00e7\u00fck al\u0131\u015fkanl\u0131klar, size bunu nas\u0131l yapaca\u011f\u0131n\u0131z\u0131g\u00f6steriyor.Beyninizin kurallar\u0131na g\u00f6re oynamaya a\u015flad\u0131\u011f\u0131n\u0131zda,kal\u0131c\u0131 de\u011fi\u015fiklikler o kadar da zor olmayacakt\u0131r. Biraz yapmak,hi\u00e7bir \u015fey yapmamaktan sonsuz derecede daha b\u00fcy\u00fck ve dahaiyidir. Her g\u00fcn biraz yapmak ise bir g\u00fcnde \u00e7ok \u015fey yapmaktandaha b\u00fcy\u00fck bir etkiye sahiptir\u201cHedeflerinize ula\u015fmak i\u00e7in motive olmal\u0131s\u0131n\u0131z,\u201d gibi kli\u015felerdens\u0131yr\u0131lan K\u00fc\u00e7\u00fck Al\u0131\u015fkanl\u0131klar B\u00fcy\u00fck Sonu\u00e7lar bilimsel  y\u00f6ntemlerleve irade g\u00fcc\u00fcn\u00fc kullanarak faydal\u0131 al\u0131\u015fkanl\u0131klar olu\u015fturman\u0131z\u0131 kolayla\u015ft\u0131racak. \u201cK\u00fc\u00e7\u00fck\u201d bir \u015f\u0131nav al\u0131\u015fkanl\u0131\u011f\u0131yla ba\u015flayan bu kitapbug\u00fcn y\u00fcz binlerce insan\u0131n hayat\u0131na olumlu al\u0131\u015fkanl\u0131klar ekliyor.<\/p>\n","protected":false},"excerpt":{"rendered":"<p>\u201cHer b\u00fcy\u00fck ba\u015far\u0131, kendisinden \u00f6nce gelenlerin temeline da-yan\u0131r; geriye do\u011fru bakt\u0131\u011f\u0131n\u0131zda, her \u015feyi ba\u015flatan k\u00fc\u00e7\u00fck birad\u0131m g\u00f6receksiniz.\u201d Bug\u00fcne kadar ba\u015faramad\u0131\u011f\u0131n\u0131zda hep kendinizi su\u00e7lad\u0131n\u0131z, bukitap problemin sizde<span class=\"excerpt-hellip\"> [\u2026]<\/span><\/p>\n","protected":false},"featured_media":0,"template":"","meta":{"_monsterinsights_skip_tracking":false,"_monsterinsights_sitenote_active":false,"_monsterinsights_sitenote_note":"","_monsterinsights_sitenote_category":0},"product_brand":[],"product_cat":[12364,12376],"product_tag":[],"class_list":{"0":"post-749204","1":"product","2":"type-product","3":"status-publish","5":"product_cat-genel-konular","6":"product_cat-kisisel-gelisim","7":"pa_cilt-ciltsiz","8":"pa_tur-kitap","9":"pa_yayinevi-epsilon-yayinlari","10":"pa_yazar-stephen-guise","12":"first","13":"instock","14":"sale","15":"shipping-taxable","16":"purchasable","17":"product-type-simple"},"_links":{"self":[{"href":"https:\/\/roveyayinevi.com.tr\/index.php\/wp-json\/wp\/v2\/product\/749204","targetHints":{"allow":["GET"]}}],"collection":[{"href":"https:\/\/roveyayinevi.com.tr\/index.php\/wp-json\/wp\/v2\/product"}],"about":[{"href":"https:\/\/roveyayinevi.com.tr\/index.php\/wp-json\/wp\/v2\/types\/product"}],"wp:attachment":[{"href":"https:\/\/roveyayinevi.com.tr\/index.php\/wp-json\/wp\/v2\/media?parent=749204"}],"wp:term":[{"taxonomy":"product_brand","embeddable":true,"href":"https:\/\/roveyayinevi.com.tr\/index.php\/wp-json\/wp\/v2\/product_brand?post=749204"},{"taxonomy":"product_cat","embeddable":true,"href":"https:\/\/roveyayinevi.com.tr\/index.php\/wp-json\/wp\/v2\/product_cat?post=749204"},{"taxonomy":"product_tag","embeddable":true,"href":"https:\/\/roveyayinevi.com.tr\/index.php\/wp-json\/wp\/v2\/product_tag?post=749204"}],"curies":[{"name":"wp","href":"https:\/\/api.w.org\/{rel}","templated":true}]}}