{"id":749202,"date":"2025-08-28T03:49:45","date_gmt":"2025-08-28T00:49:45","guid":{"rendered":"https:\/\/roveyayinevi.com.tr\/index.php\/urun\/azman-bebek\/"},"modified":"2026-04-16T03:01:46","modified_gmt":"2026-04-16T00:01:46","slug":"azman-bebek","status":"publish","type":"product","link":"https:\/\/roveyayinevi.com.tr\/index.php\/urun\/azman-bebek\/","title":{"rendered":"Azman Bebek"},"content":{"rendered":"<p>Naz&#8217;\u0131n karde\u015fi oldu. \u00d6nce k\u00fc\u00e7\u00fcc\u00fckt\u00fc. Sonra b\u00fcy\u00fcd\u00fc, b\u00fcy\u00fcd\u00fc, b\u00fcy\u00fcd\u00fc: ve her yeri kaplad\u0131! O, Azman Bebek. Ve ko-ca-man! Ko-ca-man! Aya\u011fa kalk\u0131nca kollar\u0131 evin pencerelerinden \u00e7\u0131k\u0131yor. Bebek t\u00fcm evi kaplad\u0131\u011f\u0131 i\u00e7in t\u00fcm aile onun karn\u0131nda yemek yiyor. Azman Bebek y\u00fcr\u00fcy\u00fcnce her yer sallan\u0131yor.   \u00c7ocuklar ondan korkup ka\u00e7\u0131yorlar. Ama Azman Bebek \u00f6yle sakin bir bebek ki! Kimse bilmiyor. <\/p>\n","protected":false},"excerpt":{"rendered":"<p>Naz&#8217;\u0131n karde\u015fi oldu. \u00d6nce k\u00fc\u00e7\u00fcc\u00fckt\u00fc. Sonra b\u00fcy\u00fcd\u00fc, b\u00fcy\u00fcd\u00fc, b\u00fcy\u00fcd\u00fc: ve her yeri kaplad\u0131! O, Azman Bebek. Ve ko-ca-man! Ko-ca-man! Aya\u011fa kalk\u0131nca kollar\u0131 evin pencerelerinden \u00e7\u0131k\u0131yor. Bebek<span class=\"excerpt-hellip\"> [\u2026]<\/span><\/p>\n","protected":false},"featured_media":0,"template":"","meta":{"_monsterinsights_skip_tracking":false,"_monsterinsights_sitenote_active":false,"_monsterinsights_sitenote_note":"","_monsterinsights_sitenote_category":0},"product_brand":[],"product_cat":[12274,12284],"product_tag":[],"class_list":{"0":"post-749202","1":"product","2":"type-product","3":"status-publish","5":"product_cat-cocuk-ve-genclik-kitaplari","6":"product_cat-hikayeler","7":"pa_cilt-ciltsiz","8":"pa_tur-kitap","9":"pa_yayinevi-eksik-parca-yayinlari","10":"pa_yazar-nihan-kaya","12":"first","13":"instock","14":"sale","15":"shipping-taxable","16":"purchasable","17":"product-type-simple"},"_links":{"self":[{"href":"https:\/\/roveyayinevi.com.tr\/index.php\/wp-json\/wp\/v2\/product\/749202","targetHints":{"allow":["GET"]}}],"collection":[{"href":"https:\/\/roveyayinevi.com.tr\/index.php\/wp-json\/wp\/v2\/product"}],"about":[{"href":"https:\/\/roveyayinevi.com.tr\/index.php\/wp-json\/wp\/v2\/types\/product"}],"wp:attachment":[{"href":"https:\/\/roveyayinevi.com.tr\/index.php\/wp-json\/wp\/v2\/media?parent=749202"}],"wp:term":[{"taxonomy":"product_brand","embeddable":true,"href":"https:\/\/roveyayinevi.com.tr\/index.php\/wp-json\/wp\/v2\/product_brand?post=749202"},{"taxonomy":"product_cat","embeddable":true,"href":"https:\/\/roveyayinevi.com.tr\/index.php\/wp-json\/wp\/v2\/product_cat?post=749202"},{"taxonomy":"product_tag","embeddable":true,"href":"https:\/\/roveyayinevi.com.tr\/index.php\/wp-json\/wp\/v2\/product_tag?post=749202"}],"curies":[{"name":"wp","href":"https:\/\/api.w.org\/{rel}","templated":true}]}}