{"id":749199,"date":"2025-08-28T03:49:41","date_gmt":"2025-08-28T00:49:41","guid":{"rendered":"https:\/\/roveyayinevi.com.tr\/index.php\/urun\/barbie-eglenceye-acilan-pencere-cikartmali-boyama-kitabi\/"},"modified":"2026-04-16T03:01:46","modified_gmt":"2026-04-16T00:01:46","slug":"barbie-eglenceye-acilan-pencere-cikartmali-boyama-kitabi","status":"publish","type":"product","link":"https:\/\/roveyayinevi.com.tr\/index.php\/urun\/barbie-eglenceye-acilan-pencere-cikartmali-boyama-kitabi\/","title":{"rendered":"Barbie E\u011flenceye A\u00e7\u0131lan Pencere \u00c7\u0131kartmal\u0131 Boyama Kitab\u0131"},"content":{"rendered":"<p>En sevdi\u011fin kahramanlar, reng\u00e2renk bir yolculu\u011fa \u00e7\u0131kt\u0131lar. Resim yapmay\u0131 ve \u00e7\u0131kartmalar\u0131 seviyorsan sen de e\u011flenceye kat\u0131l! Boya kalemlerini kap, sayfalar\u0131 renklendir, kitab\u0131ndaki s\u00fcper \u00e7\u0131kartmalar\u0131 diledi\u011fin gibi yap\u0131\u015ft\u0131r ve harika sahneler yarat!<\/p>\n","protected":false},"excerpt":{"rendered":"<p>En sevdi\u011fin kahramanlar, reng\u00e2renk bir yolculu\u011fa \u00e7\u0131kt\u0131lar. Resim yapmay\u0131 ve \u00e7\u0131kartmalar\u0131 seviyorsan sen de e\u011flenceye kat\u0131l! Boya kalemlerini kap, sayfalar\u0131 renklendir, kitab\u0131ndaki s\u00fcper \u00e7\u0131kartmalar\u0131 diledi\u011fin gibi<span class=\"excerpt-hellip\"> [\u2026]<\/span><\/p>\n","protected":false},"featured_media":0,"template":"","meta":{"_monsterinsights_skip_tracking":false,"_monsterinsights_sitenote_active":false,"_monsterinsights_sitenote_note":"","_monsterinsights_sitenote_category":0},"product_brand":[],"product_cat":[12644,12274],"product_tag":[],"class_list":{"0":"post-749199","1":"product","2":"type-product","3":"status-publish","5":"product_cat-boyama-kitaplari","6":"product_cat-cocuk-ve-genclik-kitaplari","7":"pa_cilt-ciltsiz","8":"pa_tur-kitap","9":"pa_yayinevi-dogan-cocuk","10":"pa_yazar-kolektif","12":"first","13":"instock","14":"sale","15":"shipping-taxable","16":"purchasable","17":"product-type-simple"},"_links":{"self":[{"href":"https:\/\/roveyayinevi.com.tr\/index.php\/wp-json\/wp\/v2\/product\/749199","targetHints":{"allow":["GET"]}}],"collection":[{"href":"https:\/\/roveyayinevi.com.tr\/index.php\/wp-json\/wp\/v2\/product"}],"about":[{"href":"https:\/\/roveyayinevi.com.tr\/index.php\/wp-json\/wp\/v2\/types\/product"}],"wp:attachment":[{"href":"https:\/\/roveyayinevi.com.tr\/index.php\/wp-json\/wp\/v2\/media?parent=749199"}],"wp:term":[{"taxonomy":"product_brand","embeddable":true,"href":"https:\/\/roveyayinevi.com.tr\/index.php\/wp-json\/wp\/v2\/product_brand?post=749199"},{"taxonomy":"product_cat","embeddable":true,"href":"https:\/\/roveyayinevi.com.tr\/index.php\/wp-json\/wp\/v2\/product_cat?post=749199"},{"taxonomy":"product_tag","embeddable":true,"href":"https:\/\/roveyayinevi.com.tr\/index.php\/wp-json\/wp\/v2\/product_tag?post=749199"}],"curies":[{"name":"wp","href":"https:\/\/api.w.org\/{rel}","templated":true}]}}