{"id":749196,"date":"2025-08-28T03:49:37","date_gmt":"2025-08-28T00:49:37","guid":{"rendered":"https:\/\/roveyayinevi.com.tr\/index.php\/urun\/turkiyede-egitimin-gelecegi\/"},"modified":"2026-04-16T03:01:46","modified_gmt":"2026-04-16T00:01:46","slug":"turkiyede-egitimin-gelecegi","status":"publish","type":"product","link":"https:\/\/roveyayinevi.com.tr\/index.php\/urun\/turkiyede-egitimin-gelecegi\/","title":{"rendered":"T\u00fcrkiye&#8217;de E\u011fitimin Gelece\u011fi"},"content":{"rendered":"<p>\u201cE\u011fitime eri\u015fim sorununun art\u0131k \u00e7\u00f6z\u00fcld\u00fc\u011f\u00fc noktada, e\u011fitimin kalitesinin s\u00fcrekli art\u0131r\u0131lmas\u0131 ve en \u00f6nemlisi e\u011fitimde f\u0131rsat e\u015fitli\u011finin g\u00fc\u00e7lendirilmesine odaklanmam\u0131z gerekiyor. Bunun yan\u0131nda e\u011fitim-k\u00fclt\u00fcr ili\u015fkisinin g\u00fc\u00e7lendirilerek sadece akademik olarak ba\u015far\u0131l\u0131 de\u011fil, dilini, tarihini ve co\u011frafyas\u0131n\u0131 yak\u0131ndan bilen, sorumluluklar\u0131n\u0131n fark\u0131nda olan ve bu sorumluluklar\u0131 y\u00fcklenmeye haz\u0131r, \u00f6zg\u00fcven sahibi gen\u00e7ler yeti\u015ftirmeye de daha fazla odaklanmal\u0131y\u0131z.\u201d Mahmut \u00d6zer, yeni kitab\u0131nda T\u00fcrkiye\u2019de e\u011fitim sisteminin gelece\u011fine dair fikirlerini geni\u015f bir bak\u0131\u015f a\u00e7\u0131s\u0131yla ele al\u0131yor. Kitap, e\u011fitimde dijitalle\u015fmeden teknoloji ba\u011f\u0131ml\u0131l\u0131\u011f\u0131 ve de\u011ferlere, mesleki e\u011fitimin g\u00fc\u00e7lendirilmesinden \u00f6\u011fretmenlerin mesleki ve ki\u015fisel geli\u015fimlerinin desteklenmesine, e\u011fitimde kapsay\u0131c\u0131l\u0131ktan hayat boyu \u00f6\u011frenmeye kadar pek \u00e7ok g\u00fcncel ba\u015fl\u0131kla T\u00fcrkiye\u2019de e\u011fitimin gelece\u011finin nas\u0131l \u015fekillenece\u011fine ve nas\u0131l in\u015fa edilmesi gerekti\u011fine dair ku\u015fat\u0131c\u0131 bir bak\u0131\u015f sunuyor. Cumhuriyetimizin ikinci y\u00fczy\u0131l\u0131na girerken izlenmesi gereken ve h\u00e2lihaz\u0131rda uygulanan politikalar\u0131 ak\u0131c\u0131 bir dille ele alan T\u00fcrkiye\u2019de E\u011fitimin Gelece\u011fi: E\u015fit, Kapsay\u0131c\u0131 ve Kaliteli, son 20 y\u0131lda e\u011fitimde at\u0131lan b\u00fcy\u00fck ad\u0131mlar\u0131n yan\u0131 s\u0131ra Bakanl\u0131\u011f\u0131 d\u00f6neminde ger\u00e7ekle\u015ftirdi\u011fi at\u0131l\u0131mlar\u0131 da detaylar\u0131yla a\u00e7\u0131kl\u0131yor.<\/p>\n","protected":false},"excerpt":{"rendered":"<p>\u201cE\u011fitime eri\u015fim sorununun art\u0131k \u00e7\u00f6z\u00fcld\u00fc\u011f\u00fc noktada, e\u011fitimin kalitesinin s\u00fcrekli art\u0131r\u0131lmas\u0131 ve en \u00f6nemlisi e\u011fitimde f\u0131rsat e\u015fitli\u011finin g\u00fc\u00e7lendirilmesine odaklanmam\u0131z gerekiyor. Bunun yan\u0131nda e\u011fitim-k\u00fclt\u00fcr ili\u015fkisinin g\u00fc\u00e7lendirilerek sadece akademik<span class=\"excerpt-hellip\"> [\u2026]<\/span><\/p>\n","protected":false},"featured_media":0,"template":"","meta":{"_monsterinsights_skip_tracking":false,"_monsterinsights_sitenote_active":false,"_monsterinsights_sitenote_note":"","_monsterinsights_sitenote_category":0},"product_brand":[],"product_cat":[14787,13488],"product_tag":[],"class_list":{"0":"post-749196","1":"product","2":"type-product","3":"status-publish","5":"product_cat-diger-toplum-ve-insan","6":"product_cat-toplum-ve-insan","7":"pa_cilt-ciltsiz","8":"pa_tur-kitap","9":"pa_yayinevi-vakifbank-kultur-yayinlari","10":"pa_yazar-mahmut-ozer","12":"first","13":"instock","14":"sale","15":"shipping-taxable","16":"purchasable","17":"product-type-simple"},"_links":{"self":[{"href":"https:\/\/roveyayinevi.com.tr\/index.php\/wp-json\/wp\/v2\/product\/749196","targetHints":{"allow":["GET"]}}],"collection":[{"href":"https:\/\/roveyayinevi.com.tr\/index.php\/wp-json\/wp\/v2\/product"}],"about":[{"href":"https:\/\/roveyayinevi.com.tr\/index.php\/wp-json\/wp\/v2\/types\/product"}],"wp:attachment":[{"href":"https:\/\/roveyayinevi.com.tr\/index.php\/wp-json\/wp\/v2\/media?parent=749196"}],"wp:term":[{"taxonomy":"product_brand","embeddable":true,"href":"https:\/\/roveyayinevi.com.tr\/index.php\/wp-json\/wp\/v2\/product_brand?post=749196"},{"taxonomy":"product_cat","embeddable":true,"href":"https:\/\/roveyayinevi.com.tr\/index.php\/wp-json\/wp\/v2\/product_cat?post=749196"},{"taxonomy":"product_tag","embeddable":true,"href":"https:\/\/roveyayinevi.com.tr\/index.php\/wp-json\/wp\/v2\/product_tag?post=749196"}],"curies":[{"name":"wp","href":"https:\/\/api.w.org\/{rel}","templated":true}]}}