{"id":749195,"date":"2025-08-28T03:49:35","date_gmt":"2025-08-28T00:49:35","guid":{"rendered":"https:\/\/roveyayinevi.com.tr\/index.php\/urun\/buyuk-strateji\/"},"modified":"2025-09-25T08:48:50","modified_gmt":"2025-09-25T05:48:50","slug":"buyuk-strateji","status":"publish","type":"product","link":"https:\/\/roveyayinevi.com.tr\/index.php\/urun\/buyuk-strateji\/","title":{"rendered":"B\u00fcy\u00fck Strateji"},"content":{"rendered":"<p>Se\u00e7kin tarih\u00e7i ve So\u011fuk Sava\u015f\u2019\u0131n be\u011fenilen yazar\u0131 John LewisGaddis, yakla\u015f\u0131k yirmi y\u0131ld\u0131r meslekta\u015flar\u0131 Charles Hill vePaul Kennedy ile Yale \u00dcniversitesi\u2019nde \u201cB\u00fcy\u00fck Strateji \u00dczerine\u0130ncelemeler\u201d dersi vermektedir. Gaddis, dersleri boyunca eldeetti\u011fi tecr\u00fcbe ve verimli tart\u0131\u015fmalar\u0131n sa\u011flad\u0131\u011f\u0131 yetkinli\u011fiylebirlikte bu kitapta Antik Yunan\u2019dan \u0130kinci D\u00fcnya Sava\u015f\u0131\u2019nauzanan \u015fahane bir i\u00e7g\u00f6r\u00fcy\u00fc a\u00e7\u0131\u011fa \u00e7\u0131kar\u0131yor. Herodotus,Thukydides, Sun Tzu, Octavian\/Augustus, Aziz Augustinus,Machiavelli, I. Elizabeth, II. Philip, Clausewitz, Tolstoy, Lincoln,Wilson, Franklin D. Roosevelt ve Isaiah Berlin gibi \u00f6nemlifig\u00fcrlerin b\u00fcy\u00fck stratejik derinli\u011fini teori ve pratik olarakkapsaml\u0131 bir \u015fekilde ele al\u0131yor. \u201cGe\u00e7ti\u011fimiz on alt\u0131 y\u0131l boyunca Gaddis, Yale \u00dcniversitesi\u2019ndeki\u00f6\u011frencilere b\u00fcy\u00fck strateji \u00fczerine bir ders verdi. Onun kitab\u0131n\u0131okurken, \u2018Ke\u015fke her \u00fcniversitede b\u00f6yle bir \u015fans olsa\u2019 demedenedemiyorsunuz. Gaddis, devlet y\u00f6netimi ve sava\u015ftan de\u011ferli birya\u015fam s\u00fcrmeye kadar bir\u00e7ok konuda tavsiyeler vererek okuruy\u00fczy\u0131llar \u00fczerinde enfes bir yolculu\u011fa \u00e7\u0131kar\u0131yor.\u201d\u2014Phillip Delves Broughton, Evening Standard \u201cZor zamanlar\u0131m\u0131z i\u00e7in bir e\u011fitim k\u0131lavuzu. D\u00fcnyam\u0131za anlamkatman\u0131n yan\u0131nda, \u00e7ok g\u00fczel i\u015flenmi\u015f \u00f6zl\u00fc tarihsel yarg\u0131lar\u0131 dasunuyor. \u00d6zg\u00fcrl\u00fc\u011fe, se\u00e7ime ve ahlak pusulas\u0131na \u00f6nem veren,kibre kar\u015f\u0131 uyar\u0131da bulunan bir kitap.\u201d\u2014Roger Boyes, Times<\/p>\n","protected":false},"excerpt":{"rendered":"<p>Se\u00e7kin tarih\u00e7i ve So\u011fuk Sava\u015f\u2019\u0131n be\u011fenilen yazar\u0131 John LewisGaddis, yakla\u015f\u0131k yirmi y\u0131ld\u0131r meslekta\u015flar\u0131 Charles Hill vePaul Kennedy ile Yale \u00dcniversitesi\u2019nde \u201cB\u00fcy\u00fck Strateji \u00dczerine\u0130ncelemeler\u201d dersi vermektedir. Gaddis,<span class=\"excerpt-hellip\"> [\u2026]<\/span><\/p>\n","protected":false},"featured_media":0,"template":"","meta":{"_monsterinsights_skip_tracking":false,"_monsterinsights_sitenote_active":false,"_monsterinsights_sitenote_note":"","_monsterinsights_sitenote_category":0},"product_brand":[],"product_cat":[12370,12304],"product_tag":[],"class_list":{"0":"post-749195","1":"product","2":"type-product","3":"status-publish","5":"product_cat-arastirma-inceleme","6":"product_cat-tarih","7":"pa_cilt-ciltsiz","8":"pa_tur-kitap","9":"pa_yayinevi-epsilon-yayinlari","10":"pa_yazar-john-lewis-gaddis","12":"first","13":"instock","14":"sale","15":"shipping-taxable","16":"purchasable","17":"product-type-simple"},"_links":{"self":[{"href":"https:\/\/roveyayinevi.com.tr\/index.php\/wp-json\/wp\/v2\/product\/749195","targetHints":{"allow":["GET"]}}],"collection":[{"href":"https:\/\/roveyayinevi.com.tr\/index.php\/wp-json\/wp\/v2\/product"}],"about":[{"href":"https:\/\/roveyayinevi.com.tr\/index.php\/wp-json\/wp\/v2\/types\/product"}],"wp:attachment":[{"href":"https:\/\/roveyayinevi.com.tr\/index.php\/wp-json\/wp\/v2\/media?parent=749195"}],"wp:term":[{"taxonomy":"product_brand","embeddable":true,"href":"https:\/\/roveyayinevi.com.tr\/index.php\/wp-json\/wp\/v2\/product_brand?post=749195"},{"taxonomy":"product_cat","embeddable":true,"href":"https:\/\/roveyayinevi.com.tr\/index.php\/wp-json\/wp\/v2\/product_cat?post=749195"},{"taxonomy":"product_tag","embeddable":true,"href":"https:\/\/roveyayinevi.com.tr\/index.php\/wp-json\/wp\/v2\/product_tag?post=749195"}],"curies":[{"name":"wp","href":"https:\/\/api.w.org\/{rel}","templated":true}]}}