{"id":749191,"date":"2025-08-28T03:49:31","date_gmt":"2025-08-28T00:49:31","guid":{"rendered":"https:\/\/roveyayinevi.com.tr\/index.php\/urun\/ilkcag-felsefe-tarihi-2\/"},"modified":"2026-04-16T03:01:46","modified_gmt":"2026-04-16T00:01:46","slug":"ilkcag-felsefe-tarihi-2","status":"publish","type":"product","link":"https:\/\/roveyayinevi.com.tr\/index.php\/urun\/ilkcag-felsefe-tarihi-2\/","title":{"rendered":"\u0130lk\u00e7a\u011f Felsefe Tarihi 2"},"content":{"rendered":"<p>\u0130lk\u00e7a\u011f felsefesi denildi\u011finde tek bir anlay\u0131\u015ftan bahsetmek m\u00fcmk\u00fcn de\u011fildir. Olduk\u00e7a geni\u015f bir zaman aral\u0131\u011f\u0131na yay\u0131lm\u0131\u015f bu d\u00f6nem, tam tersine, \u00e7ok farkl\u0131 filozof ve yakla\u015f\u0131mlar\u0131 i\u00e7ermektedir. Bu bak\u0131mdan, kendinden \u00f6nceki d\u00f6nemlerle k\u0131yasland\u0131\u011f\u0131nda, insana ve evrene ili\u015fkin yeni bir kavray\u0131\u015f bi\u00e7iminin yan\u0131 s\u0131ra bu yeni tutumun tarihsel olarak farkl\u0131 ekoller \u00fczerinden \u00e7e\u015fitlenmesini de temsil eder. Ahmet Arslan\u2019\u0131n be\u015f ciltlik  \u0130lk\u00e7a\u011f Felsefe Tarihi serisinin ilk cildinde, ba\u015flang\u0131c\u0131ndan Sofistlere kadar olan d\u00f6nem Yunan felsefesinin ortaya \u00e7\u0131k\u0131\u015f\u0131, geli\u015fimi ve belli ba\u015fl\u0131 temsilcilerinin g\u00f6r\u00fc\u015fleri \u00fczerinden veriliyor. \u0130kinci ciltte Sofistlerden ba\u015flayarak Sokrates, k\u00fc\u00e7\u00fck Sokrates\u00e7i okullar ve Platon felsefesi ele al\u0131n\u0131yor. \u00dc\u00e7\u00fcnc\u00fc cilt ise t\u00fcm\u00fcyle, hem orta\u00e7a\u011f \u0130slam felsefesi hem de ge\u00e7 d\u00f6nem H\u0131ristiyan orta\u00e7a\u011f felsefesi tarihi bak\u0131m\u0131ndan \u00f6zel \u00f6neme sahip, M\u00fcsl\u00fcmanlar\u0131n \u201c\u0130lk \u00d6\u011fretmen\u201d olarak nitelendirdikleri Aristoteles\u2019e ayr\u0131lm\u0131\u015ft\u0131r. Helenistik d\u00f6nemin Epikuros\u00e7uluk, Stoac\u0131l\u0131k ve Septiklik diye bilinen \u00fc\u00e7 okulu d\u00f6rd\u00fcnc\u00fc cildin konusunu olu\u015fturmakta. Be\u015finci cilt ise, Roma d\u00f6nemi i\u00e7inde yer alan Plotinos ve onun kurucusu oldu\u011fu Yeni-Platonculuk ile ilk d\u00f6nem H\u0131ristiyan Kilise Babalar\u0131n\u0131n felsefi g\u00f6r\u00fc\u015flerine ayr\u0131lm\u0131\u015ft\u0131r.<\/p>\n","protected":false},"excerpt":{"rendered":"<p>\u0130lk\u00e7a\u011f felsefesi denildi\u011finde tek bir anlay\u0131\u015ftan bahsetmek m\u00fcmk\u00fcn de\u011fildir. Olduk\u00e7a geni\u015f bir zaman aral\u0131\u011f\u0131na yay\u0131lm\u0131\u015f bu d\u00f6nem, tam tersine, \u00e7ok farkl\u0131 filozof ve yakla\u015f\u0131mlar\u0131 i\u00e7ermektedir. Bu<span class=\"excerpt-hellip\"> [\u2026]<\/span><\/p>\n","protected":false},"featured_media":0,"template":"","meta":{"_monsterinsights_skip_tracking":false,"_monsterinsights_sitenote_active":false,"_monsterinsights_sitenote_note":"","_monsterinsights_sitenote_category":0},"product_brand":[],"product_cat":[12388,14717],"product_tag":[],"class_list":{"0":"post-749191","1":"product","2":"type-product","3":"status-publish","5":"product_cat-felsefe","6":"product_cat-felsefe-tarihi","7":"pa_cilt-ciltsiz","8":"pa_tur-kitap","9":"pa_yayinevi-alfa-yayinlari","10":"pa_yazar-ahmet-arslan","12":"first","13":"instock","14":"sale","15":"shipping-taxable","16":"purchasable","17":"product-type-simple"},"_links":{"self":[{"href":"https:\/\/roveyayinevi.com.tr\/index.php\/wp-json\/wp\/v2\/product\/749191","targetHints":{"allow":["GET"]}}],"collection":[{"href":"https:\/\/roveyayinevi.com.tr\/index.php\/wp-json\/wp\/v2\/product"}],"about":[{"href":"https:\/\/roveyayinevi.com.tr\/index.php\/wp-json\/wp\/v2\/types\/product"}],"wp:attachment":[{"href":"https:\/\/roveyayinevi.com.tr\/index.php\/wp-json\/wp\/v2\/media?parent=749191"}],"wp:term":[{"taxonomy":"product_brand","embeddable":true,"href":"https:\/\/roveyayinevi.com.tr\/index.php\/wp-json\/wp\/v2\/product_brand?post=749191"},{"taxonomy":"product_cat","embeddable":true,"href":"https:\/\/roveyayinevi.com.tr\/index.php\/wp-json\/wp\/v2\/product_cat?post=749191"},{"taxonomy":"product_tag","embeddable":true,"href":"https:\/\/roveyayinevi.com.tr\/index.php\/wp-json\/wp\/v2\/product_tag?post=749191"}],"curies":[{"name":"wp","href":"https:\/\/api.w.org\/{rel}","templated":true}]}}