{"id":749189,"date":"2025-08-28T03:49:29","date_gmt":"2025-08-28T00:49:29","guid":{"rendered":"https:\/\/roveyayinevi.com.tr\/index.php\/urun\/stratonikeia-calismalari-8-ciltli\/"},"modified":"2026-04-16T03:01:46","modified_gmt":"2026-04-16T00:01:46","slug":"stratonikeia-calismalari-8-ciltli","status":"publish","type":"product","link":"https:\/\/roveyayinevi.com.tr\/index.php\/urun\/stratonikeia-calismalari-8-ciltli\/","title":{"rendered":"Stratonikeia \u00c7al\u0131\u015fmalar\u0131 8 (Ciltli)"},"content":{"rendered":"<p>Bu \u00e7al\u0131\u015fmada, Strabon\u2019un s\u00f6ylemiyle Karia B\u00f6lgesi\u2019nin en \u00f6nemli \u00fc\u00e7 kentinden birisi olan Stratonikeia\u2019n\u0131n Savunma Sistemi ele al\u0131nm\u0131\u015ft\u0131r. Bu kapsamda savunmay\u0131 olu\u015fturan Hellenistik D\u00f6nem \u00f6ncesi Stratonikeia Kad\u0131kulesi S\u0131\u011f\u0131nma Kalesi, bu yap\u0131ya entegre kap\u0131, kule, savunma duvarlar\u0131 ile Hellenistik D\u00f6nem savunma duvarlar\u0131 ve Roma D\u00f6nemi\u2019nde surdaki de\u011fi\u015fimle ona entegre edilen kap\u0131, tasar\u0131m, yap\u0131lar\u0131n duvar \u00f6rg\u00fc teknikleri, taktiksel savunma stratejisi, kentin ve b\u00f6lgenin siyasi s\u00fcreci i\u00e7erisinde de\u011ferlendirilmi\u015ftir. Bu y\u00f6n\u00fcyle eser, ba\u015fta Arkeoloji olmak \u00fczere Tarih, Mimarl\u0131k ve Sanat Tarihi alan\u0131yla ilgili okuyucular\u0131n ilgisini \u00e7ekecek niteliktedir.<\/p>\n","protected":false},"excerpt":{"rendered":"<p>Bu \u00e7al\u0131\u015fmada, Strabon\u2019un s\u00f6ylemiyle Karia B\u00f6lgesi\u2019nin en \u00f6nemli \u00fc\u00e7 kentinden birisi olan Stratonikeia\u2019n\u0131n Savunma Sistemi ele al\u0131nm\u0131\u015ft\u0131r. Bu kapsamda savunmay\u0131 olu\u015fturan Hellenistik D\u00f6nem \u00f6ncesi Stratonikeia Kad\u0131kulesi<span class=\"excerpt-hellip\"> [\u2026]<\/span><\/p>\n","protected":false},"featured_media":0,"template":"","meta":{"_monsterinsights_skip_tracking":false,"_monsterinsights_sitenote_active":false,"_monsterinsights_sitenote_note":"","_monsterinsights_sitenote_category":0},"product_brand":[],"product_cat":[52477,52478],"product_tag":[],"class_list":{"0":"post-749189","1":"product","2":"type-product","3":"status-publish","5":"product_cat-arastirma","6":"product_cat-arkeoloji","7":"pa_cilt-ciltli","8":"pa_tur-kitap","9":"pa_yayinevi-bilgin-kultur-sanat","10":"pa_yazar-m-tuncay-ozdemir","12":"first","13":"instock","14":"sale","15":"shipping-taxable","16":"purchasable","17":"product-type-simple"},"_links":{"self":[{"href":"https:\/\/roveyayinevi.com.tr\/index.php\/wp-json\/wp\/v2\/product\/749189","targetHints":{"allow":["GET"]}}],"collection":[{"href":"https:\/\/roveyayinevi.com.tr\/index.php\/wp-json\/wp\/v2\/product"}],"about":[{"href":"https:\/\/roveyayinevi.com.tr\/index.php\/wp-json\/wp\/v2\/types\/product"}],"wp:attachment":[{"href":"https:\/\/roveyayinevi.com.tr\/index.php\/wp-json\/wp\/v2\/media?parent=749189"}],"wp:term":[{"taxonomy":"product_brand","embeddable":true,"href":"https:\/\/roveyayinevi.com.tr\/index.php\/wp-json\/wp\/v2\/product_brand?post=749189"},{"taxonomy":"product_cat","embeddable":true,"href":"https:\/\/roveyayinevi.com.tr\/index.php\/wp-json\/wp\/v2\/product_cat?post=749189"},{"taxonomy":"product_tag","embeddable":true,"href":"https:\/\/roveyayinevi.com.tr\/index.php\/wp-json\/wp\/v2\/product_tag?post=749189"}],"curies":[{"name":"wp","href":"https:\/\/api.w.org\/{rel}","templated":true}]}}