{"id":749188,"date":"2025-08-28T03:49:28","date_gmt":"2025-08-28T00:49:28","guid":{"rendered":"https:\/\/roveyayinevi.com.tr\/index.php\/urun\/marsta-satranc\/"},"modified":"2026-04-16T03:01:46","modified_gmt":"2026-04-16T00:01:46","slug":"marsta-satranc","status":"publish","type":"product","link":"https:\/\/roveyayinevi.com.tr\/index.php\/urun\/marsta-satranc\/","title":{"rendered":"Mars&#8217;ta Satran\u00e7"},"content":{"rendered":"<p>Thuvia\u2019da o\u011flunun ba\u015f\u0131ndan ge\u00e7enleri hikaye eden John Carter, Mars\u2019ta Satran\u00e7\u2019ta da k\u0131z\u0131 Heliumlu Tara\u2019n\u0131n ba\u015f\u0131ndan ge\u00e7enleri anlat\u0131r. Kitapta Tara\u2019n\u0131n Gathol Prensi Gahan\u2019la tan\u0131\u015fmas\u0131, k\u00fc\u00e7\u00fck u\u00e7a\u011f\u0131yla gezintiye \u00e7\u0131kt\u0131\u011f\u0131nda korkun\u00e7 bir kas\u0131rgaya yakalan\u0131p Barsoom\u2019un hi\u00e7 bilmedi\u011fi bir b\u00f6lgesine s\u00fcr\u00fcklenmesi, burada at biner gibi bindikleri ve Rykor ad\u0131n\u0131 verdikleri ba\u015f\u0131 olmayan insana benzer yarat\u0131klarla ortakya\u015far bir ili\u015fki kuran yenge\u00e7 bacakl\u0131 ve g\u00f6vdesi olmayan b\u00fcy\u00fck kafalar, Kaldane\u2019ler taraf\u0131ndan tutsak al\u0131nmas\u0131; Tara\u2019ya a\u015f\u0131k olan Gahan\u2019\u0131n onu kurtarmak i\u00e7in yola \u00e7\u0131kmas\u0131, gemisinden d\u00fc\u015f\u00fcp kaybolmas\u0131, rastlant\u0131yla Tara\u2019n\u0131n oldu\u011fu b\u00f6lgeye gelmesi, kendisi de bir Kaldane olan Ghek\u2019in yard\u0131m\u0131yla Tara\u2019y\u0131 kurtarmas\u0131; \u00fc\u00e7\u00fcn\u00fcn birden yine bilinmedik bir kent olan Manator\u2019a gelmeleri burada tutsak al\u0131nmalar\u0131; t\u00fcm Barsoom\u2019da oynanan ve satranca benzeyen jetan adl\u0131 oyunun Manator\u2019da tutsaklar\u0131n jetan ta\u015f\u0131 olarak kullan\u0131l\u0131p \u00f6l\u00fcm\u00fcne d\u00f6v\u00fc\u015fmeye zorland\u0131klar\u0131 jetan oyunu Edgar Rice Burroughs\u2019un kendine \u00f6zg\u00fc anlat\u0131m\u0131yla hikaye edilir.<\/p>\n","protected":false},"excerpt":{"rendered":"<p>Thuvia\u2019da o\u011flunun ba\u015f\u0131ndan ge\u00e7enleri hikaye eden John Carter, Mars\u2019ta Satran\u00e7\u2019ta da k\u0131z\u0131 Heliumlu Tara\u2019n\u0131n ba\u015f\u0131ndan ge\u00e7enleri anlat\u0131r. Kitapta Tara\u2019n\u0131n Gathol Prensi Gahan\u2019la tan\u0131\u015fmas\u0131, k\u00fc\u00e7\u00fck u\u00e7a\u011f\u0131yla gezintiye<span class=\"excerpt-hellip\"> [\u2026]<\/span><\/p>\n","protected":false},"featured_media":0,"template":"","meta":{"_monsterinsights_skip_tracking":false,"_monsterinsights_sitenote_active":false,"_monsterinsights_sitenote_note":"","_monsterinsights_sitenote_category":0},"product_brand":[],"product_cat":[12540,12291],"product_tag":[],"class_list":{"0":"post-749188","1":"product","2":"type-product","3":"status-publish","5":"product_cat-bilim-kurgu","6":"product_cat-edebiyat","7":"pa_cilt-ciltsiz","8":"pa_tur-kitap","9":"pa_yayinevi-bilgesu-yayincilik","10":"pa_yazar-edgar-rice-burroughs","12":"first","13":"instock","14":"sale","15":"shipping-taxable","16":"purchasable","17":"product-type-simple"},"_links":{"self":[{"href":"https:\/\/roveyayinevi.com.tr\/index.php\/wp-json\/wp\/v2\/product\/749188","targetHints":{"allow":["GET"]}}],"collection":[{"href":"https:\/\/roveyayinevi.com.tr\/index.php\/wp-json\/wp\/v2\/product"}],"about":[{"href":"https:\/\/roveyayinevi.com.tr\/index.php\/wp-json\/wp\/v2\/types\/product"}],"wp:attachment":[{"href":"https:\/\/roveyayinevi.com.tr\/index.php\/wp-json\/wp\/v2\/media?parent=749188"}],"wp:term":[{"taxonomy":"product_brand","embeddable":true,"href":"https:\/\/roveyayinevi.com.tr\/index.php\/wp-json\/wp\/v2\/product_brand?post=749188"},{"taxonomy":"product_cat","embeddable":true,"href":"https:\/\/roveyayinevi.com.tr\/index.php\/wp-json\/wp\/v2\/product_cat?post=749188"},{"taxonomy":"product_tag","embeddable":true,"href":"https:\/\/roveyayinevi.com.tr\/index.php\/wp-json\/wp\/v2\/product_tag?post=749188"}],"curies":[{"name":"wp","href":"https:\/\/api.w.org\/{rel}","templated":true}]}}