{"id":749187,"date":"2025-08-28T03:49:26","date_gmt":"2025-08-28T00:49:26","guid":{"rendered":"https:\/\/roveyayinevi.com.tr\/index.php\/urun\/insanustu-gucun-sirri\/"},"modified":"2026-04-16T03:01:46","modified_gmt":"2026-04-16T00:01:46","slug":"insanustu-gucun-sirri","status":"publish","type":"product","link":"https:\/\/roveyayinevi.com.tr\/index.php\/urun\/insanustu-gucun-sirri\/","title":{"rendered":"\u0130nsan\u00fcst\u00fc G\u00fcc\u00fcn S\u0131rr\u0131"},"content":{"rendered":"<p>CENAZE EV\u0130\/\u015eENL\u0130K EV\u0130 ve ANNEM SEN M\u0130S\u0130N? YAZARINDAN YEN\u0130 B\u0130R \u00d6YK\u00dc   Alison Bechdel ya\u015fam\u0131 boyunca insan\u00fcst\u00fc g\u00fcc\u00fcn s\u0131rr\u0131n\u0131 \u00e7\u00f6zmeye \u00e7al\u0131\u015f\u0131r. Aray\u0131\u015f\u0131 onu kitaplara, etkilendi\u011fi yazarlar\u0131n ya\u015fam\u0131n\u0131 incelemeye, bekaret yeminine, \u00e7ok a\u015fkl\u0131 olmaya, ba\u015fkald\u0131r\u0131ya, terapiye, en \u00e7ok da \u00e7e\u015fitli sporlar\u0131 denemeye iter. Kayak, bisiklet, karate, yoga, a\u011f\u0131rl\u0131k kald\u0131rma dahil, nerdeyse her spor dal\u0131nda \u00e7abalay\u0131p durur. Kendi kendine yeterli olma d\u00fc\u015f\u00fcncesi saplant\u0131s\u0131 haline gelir.   Ancak zamanla ya\u015flan\u0131p, eski g\u00fcc\u00fcn\u00fc kaybetmeye ba\u015flad\u0131\u011f\u0131nda kayg\u0131lar\u0131 de\u011fi\u015fir. S\u00fcrekli devinen, bazen de s\u0131k\u0131c\u0131 olan d\u00fcnyada bireyin amac\u0131 g\u00fc\u00e7l\u00fc kaslar edinmek midir? Belki de yazar\u0131n arad\u0131\u011f\u0131 yan\u0131t bulmay\u0131 d\u00fc\u015f\u00fcnd\u00fc\u011f\u00fc yerde de\u011fildir.   \u00dc\u00e7\u00fcnc\u00fc \u00e7izgi \u00f6zya\u015fam \u00f6yk\u00fcs\u00fcnde Alison Bechdel ki\u015filik, kendine zarar verme, \u00f6l\u00fcml\u00fcl\u00fck, ba\u011f\u0131ml\u0131l\u0131k, mutluluk, \u00f6\u011frenme iste\u011fi ve nesillerin ilgi alanlar\u0131 konusunda \u00e7ok katmanl\u0131, ki\u015fisel bir \u00f6yk\u00fc anlat\u0131yor. Evrende varolu\u015fumuzun as\u0131l amac\u0131n\u0131 anlamaya \u00e7al\u0131\u015f\u0131rken kar\u015f\u0131la\u015ft\u0131\u011f\u0131m\u0131z bilmecelerin okuyucuyu g\u00fcl\u00fcmseten ola\u011fand\u0131\u015f\u0131 bir kayd\u0131n\u0131 tutuyor.   <\/p>\n","protected":false},"excerpt":{"rendered":"<p>CENAZE EV\u0130\/\u015eENL\u0130K EV\u0130 ve ANNEM SEN M\u0130S\u0130N? YAZARINDAN YEN\u0130 B\u0130R \u00d6YK\u00dc Alison Bechdel ya\u015fam\u0131 boyunca insan\u00fcst\u00fc g\u00fcc\u00fcn s\u0131rr\u0131n\u0131 \u00e7\u00f6zmeye \u00e7al\u0131\u015f\u0131r. Aray\u0131\u015f\u0131 onu kitaplara, etkilendi\u011fi yazarlar\u0131n ya\u015fam\u0131n\u0131<span class=\"excerpt-hellip\"> [\u2026]<\/span><\/p>\n","protected":false},"featured_media":0,"template":"","meta":{"_monsterinsights_skip_tracking":false,"_monsterinsights_sitenote_active":false,"_monsterinsights_sitenote_note":"","_monsterinsights_sitenote_category":0},"product_brand":[],"product_cat":[12416,12291],"product_tag":[],"class_list":{"0":"post-749187","1":"product","2":"type-product","3":"status-publish","5":"product_cat-cizgi-roman","6":"product_cat-edebiyat","7":"pa_cilt-ciltsiz","8":"pa_tur-kitap","9":"pa_yayinevi-bilgesu-yayincilik","10":"pa_yazar-alison-bechdel","12":"first","13":"instock","14":"sale","15":"shipping-taxable","16":"purchasable","17":"product-type-simple"},"_links":{"self":[{"href":"https:\/\/roveyayinevi.com.tr\/index.php\/wp-json\/wp\/v2\/product\/749187","targetHints":{"allow":["GET"]}}],"collection":[{"href":"https:\/\/roveyayinevi.com.tr\/index.php\/wp-json\/wp\/v2\/product"}],"about":[{"href":"https:\/\/roveyayinevi.com.tr\/index.php\/wp-json\/wp\/v2\/types\/product"}],"wp:attachment":[{"href":"https:\/\/roveyayinevi.com.tr\/index.php\/wp-json\/wp\/v2\/media?parent=749187"}],"wp:term":[{"taxonomy":"product_brand","embeddable":true,"href":"https:\/\/roveyayinevi.com.tr\/index.php\/wp-json\/wp\/v2\/product_brand?post=749187"},{"taxonomy":"product_cat","embeddable":true,"href":"https:\/\/roveyayinevi.com.tr\/index.php\/wp-json\/wp\/v2\/product_cat?post=749187"},{"taxonomy":"product_tag","embeddable":true,"href":"https:\/\/roveyayinevi.com.tr\/index.php\/wp-json\/wp\/v2\/product_tag?post=749187"}],"curies":[{"name":"wp","href":"https:\/\/api.w.org\/{rel}","templated":true}]}}